{"id":657284,"date":"2022-08-30T14:02:13","date_gmt":"2022-08-30T12:02:13","guid":{"rendered":"https:\/\/taboofashion.com\/shop\/viteldij-7715-bot-esernyo\/"},"modified":"2022-08-30T14:02:13","modified_gmt":"2022-08-30T12:02:13","slug":"viteldij-7715-bot-esernyo","status":"publish","type":"product","link":"https:\/\/taboofashion.com\/hu\/shop\/viteldij-7715-bot-esernyo\/","title":{"rendered":"7715 bot eserny\u0151"},"content":{"rendered":"<p>12 mm-es fekete horganyzott ac\u00e9l tengely, fekete puha tapint\u00e1s\u00fa g\u00f6rbe foganty\u00fa rekl\u00e1moz\u00e1si lehet\u0151s\u00e9ggel, \u00fcvegsz\u00e1las bord\u00e1k, biztons\u00e1gi cs\u00faszka be\u00e9p\u00edtett nyom\u00f3gombbal, k\u00e9zi nyit\u00e1s, fekete nikkel hegyek, ford\u00edtott nyit\u00f3 \u00e9s z\u00e1r\u00f3 mechanizmus (az eserny\u0151 z\u00e1rt \u00e1llapot\u00e1ban a nedves r\u00e9teg bel\u00fcl van ), sz\u00e9l\u00e1ll\u00f3 rendszer, k\u00fcls\u0151 bor\u00edt\u00e1s ez\u00fcst f\u00e9nyvisszaver\u0151 cs\u0151vel (v\u00e9d\u0151 funkci\u00f3 n\u00e9lk\u00fcl), 60cm\/8 r\u00e9sz, \u00e1tm\u00e9r\u0151 109cm, hossz z\u00e1rva: kb. 78 cm<\/p>\n","protected":false},"excerpt":{"rendered":"<p>495g, poli\u00e9szter pongee dupla huzat<\/p>\n","protected":false},"featured_media":610264,"template":"","meta":[],"product_cat":[3627],"product_tag":[],"class_list":{"0":"post-657284","1":"product","2":"type-product","3":"status-publish","4":"has-post-thumbnail","6":"product_cat-esernyok","7":"pa_brand-fare-hu","8":"pa_colour-fekete-eurokek","9":"pa_colour-fekete-lime-hu","10":"pa_colour-fekete-narancssarga-hu","11":"pa_colour-fekete-piros-hu","12":"pa_colour-fekete-szurke","13":"pa_size-onesize-hu","15":"first","16":"instock","17":"taxable","18":"shipping-taxable","19":"purchasable","20":"product-type-variable","21":"has-default-attributes"},"yoast_head":"<!-- This site is optimized with the Yoast SEO plugin v21.8 - https:\/\/yoast.com\/wordpress\/plugins\/seo\/ -->\n<title>7715 bot eserny\u0151 &#8211; Fashion shop<\/title>\n<meta name=\"robots\" content=\"index, follow, max-snippet:-1, max-image-preview:large, max-video-preview:-1\" \/>\n<link rel=\"canonical\" href=\"https:\/\/taboofashion.com\/hu\/shop\/viteldij-7715-bot-esernyo\/\" \/>\n<meta property=\"og:locale\" content=\"hu_HU\" \/>\n<meta property=\"og:type\" content=\"article\" \/>\n<meta property=\"og:title\" content=\"7715 bot eserny\u0151 &#8211; Fashion shop\" \/>\n<meta property=\"og:description\" content=\"495g, poli\u00e9szter pongee dupla huzat\" \/>\n<meta property=\"og:url\" content=\"https:\/\/taboofashion.com\/hu\/shop\/viteldij-7715-bot-esernyo\/\" \/>\n<meta property=\"og:site_name\" content=\"Fashion shop\" \/>\n<meta property=\"article:publisher\" content=\"https:\/\/www.facebook.com\/TabooSlovakia\" \/>\n<meta name=\"twitter:card\" content=\"summary_large_image\" \/>\n<script type=\"application\/ld+json\" class=\"yoast-schema-graph\">{\"@context\":\"https:\/\/schema.org\",\"@graph\":[{\"@type\":\"WebPage\",\"@id\":\"https:\/\/taboofashion.com\/hu\/shop\/viteldij-7715-bot-esernyo\/\",\"url\":\"https:\/\/taboofashion.com\/hu\/shop\/viteldij-7715-bot-esernyo\/\",\"name\":\"7715 bot eserny\u0151 &#8211; Fashion shop\",\"isPartOf\":{\"@id\":\"https:\/\/taboofashion.com\/hu\/#website\"},\"datePublished\":\"2022-08-30T12:02:13+00:00\",\"dateModified\":\"2022-08-30T12:02:13+00:00\",\"breadcrumb\":{\"@id\":\"https:\/\/taboofashion.com\/hu\/shop\/viteldij-7715-bot-esernyo\/#breadcrumb\"},\"inLanguage\":\"hu\",\"potentialAction\":[{\"@type\":\"ReadAction\",\"target\":[\"https:\/\/taboofashion.com\/hu\/shop\/viteldij-7715-bot-esernyo\/\"]}]},{\"@type\":\"BreadcrumbList\",\"@id\":\"https:\/\/taboofashion.com\/hu\/shop\/viteldij-7715-bot-esernyo\/#breadcrumb\",\"itemListElement\":[{\"@type\":\"ListItem\",\"position\":1,\"name\":\"Home\",\"item\":\"https:\/\/taboofashion.com\/hu\/\"},{\"@type\":\"ListItem\",\"position\":2,\"name\":\"Bolt\",\"item\":\"https:\/\/taboofashion.com\/hu\/\"},{\"@type\":\"ListItem\",\"position\":3,\"name\":\"7715 bot eserny\u0151\"}]},{\"@type\":\"WebSite\",\"@id\":\"https:\/\/taboofashion.com\/hu\/#website\",\"url\":\"https:\/\/taboofashion.com\/hu\/\",\"name\":\"Fashion shop\",\"description\":\"\",\"publisher\":{\"@id\":\"https:\/\/taboofashion.com\/hu\/#organization\"},\"potentialAction\":[{\"@type\":\"SearchAction\",\"target\":{\"@type\":\"EntryPoint\",\"urlTemplate\":\"https:\/\/taboofashion.com\/hu\/?s={search_term_string}\"},\"query-input\":\"required name=search_term_string\"}],\"inLanguage\":\"hu\"},{\"@type\":\"Organization\",\"@id\":\"https:\/\/taboofashion.com\/hu\/#organization\",\"name\":\"Taboo Slovakia s.r.o.\",\"url\":\"https:\/\/taboofashion.com\/hu\/\",\"logo\":{\"@type\":\"ImageObject\",\"inLanguage\":\"hu\",\"@id\":\"https:\/\/taboofashion.com\/hu\/#\/schema\/logo\/image\/\",\"url\":\"https:\/\/taboofashion.com\/wp-content\/uploads\/2022\/12\/taboologo2100-002.png\",\"contentUrl\":\"https:\/\/taboofashion.com\/wp-content\/uploads\/2022\/12\/taboologo2100-002.png\",\"width\":2100,\"height\":1050,\"caption\":\"Taboo Slovakia s.r.o.\"},\"image\":{\"@id\":\"https:\/\/taboofashion.com\/hu\/#\/schema\/logo\/image\/\"},\"sameAs\":[\"https:\/\/www.facebook.com\/TabooSlovakia\",\"https:\/\/www.linkedin.com\/company\/541747\/\",\"https:\/\/www.instagram.com\/taboofashion.com1\/\"]}]}<\/script>\n<meta property=\"product:brand\" content=\"Fare\" \/>\n<meta property=\"og:availability\" content=\"instock\" \/>\n<meta property=\"product:availability\" content=\"instock\" \/>\n<meta property=\"product:retailer_item_id\" content=\"46771581399\" \/>\n<meta property=\"product:condition\" content=\"new\" \/>\n<!-- \/ Yoast SEO plugin. -->","yoast_head_json":{"title":"7715 bot eserny\u0151 &#8211; Fashion shop","robots":{"index":"index","follow":"follow","max-snippet":"max-snippet:-1","max-image-preview":"max-image-preview:large","max-video-preview":"max-video-preview:-1"},"canonical":"https:\/\/taboofashion.com\/hu\/shop\/viteldij-7715-bot-esernyo\/","og_locale":"hu_HU","og_type":"article","og_title":"7715 bot eserny\u0151 &#8211; Fashion shop","og_description":"495g, poli\u00e9szter pongee dupla huzat","og_url":"https:\/\/taboofashion.com\/hu\/shop\/viteldij-7715-bot-esernyo\/","og_site_name":"Fashion shop","article_publisher":"https:\/\/www.facebook.com\/TabooSlovakia","twitter_card":"summary_large_image","schema":{"@context":"https:\/\/schema.org","@graph":[{"@type":"WebPage","@id":"https:\/\/taboofashion.com\/hu\/shop\/viteldij-7715-bot-esernyo\/","url":"https:\/\/taboofashion.com\/hu\/shop\/viteldij-7715-bot-esernyo\/","name":"7715 bot eserny\u0151 &#8211; Fashion shop","isPartOf":{"@id":"https:\/\/taboofashion.com\/hu\/#website"},"datePublished":"2022-08-30T12:02:13+00:00","dateModified":"2022-08-30T12:02:13+00:00","breadcrumb":{"@id":"https:\/\/taboofashion.com\/hu\/shop\/viteldij-7715-bot-esernyo\/#breadcrumb"},"inLanguage":"hu","potentialAction":[{"@type":"ReadAction","target":["https:\/\/taboofashion.com\/hu\/shop\/viteldij-7715-bot-esernyo\/"]}]},{"@type":"BreadcrumbList","@id":"https:\/\/taboofashion.com\/hu\/shop\/viteldij-7715-bot-esernyo\/#breadcrumb","itemListElement":[{"@type":"ListItem","position":1,"name":"Home","item":"https:\/\/taboofashion.com\/hu\/"},{"@type":"ListItem","position":2,"name":"Bolt","item":"https:\/\/taboofashion.com\/hu\/"},{"@type":"ListItem","position":3,"name":"7715 bot eserny\u0151"}]},{"@type":"WebSite","@id":"https:\/\/taboofashion.com\/hu\/#website","url":"https:\/\/taboofashion.com\/hu\/","name":"Fashion shop","description":"","publisher":{"@id":"https:\/\/taboofashion.com\/hu\/#organization"},"potentialAction":[{"@type":"SearchAction","target":{"@type":"EntryPoint","urlTemplate":"https:\/\/taboofashion.com\/hu\/?s={search_term_string}"},"query-input":"required name=search_term_string"}],"inLanguage":"hu"},{"@type":"Organization","@id":"https:\/\/taboofashion.com\/hu\/#organization","name":"Taboo Slovakia s.r.o.","url":"https:\/\/taboofashion.com\/hu\/","logo":{"@type":"ImageObject","inLanguage":"hu","@id":"https:\/\/taboofashion.com\/hu\/#\/schema\/logo\/image\/","url":"https:\/\/taboofashion.com\/wp-content\/uploads\/2022\/12\/taboologo2100-002.png","contentUrl":"https:\/\/taboofashion.com\/wp-content\/uploads\/2022\/12\/taboologo2100-002.png","width":2100,"height":1050,"caption":"Taboo Slovakia s.r.o."},"image":{"@id":"https:\/\/taboofashion.com\/hu\/#\/schema\/logo\/image\/"},"sameAs":["https:\/\/www.facebook.com\/TabooSlovakia","https:\/\/www.linkedin.com\/company\/541747\/","https:\/\/www.instagram.com\/taboofashion.com1\/"]}]},"product_brand":"Fare","og_availability":"instock","product_availability":"instock","product_retailer_item_id":"46771581399","product_condition":"new"},"_links":{"self":[{"href":"https:\/\/taboofashion.com\/hu\/wp-json\/wp\/v2\/product\/657284","targetHints":{"allow":["GET"]}}],"collection":[{"href":"https:\/\/taboofashion.com\/hu\/wp-json\/wp\/v2\/product"}],"about":[{"href":"https:\/\/taboofashion.com\/hu\/wp-json\/wp\/v2\/types\/product"}],"wp:featuredmedia":[{"embeddable":true,"href":"https:\/\/taboofashion.com\/hu\/wp-json\/wp\/v2\/media\/610264"}],"wp:attachment":[{"href":"https:\/\/taboofashion.com\/hu\/wp-json\/wp\/v2\/media?parent=657284"}],"wp:term":[{"taxonomy":"product_cat","embeddable":true,"href":"https:\/\/taboofashion.com\/hu\/wp-json\/wp\/v2\/product_cat?post=657284"},{"taxonomy":"product_tag","embeddable":true,"href":"https:\/\/taboofashion.com\/hu\/wp-json\/wp\/v2\/product_tag?post=657284"}],"curies":[{"name":"wp","href":"https:\/\/api.w.org\/{rel}","templated":true}]}}