{"id":657309,"date":"2022-08-30T13:59:56","date_gmt":"2022-08-30T11:59:56","guid":{"rendered":"https:\/\/taboofashion.com\/shop\/viteldij-5471-aoc-mini-osszecsukhato-esernyo-safebrella-led-light\/"},"modified":"2022-08-30T13:59:56","modified_gmt":"2022-08-30T11:59:56","slug":"viteldij-5471-aoc-mini-osszecsukhato-esernyo-safebrella-led-light","status":"publish","type":"product","link":"https:\/\/taboofashion.com\/hu\/shop\/viteldij-5471-aoc-mini-osszecsukhato-esernyo-safebrella-led-light\/","title":{"rendered":"5471 AOC Mini \u00f6sszecsukhat\u00f3 eserny\u0151 Safebrella\u00ae LED l\u00e1mpa"},"content":{"rendered":"<p>Dupla automata zsebes eserny\u0151 reflektorokkal \u00e9s LED l\u00e1mp\u00e1val, v\u00edz- \u00e9s szennyez\u0151d\u00e9stasz\u00edt\u00f3 burkolat az eredeti DuPont\u2122 Teflon\u00ae sz\u00f6vetv\u00e9d\u0151 r\u00e9v\u00e9n, sz\u00e9l\u00e1ll\u00f3 rendszer rugalmas Fibertec\u00ae bord\u00e1s szerkezettel a nagyobb rugalmass\u00e1g \u00e9rdek\u00e9ben, foganty\u00fa forgathat\u00f3 LED l\u00e1mp\u00e1val, foganty\u00fa led l\u00e1mp\u00e1val, cser\u00e9lhet\u0151 folyamatos feh\u00e9r f\u00e9nyre \u00e9s villog\u00f3 piros f\u00e9nyre, az \u00e9k sarkain\u00e1l 3M\u2122 Scotchlite\u2122 f\u00e9nyvisszaver\u0151 anyaggal fedj\u00fck le, \u00e1tm\u00e9r\u0151je 97 cm, z\u00e1rt hossza: kb. 32 cm<\/p>\n","protected":false},"excerpt":{"rendered":"<p>394 g, poli\u00e9szter pongee<\/p>\n","protected":false},"featured_media":610268,"template":"","meta":[],"product_cat":[3627],"product_tag":[],"class_list":{"0":"post-657309","1":"product","2":"type-product","3":"status-publish","4":"has-post-thumbnail","6":"product_cat-esernyok","7":"pa_brand-fare-hu","8":"pa_colour-fekete","9":"pa_colour-piros","10":"pa_colour-szurke","11":"pa_colour-tengereszgyalogsag","12":"pa_size-onesize-hu","14":"first","15":"instock","16":"taxable","17":"shipping-taxable","18":"purchasable","19":"product-type-variable","20":"has-default-attributes"},"yoast_head":"<!-- This site is optimized with the Yoast SEO plugin v21.8 - https:\/\/yoast.com\/wordpress\/plugins\/seo\/ -->\n<title>5471 AOC Mini \u00f6sszecsukhat\u00f3 eserny\u0151 Safebrella\u00ae LED l\u00e1mpa &#8211; Fashion shop<\/title>\n<meta name=\"robots\" content=\"index, follow, max-snippet:-1, max-image-preview:large, max-video-preview:-1\" \/>\n<link rel=\"canonical\" href=\"https:\/\/taboofashion.com\/hu\/shop\/viteldij-5471-aoc-mini-osszecsukhato-esernyo-safebrella-led-light\/\" \/>\n<meta property=\"og:locale\" content=\"hu_HU\" \/>\n<meta property=\"og:type\" content=\"article\" \/>\n<meta property=\"og:title\" content=\"5471 AOC Mini \u00f6sszecsukhat\u00f3 eserny\u0151 Safebrella\u00ae LED l\u00e1mpa &#8211; Fashion shop\" \/>\n<meta property=\"og:description\" content=\"394 g, poli\u00e9szter pongee\" \/>\n<meta property=\"og:url\" content=\"https:\/\/taboofashion.com\/hu\/shop\/viteldij-5471-aoc-mini-osszecsukhato-esernyo-safebrella-led-light\/\" \/>\n<meta property=\"og:site_name\" content=\"Fashion shop\" \/>\n<meta property=\"article:publisher\" content=\"https:\/\/www.facebook.com\/TabooSlovakia\" \/>\n<meta name=\"twitter:card\" content=\"summary_large_image\" \/>\n<script type=\"application\/ld+json\" class=\"yoast-schema-graph\">{\"@context\":\"https:\/\/schema.org\",\"@graph\":[{\"@type\":\"WebPage\",\"@id\":\"https:\/\/taboofashion.com\/hu\/shop\/viteldij-5471-aoc-mini-osszecsukhato-esernyo-safebrella-led-light\/\",\"url\":\"https:\/\/taboofashion.com\/hu\/shop\/viteldij-5471-aoc-mini-osszecsukhato-esernyo-safebrella-led-light\/\",\"name\":\"5471 AOC Mini \u00f6sszecsukhat\u00f3 eserny\u0151 Safebrella\u00ae LED l\u00e1mpa &#8211; Fashion shop\",\"isPartOf\":{\"@id\":\"https:\/\/taboofashion.com\/hu\/#website\"},\"datePublished\":\"2022-08-30T11:59:56+00:00\",\"dateModified\":\"2022-08-30T11:59:56+00:00\",\"breadcrumb\":{\"@id\":\"https:\/\/taboofashion.com\/hu\/shop\/viteldij-5471-aoc-mini-osszecsukhato-esernyo-safebrella-led-light\/#breadcrumb\"},\"inLanguage\":\"hu\",\"potentialAction\":[{\"@type\":\"ReadAction\",\"target\":[\"https:\/\/taboofashion.com\/hu\/shop\/viteldij-5471-aoc-mini-osszecsukhato-esernyo-safebrella-led-light\/\"]}]},{\"@type\":\"BreadcrumbList\",\"@id\":\"https:\/\/taboofashion.com\/hu\/shop\/viteldij-5471-aoc-mini-osszecsukhato-esernyo-safebrella-led-light\/#breadcrumb\",\"itemListElement\":[{\"@type\":\"ListItem\",\"position\":1,\"name\":\"Home\",\"item\":\"https:\/\/taboofashion.com\/hu\/\"},{\"@type\":\"ListItem\",\"position\":2,\"name\":\"Bolt\",\"item\":\"https:\/\/taboofashion.com\/hu\/\"},{\"@type\":\"ListItem\",\"position\":3,\"name\":\"5471 AOC Mini \u00f6sszecsukhat\u00f3 eserny\u0151 Safebrella\u00ae LED l\u00e1mpa\"}]},{\"@type\":\"WebSite\",\"@id\":\"https:\/\/taboofashion.com\/hu\/#website\",\"url\":\"https:\/\/taboofashion.com\/hu\/\",\"name\":\"Fashion shop\",\"description\":\"\",\"publisher\":{\"@id\":\"https:\/\/taboofashion.com\/hu\/#organization\"},\"potentialAction\":[{\"@type\":\"SearchAction\",\"target\":{\"@type\":\"EntryPoint\",\"urlTemplate\":\"https:\/\/taboofashion.com\/hu\/?s={search_term_string}\"},\"query-input\":\"required name=search_term_string\"}],\"inLanguage\":\"hu\"},{\"@type\":\"Organization\",\"@id\":\"https:\/\/taboofashion.com\/hu\/#organization\",\"name\":\"Taboo Slovakia s.r.o.\",\"url\":\"https:\/\/taboofashion.com\/hu\/\",\"logo\":{\"@type\":\"ImageObject\",\"inLanguage\":\"hu\",\"@id\":\"https:\/\/taboofashion.com\/hu\/#\/schema\/logo\/image\/\",\"url\":\"https:\/\/taboofashion.com\/wp-content\/uploads\/2022\/12\/taboologo2100-002.png\",\"contentUrl\":\"https:\/\/taboofashion.com\/wp-content\/uploads\/2022\/12\/taboologo2100-002.png\",\"width\":2100,\"height\":1050,\"caption\":\"Taboo Slovakia s.r.o.\"},\"image\":{\"@id\":\"https:\/\/taboofashion.com\/hu\/#\/schema\/logo\/image\/\"},\"sameAs\":[\"https:\/\/www.facebook.com\/TabooSlovakia\",\"https:\/\/www.linkedin.com\/company\/541747\/\",\"https:\/\/www.instagram.com\/taboofashion.com1\/\"]}]}<\/script>\n<meta property=\"product:brand\" content=\"Fare\" \/>\n<meta property=\"og:availability\" content=\"instock\" \/>\n<meta property=\"product:availability\" content=\"instock\" \/>\n<meta property=\"product:retailer_item_id\" content=\"46547100299\" \/>\n<meta property=\"product:condition\" content=\"new\" \/>\n<!-- \/ Yoast SEO plugin. -->","yoast_head_json":{"title":"5471 AOC Mini \u00f6sszecsukhat\u00f3 eserny\u0151 Safebrella\u00ae LED l\u00e1mpa &#8211; Fashion shop","robots":{"index":"index","follow":"follow","max-snippet":"max-snippet:-1","max-image-preview":"max-image-preview:large","max-video-preview":"max-video-preview:-1"},"canonical":"https:\/\/taboofashion.com\/hu\/shop\/viteldij-5471-aoc-mini-osszecsukhato-esernyo-safebrella-led-light\/","og_locale":"hu_HU","og_type":"article","og_title":"5471 AOC Mini \u00f6sszecsukhat\u00f3 eserny\u0151 Safebrella\u00ae LED l\u00e1mpa &#8211; Fashion shop","og_description":"394 g, poli\u00e9szter pongee","og_url":"https:\/\/taboofashion.com\/hu\/shop\/viteldij-5471-aoc-mini-osszecsukhato-esernyo-safebrella-led-light\/","og_site_name":"Fashion shop","article_publisher":"https:\/\/www.facebook.com\/TabooSlovakia","twitter_card":"summary_large_image","schema":{"@context":"https:\/\/schema.org","@graph":[{"@type":"WebPage","@id":"https:\/\/taboofashion.com\/hu\/shop\/viteldij-5471-aoc-mini-osszecsukhato-esernyo-safebrella-led-light\/","url":"https:\/\/taboofashion.com\/hu\/shop\/viteldij-5471-aoc-mini-osszecsukhato-esernyo-safebrella-led-light\/","name":"5471 AOC Mini \u00f6sszecsukhat\u00f3 eserny\u0151 Safebrella\u00ae LED l\u00e1mpa &#8211; Fashion shop","isPartOf":{"@id":"https:\/\/taboofashion.com\/hu\/#website"},"datePublished":"2022-08-30T11:59:56+00:00","dateModified":"2022-08-30T11:59:56+00:00","breadcrumb":{"@id":"https:\/\/taboofashion.com\/hu\/shop\/viteldij-5471-aoc-mini-osszecsukhato-esernyo-safebrella-led-light\/#breadcrumb"},"inLanguage":"hu","potentialAction":[{"@type":"ReadAction","target":["https:\/\/taboofashion.com\/hu\/shop\/viteldij-5471-aoc-mini-osszecsukhato-esernyo-safebrella-led-light\/"]}]},{"@type":"BreadcrumbList","@id":"https:\/\/taboofashion.com\/hu\/shop\/viteldij-5471-aoc-mini-osszecsukhato-esernyo-safebrella-led-light\/#breadcrumb","itemListElement":[{"@type":"ListItem","position":1,"name":"Home","item":"https:\/\/taboofashion.com\/hu\/"},{"@type":"ListItem","position":2,"name":"Bolt","item":"https:\/\/taboofashion.com\/hu\/"},{"@type":"ListItem","position":3,"name":"5471 AOC Mini \u00f6sszecsukhat\u00f3 eserny\u0151 Safebrella\u00ae LED l\u00e1mpa"}]},{"@type":"WebSite","@id":"https:\/\/taboofashion.com\/hu\/#website","url":"https:\/\/taboofashion.com\/hu\/","name":"Fashion shop","description":"","publisher":{"@id":"https:\/\/taboofashion.com\/hu\/#organization"},"potentialAction":[{"@type":"SearchAction","target":{"@type":"EntryPoint","urlTemplate":"https:\/\/taboofashion.com\/hu\/?s={search_term_string}"},"query-input":"required name=search_term_string"}],"inLanguage":"hu"},{"@type":"Organization","@id":"https:\/\/taboofashion.com\/hu\/#organization","name":"Taboo Slovakia s.r.o.","url":"https:\/\/taboofashion.com\/hu\/","logo":{"@type":"ImageObject","inLanguage":"hu","@id":"https:\/\/taboofashion.com\/hu\/#\/schema\/logo\/image\/","url":"https:\/\/taboofashion.com\/wp-content\/uploads\/2022\/12\/taboologo2100-002.png","contentUrl":"https:\/\/taboofashion.com\/wp-content\/uploads\/2022\/12\/taboologo2100-002.png","width":2100,"height":1050,"caption":"Taboo Slovakia s.r.o."},"image":{"@id":"https:\/\/taboofashion.com\/hu\/#\/schema\/logo\/image\/"},"sameAs":["https:\/\/www.facebook.com\/TabooSlovakia","https:\/\/www.linkedin.com\/company\/541747\/","https:\/\/www.instagram.com\/taboofashion.com1\/"]}]},"product_brand":"Fare","og_availability":"instock","product_availability":"instock","product_retailer_item_id":"46547100299","product_condition":"new"},"_links":{"self":[{"href":"https:\/\/taboofashion.com\/hu\/wp-json\/wp\/v2\/product\/657309","targetHints":{"allow":["GET"]}}],"collection":[{"href":"https:\/\/taboofashion.com\/hu\/wp-json\/wp\/v2\/product"}],"about":[{"href":"https:\/\/taboofashion.com\/hu\/wp-json\/wp\/v2\/types\/product"}],"wp:featuredmedia":[{"embeddable":true,"href":"https:\/\/taboofashion.com\/hu\/wp-json\/wp\/v2\/media\/610268"}],"wp:attachment":[{"href":"https:\/\/taboofashion.com\/hu\/wp-json\/wp\/v2\/media?parent=657309"}],"wp:term":[{"taxonomy":"product_cat","embeddable":true,"href":"https:\/\/taboofashion.com\/hu\/wp-json\/wp\/v2\/product_cat?post=657309"},{"taxonomy":"product_tag","embeddable":true,"href":"https:\/\/taboofashion.com\/hu\/wp-json\/wp\/v2\/product_tag?post=657309"}],"curies":[{"name":"wp","href":"https:\/\/api.w.org\/{rel}","templated":true}]}}