{"id":657333,"date":"2022-08-30T13:57:14","date_gmt":"2022-08-30T11:57:14","guid":{"rendered":"https:\/\/taboofashion.com\/shop\/viteldij-5415-kettos-automata-osszecsukhato-esernyo\/"},"modified":"2022-08-30T13:57:14","modified_gmt":"2022-08-30T11:57:14","slug":"viteldij-5415-kettos-automata-osszecsukhato-esernyo","status":"publish","type":"product","link":"https:\/\/taboofashion.com\/hu\/shop\/viteldij-5415-kettos-automata-osszecsukhato-esernyo\/","title":{"rendered":"5415 Kett\u0151s automata \u00f6sszecsukhat\u00f3 eserny\u0151"},"content":{"rendered":"<p>3 r\u00e9szes keret fekete ac\u00e9l ny\u00e9llel, puha tapint\u00e1s\u00fa foganty\u00fa integr\u00e1lt nyom\u00f3gombbal \u00e9s rekl\u00e1m lehet\u0151s\u00e9ggel, fekete m\u0171anyag hegyek, tok t\u00e9p\u0151z\u00e1rral, automatikusan ny\u00edlik \u00e9s z\u00e1r\u00f3dik, ford\u00edtott nyit\u00f3 \u00e9s z\u00e1r\u00f3 mechanizmus, sz\u00e9l\u00e1ll\u00f3 rendszer, 58cm\/8 r\u00e9szes , \u00e1tm\u00e9r\u0151 105cm, hossz z\u00e1rva: kb. 31,5 cm<\/p>\n","protected":false},"excerpt":{"rendered":"<p>395g, poli\u00e9szter pongee<\/p>\n","protected":false},"featured_media":610270,"template":"","meta":[],"product_cat":[3627],"product_tag":[],"class_list":{"0":"post-657333","1":"product","2":"type-product","3":"status-publish","4":"has-post-thumbnail","6":"product_cat-esernyok","7":"pa_brand-fare-hu","8":"pa_colour-feher","9":"pa_colour-fekete","10":"pa_colour-piros","11":"pa_colour-szurke","12":"pa_colour-tengereszgyalogsag","13":"pa_size-onesize-hu","15":"first","16":"instock","17":"taxable","18":"shipping-taxable","19":"purchasable","20":"product-type-variable","21":"has-default-attributes"},"yoast_head":"<!-- This site is optimized with the Yoast SEO plugin v21.8 - https:\/\/yoast.com\/wordpress\/plugins\/seo\/ -->\n<title>5415 Kett\u0151s automata \u00f6sszecsukhat\u00f3 eserny\u0151 &#8211; Fashion shop<\/title>\n<meta name=\"robots\" content=\"index, follow, max-snippet:-1, max-image-preview:large, max-video-preview:-1\" \/>\n<link rel=\"canonical\" href=\"https:\/\/taboofashion.com\/hu\/shop\/viteldij-5415-kettos-automata-osszecsukhato-esernyo\/\" \/>\n<meta property=\"og:locale\" content=\"hu_HU\" \/>\n<meta property=\"og:type\" content=\"article\" \/>\n<meta property=\"og:title\" content=\"5415 Kett\u0151s automata \u00f6sszecsukhat\u00f3 eserny\u0151 &#8211; Fashion shop\" \/>\n<meta property=\"og:description\" content=\"395g, poli\u00e9szter pongee\" \/>\n<meta property=\"og:url\" content=\"https:\/\/taboofashion.com\/hu\/shop\/viteldij-5415-kettos-automata-osszecsukhato-esernyo\/\" \/>\n<meta property=\"og:site_name\" content=\"Fashion shop\" \/>\n<meta property=\"article:publisher\" content=\"https:\/\/www.facebook.com\/TabooSlovakia\" \/>\n<meta name=\"twitter:card\" content=\"summary_large_image\" \/>\n<script type=\"application\/ld+json\" class=\"yoast-schema-graph\">{\"@context\":\"https:\/\/schema.org\",\"@graph\":[{\"@type\":\"WebPage\",\"@id\":\"https:\/\/taboofashion.com\/hu\/shop\/viteldij-5415-kettos-automata-osszecsukhato-esernyo\/\",\"url\":\"https:\/\/taboofashion.com\/hu\/shop\/viteldij-5415-kettos-automata-osszecsukhato-esernyo\/\",\"name\":\"5415 Kett\u0151s automata \u00f6sszecsukhat\u00f3 eserny\u0151 &#8211; Fashion shop\",\"isPartOf\":{\"@id\":\"https:\/\/taboofashion.com\/hu\/#website\"},\"datePublished\":\"2022-08-30T11:57:14+00:00\",\"dateModified\":\"2022-08-30T11:57:14+00:00\",\"breadcrumb\":{\"@id\":\"https:\/\/taboofashion.com\/hu\/shop\/viteldij-5415-kettos-automata-osszecsukhato-esernyo\/#breadcrumb\"},\"inLanguage\":\"hu\",\"potentialAction\":[{\"@type\":\"ReadAction\",\"target\":[\"https:\/\/taboofashion.com\/hu\/shop\/viteldij-5415-kettos-automata-osszecsukhato-esernyo\/\"]}]},{\"@type\":\"BreadcrumbList\",\"@id\":\"https:\/\/taboofashion.com\/hu\/shop\/viteldij-5415-kettos-automata-osszecsukhato-esernyo\/#breadcrumb\",\"itemListElement\":[{\"@type\":\"ListItem\",\"position\":1,\"name\":\"Home\",\"item\":\"https:\/\/taboofashion.com\/hu\/\"},{\"@type\":\"ListItem\",\"position\":2,\"name\":\"Bolt\",\"item\":\"https:\/\/taboofashion.com\/hu\/\"},{\"@type\":\"ListItem\",\"position\":3,\"name\":\"5415 Kett\u0151s automata \u00f6sszecsukhat\u00f3 eserny\u0151\"}]},{\"@type\":\"WebSite\",\"@id\":\"https:\/\/taboofashion.com\/hu\/#website\",\"url\":\"https:\/\/taboofashion.com\/hu\/\",\"name\":\"Fashion shop\",\"description\":\"\",\"publisher\":{\"@id\":\"https:\/\/taboofashion.com\/hu\/#organization\"},\"potentialAction\":[{\"@type\":\"SearchAction\",\"target\":{\"@type\":\"EntryPoint\",\"urlTemplate\":\"https:\/\/taboofashion.com\/hu\/?s={search_term_string}\"},\"query-input\":\"required name=search_term_string\"}],\"inLanguage\":\"hu\"},{\"@type\":\"Organization\",\"@id\":\"https:\/\/taboofashion.com\/hu\/#organization\",\"name\":\"Taboo Slovakia s.r.o.\",\"url\":\"https:\/\/taboofashion.com\/hu\/\",\"logo\":{\"@type\":\"ImageObject\",\"inLanguage\":\"hu\",\"@id\":\"https:\/\/taboofashion.com\/hu\/#\/schema\/logo\/image\/\",\"url\":\"https:\/\/taboofashion.com\/wp-content\/uploads\/2022\/12\/taboologo2100-002.png\",\"contentUrl\":\"https:\/\/taboofashion.com\/wp-content\/uploads\/2022\/12\/taboologo2100-002.png\",\"width\":2100,\"height\":1050,\"caption\":\"Taboo Slovakia s.r.o.\"},\"image\":{\"@id\":\"https:\/\/taboofashion.com\/hu\/#\/schema\/logo\/image\/\"},\"sameAs\":[\"https:\/\/www.facebook.com\/TabooSlovakia\",\"https:\/\/www.linkedin.com\/company\/541747\/\",\"https:\/\/www.instagram.com\/taboofashion.com1\/\"]}]}<\/script>\n<meta property=\"product:brand\" content=\"Fare\" \/>\n<meta property=\"og:availability\" content=\"instock\" \/>\n<meta property=\"product:availability\" content=\"instock\" \/>\n<meta property=\"product:retailer_item_id\" content=\"46541500199\" \/>\n<meta property=\"product:condition\" content=\"new\" \/>\n<!-- \/ Yoast SEO plugin. -->","yoast_head_json":{"title":"5415 Kett\u0151s automata \u00f6sszecsukhat\u00f3 eserny\u0151 &#8211; Fashion shop","robots":{"index":"index","follow":"follow","max-snippet":"max-snippet:-1","max-image-preview":"max-image-preview:large","max-video-preview":"max-video-preview:-1"},"canonical":"https:\/\/taboofashion.com\/hu\/shop\/viteldij-5415-kettos-automata-osszecsukhato-esernyo\/","og_locale":"hu_HU","og_type":"article","og_title":"5415 Kett\u0151s automata \u00f6sszecsukhat\u00f3 eserny\u0151 &#8211; Fashion shop","og_description":"395g, poli\u00e9szter pongee","og_url":"https:\/\/taboofashion.com\/hu\/shop\/viteldij-5415-kettos-automata-osszecsukhato-esernyo\/","og_site_name":"Fashion shop","article_publisher":"https:\/\/www.facebook.com\/TabooSlovakia","twitter_card":"summary_large_image","schema":{"@context":"https:\/\/schema.org","@graph":[{"@type":"WebPage","@id":"https:\/\/taboofashion.com\/hu\/shop\/viteldij-5415-kettos-automata-osszecsukhato-esernyo\/","url":"https:\/\/taboofashion.com\/hu\/shop\/viteldij-5415-kettos-automata-osszecsukhato-esernyo\/","name":"5415 Kett\u0151s automata \u00f6sszecsukhat\u00f3 eserny\u0151 &#8211; Fashion shop","isPartOf":{"@id":"https:\/\/taboofashion.com\/hu\/#website"},"datePublished":"2022-08-30T11:57:14+00:00","dateModified":"2022-08-30T11:57:14+00:00","breadcrumb":{"@id":"https:\/\/taboofashion.com\/hu\/shop\/viteldij-5415-kettos-automata-osszecsukhato-esernyo\/#breadcrumb"},"inLanguage":"hu","potentialAction":[{"@type":"ReadAction","target":["https:\/\/taboofashion.com\/hu\/shop\/viteldij-5415-kettos-automata-osszecsukhato-esernyo\/"]}]},{"@type":"BreadcrumbList","@id":"https:\/\/taboofashion.com\/hu\/shop\/viteldij-5415-kettos-automata-osszecsukhato-esernyo\/#breadcrumb","itemListElement":[{"@type":"ListItem","position":1,"name":"Home","item":"https:\/\/taboofashion.com\/hu\/"},{"@type":"ListItem","position":2,"name":"Bolt","item":"https:\/\/taboofashion.com\/hu\/"},{"@type":"ListItem","position":3,"name":"5415 Kett\u0151s automata \u00f6sszecsukhat\u00f3 eserny\u0151"}]},{"@type":"WebSite","@id":"https:\/\/taboofashion.com\/hu\/#website","url":"https:\/\/taboofashion.com\/hu\/","name":"Fashion shop","description":"","publisher":{"@id":"https:\/\/taboofashion.com\/hu\/#organization"},"potentialAction":[{"@type":"SearchAction","target":{"@type":"EntryPoint","urlTemplate":"https:\/\/taboofashion.com\/hu\/?s={search_term_string}"},"query-input":"required name=search_term_string"}],"inLanguage":"hu"},{"@type":"Organization","@id":"https:\/\/taboofashion.com\/hu\/#organization","name":"Taboo Slovakia s.r.o.","url":"https:\/\/taboofashion.com\/hu\/","logo":{"@type":"ImageObject","inLanguage":"hu","@id":"https:\/\/taboofashion.com\/hu\/#\/schema\/logo\/image\/","url":"https:\/\/taboofashion.com\/wp-content\/uploads\/2022\/12\/taboologo2100-002.png","contentUrl":"https:\/\/taboofashion.com\/wp-content\/uploads\/2022\/12\/taboologo2100-002.png","width":2100,"height":1050,"caption":"Taboo Slovakia s.r.o."},"image":{"@id":"https:\/\/taboofashion.com\/hu\/#\/schema\/logo\/image\/"},"sameAs":["https:\/\/www.facebook.com\/TabooSlovakia","https:\/\/www.linkedin.com\/company\/541747\/","https:\/\/www.instagram.com\/taboofashion.com1\/"]}]},"product_brand":"Fare","og_availability":"instock","product_availability":"instock","product_retailer_item_id":"46541500199","product_condition":"new"},"_links":{"self":[{"href":"https:\/\/taboofashion.com\/hu\/wp-json\/wp\/v2\/product\/657333","targetHints":{"allow":["GET"]}}],"collection":[{"href":"https:\/\/taboofashion.com\/hu\/wp-json\/wp\/v2\/product"}],"about":[{"href":"https:\/\/taboofashion.com\/hu\/wp-json\/wp\/v2\/types\/product"}],"wp:featuredmedia":[{"embeddable":true,"href":"https:\/\/taboofashion.com\/hu\/wp-json\/wp\/v2\/media\/610270"}],"wp:attachment":[{"href":"https:\/\/taboofashion.com\/hu\/wp-json\/wp\/v2\/media?parent=657333"}],"wp:term":[{"taxonomy":"product_cat","embeddable":true,"href":"https:\/\/taboofashion.com\/hu\/wp-json\/wp\/v2\/product_cat?post=657333"},{"taxonomy":"product_tag","embeddable":true,"href":"https:\/\/taboofashion.com\/hu\/wp-json\/wp\/v2\/product_tag?post=657333"}],"curies":[{"name":"wp","href":"https:\/\/api.w.org\/{rel}","templated":true}]}}