{"id":657758,"date":"2022-08-30T12:57:30","date_gmt":"2022-08-30T10:57:30","guid":{"rendered":"https:\/\/taboofashion.com\/shop\/promodoro-7860-men-teli-softshell-kabat\/"},"modified":"2022-08-30T12:57:30","modified_gmt":"2022-08-30T10:57:30","slug":"promodoro-7860-men-teli-softshell-kabat","status":"publish","type":"product","link":"https:\/\/taboofashion.com\/hu\/shop\/promodoro-7860-men-teli-softshell-kabat\/","title":{"rendered":"7860 f\u00e9rfi t\u00e9li Softshell dzseki"},"content":{"rendered":"<p>V\u00edz\u00e1ll\u00f3 (8000 mm-es v\u00edzoszlop), v\u00edz\u00e1ll\u00f3 cipz\u00e1rak, sz\u00e9l\u00e1ll\u00f3 \u00e9s l\u00e9g\u00e1tereszt\u0151, levehet\u0151 kapucni, alag\u00fat h\u00faz\u00f3zsin\u00f3r a szeg\u00e9lyn\u00e9l bel\u00fcl zsin\u00f3rz\u00e1r\u00f3kkal, \u00e1ll\u00edthat\u00f3 mandzsetta t\u00e9p\u0151z\u00e1rral, \u00e1llv\u00e9d\u0151, 1 ujjzseb, nap\u00f3leon zseb, 2 cipz\u00e1ras oldalzseb, t\u00f6m\u00edtett varratok, elv\u00e1laszt\u00f3 varratok, lekerek\u00edtett meghosszabb\u00edtott h\u00e1t, varrott kulcstart\u00f3 az oldalzsebben, bi-elasztikus softshell k\u00f6t\u00e9s\u0171 pol\u00e1r, f\u00e9nyvisszaver\u0151 cs\u0151 \u00e9s cipz\u00e1rh\u00faz\u00f3, semleges m\u00e9ret\u0171 c\u00edmke<\/p>\n","protected":false},"excerpt":{"rendered":"<p>440g\/m\u00b2, k\u00edv\u00fcl: 95% poli\u00e9szter, 5% elaszt\u00e1n, bel\u00fcl: 100% poli\u00e9szter<\/p>\n","protected":false},"featured_media":609451,"template":"","meta":[],"product_cat":[3614],"product_tag":[],"class_list":{"0":"post-657758","1":"product","2":"type-product","3":"status-publish","4":"has-post-thumbnail","6":"product_cat-dzsekik","7":"pa_brand-promodoro-hu","8":"pa_colour-acelszurke","9":"pa_colour-fekete","10":"pa_colour-khaki-hu","11":"pa_colour-szurke-hu-2","12":"pa_colour-tengereszgyalogsag","13":"pa_size-3xl-hu","14":"pa_size-4xl-hu","15":"pa_size-5xl-hu","16":"pa_size-l-hu","17":"pa_size-m-hu","18":"pa_size-s-hu","19":"pa_size-xl-hu","20":"pa_size-xxl-hu","22":"first","23":"instock","24":"taxable","25":"shipping-taxable","26":"purchasable","27":"product-type-variable","28":"has-default-attributes"},"yoast_head":"<!-- This site is optimized with the Yoast SEO plugin v21.8 - https:\/\/yoast.com\/wordpress\/plugins\/seo\/ -->\n<title>7860 f\u00e9rfi t\u00e9li Softshell dzseki &#8211; Fashion shop<\/title>\n<meta name=\"robots\" content=\"index, follow, max-snippet:-1, max-image-preview:large, max-video-preview:-1\" \/>\n<link rel=\"canonical\" href=\"https:\/\/taboofashion.com\/hu\/shop\/promodoro-7860-men-teli-softshell-kabat\/\" \/>\n<meta property=\"og:locale\" content=\"hu_HU\" \/>\n<meta property=\"og:type\" content=\"article\" \/>\n<meta property=\"og:title\" content=\"7860 f\u00e9rfi t\u00e9li Softshell dzseki &#8211; Fashion shop\" \/>\n<meta property=\"og:description\" content=\"440g\/m\u00b2, k\u00edv\u00fcl: 95% poli\u00e9szter, 5% elaszt\u00e1n, bel\u00fcl: 100% poli\u00e9szter\" \/>\n<meta property=\"og:url\" content=\"https:\/\/taboofashion.com\/hu\/shop\/promodoro-7860-men-teli-softshell-kabat\/\" \/>\n<meta property=\"og:site_name\" content=\"Fashion shop\" \/>\n<meta property=\"article:publisher\" content=\"https:\/\/www.facebook.com\/TabooSlovakia\" \/>\n<meta name=\"twitter:card\" content=\"summary_large_image\" \/>\n<script type=\"application\/ld+json\" class=\"yoast-schema-graph\">{\"@context\":\"https:\/\/schema.org\",\"@graph\":[{\"@type\":\"WebPage\",\"@id\":\"https:\/\/taboofashion.com\/hu\/shop\/promodoro-7860-men-teli-softshell-kabat\/\",\"url\":\"https:\/\/taboofashion.com\/hu\/shop\/promodoro-7860-men-teli-softshell-kabat\/\",\"name\":\"7860 f\u00e9rfi t\u00e9li Softshell dzseki &#8211; Fashion shop\",\"isPartOf\":{\"@id\":\"https:\/\/taboofashion.com\/hu\/#website\"},\"datePublished\":\"2022-08-30T10:57:30+00:00\",\"dateModified\":\"2022-08-30T10:57:30+00:00\",\"breadcrumb\":{\"@id\":\"https:\/\/taboofashion.com\/hu\/shop\/promodoro-7860-men-teli-softshell-kabat\/#breadcrumb\"},\"inLanguage\":\"hu\",\"potentialAction\":[{\"@type\":\"ReadAction\",\"target\":[\"https:\/\/taboofashion.com\/hu\/shop\/promodoro-7860-men-teli-softshell-kabat\/\"]}]},{\"@type\":\"BreadcrumbList\",\"@id\":\"https:\/\/taboofashion.com\/hu\/shop\/promodoro-7860-men-teli-softshell-kabat\/#breadcrumb\",\"itemListElement\":[{\"@type\":\"ListItem\",\"position\":1,\"name\":\"Home\",\"item\":\"https:\/\/taboofashion.com\/hu\/\"},{\"@type\":\"ListItem\",\"position\":2,\"name\":\"Bolt\",\"item\":\"https:\/\/taboofashion.com\/hu\/\"},{\"@type\":\"ListItem\",\"position\":3,\"name\":\"7860 f\u00e9rfi t\u00e9li Softshell dzseki\"}]},{\"@type\":\"WebSite\",\"@id\":\"https:\/\/taboofashion.com\/hu\/#website\",\"url\":\"https:\/\/taboofashion.com\/hu\/\",\"name\":\"Fashion shop\",\"description\":\"\",\"publisher\":{\"@id\":\"https:\/\/taboofashion.com\/hu\/#organization\"},\"potentialAction\":[{\"@type\":\"SearchAction\",\"target\":{\"@type\":\"EntryPoint\",\"urlTemplate\":\"https:\/\/taboofashion.com\/hu\/?s={search_term_string}\"},\"query-input\":\"required name=search_term_string\"}],\"inLanguage\":\"hu\"},{\"@type\":\"Organization\",\"@id\":\"https:\/\/taboofashion.com\/hu\/#organization\",\"name\":\"Taboo Slovakia s.r.o.\",\"url\":\"https:\/\/taboofashion.com\/hu\/\",\"logo\":{\"@type\":\"ImageObject\",\"inLanguage\":\"hu\",\"@id\":\"https:\/\/taboofashion.com\/hu\/#\/schema\/logo\/image\/\",\"url\":\"https:\/\/taboofashion.com\/wp-content\/uploads\/2022\/12\/taboologo2100-002.png\",\"contentUrl\":\"https:\/\/taboofashion.com\/wp-content\/uploads\/2022\/12\/taboologo2100-002.png\",\"width\":2100,\"height\":1050,\"caption\":\"Taboo Slovakia s.r.o.\"},\"image\":{\"@id\":\"https:\/\/taboofashion.com\/hu\/#\/schema\/logo\/image\/\"},\"sameAs\":[\"https:\/\/www.facebook.com\/TabooSlovakia\",\"https:\/\/www.linkedin.com\/company\/541747\/\",\"https:\/\/www.instagram.com\/taboofashion.com1\/\"]}]}<\/script>\n<meta property=\"product:brand\" content=\"Promodoro\" \/>\n<meta property=\"og:availability\" content=\"instock\" \/>\n<meta property=\"product:availability\" content=\"instock\" \/>\n<meta property=\"product:retailer_item_id\" content=\"40786000201\" \/>\n<meta property=\"product:condition\" content=\"new\" \/>\n<!-- \/ Yoast SEO plugin. -->","yoast_head_json":{"title":"7860 f\u00e9rfi t\u00e9li Softshell dzseki &#8211; Fashion shop","robots":{"index":"index","follow":"follow","max-snippet":"max-snippet:-1","max-image-preview":"max-image-preview:large","max-video-preview":"max-video-preview:-1"},"canonical":"https:\/\/taboofashion.com\/hu\/shop\/promodoro-7860-men-teli-softshell-kabat\/","og_locale":"hu_HU","og_type":"article","og_title":"7860 f\u00e9rfi t\u00e9li Softshell dzseki &#8211; Fashion shop","og_description":"440g\/m\u00b2, k\u00edv\u00fcl: 95% poli\u00e9szter, 5% elaszt\u00e1n, bel\u00fcl: 100% poli\u00e9szter","og_url":"https:\/\/taboofashion.com\/hu\/shop\/promodoro-7860-men-teli-softshell-kabat\/","og_site_name":"Fashion shop","article_publisher":"https:\/\/www.facebook.com\/TabooSlovakia","twitter_card":"summary_large_image","schema":{"@context":"https:\/\/schema.org","@graph":[{"@type":"WebPage","@id":"https:\/\/taboofashion.com\/hu\/shop\/promodoro-7860-men-teli-softshell-kabat\/","url":"https:\/\/taboofashion.com\/hu\/shop\/promodoro-7860-men-teli-softshell-kabat\/","name":"7860 f\u00e9rfi t\u00e9li Softshell dzseki &#8211; Fashion shop","isPartOf":{"@id":"https:\/\/taboofashion.com\/hu\/#website"},"datePublished":"2022-08-30T10:57:30+00:00","dateModified":"2022-08-30T10:57:30+00:00","breadcrumb":{"@id":"https:\/\/taboofashion.com\/hu\/shop\/promodoro-7860-men-teli-softshell-kabat\/#breadcrumb"},"inLanguage":"hu","potentialAction":[{"@type":"ReadAction","target":["https:\/\/taboofashion.com\/hu\/shop\/promodoro-7860-men-teli-softshell-kabat\/"]}]},{"@type":"BreadcrumbList","@id":"https:\/\/taboofashion.com\/hu\/shop\/promodoro-7860-men-teli-softshell-kabat\/#breadcrumb","itemListElement":[{"@type":"ListItem","position":1,"name":"Home","item":"https:\/\/taboofashion.com\/hu\/"},{"@type":"ListItem","position":2,"name":"Bolt","item":"https:\/\/taboofashion.com\/hu\/"},{"@type":"ListItem","position":3,"name":"7860 f\u00e9rfi t\u00e9li Softshell dzseki"}]},{"@type":"WebSite","@id":"https:\/\/taboofashion.com\/hu\/#website","url":"https:\/\/taboofashion.com\/hu\/","name":"Fashion shop","description":"","publisher":{"@id":"https:\/\/taboofashion.com\/hu\/#organization"},"potentialAction":[{"@type":"SearchAction","target":{"@type":"EntryPoint","urlTemplate":"https:\/\/taboofashion.com\/hu\/?s={search_term_string}"},"query-input":"required name=search_term_string"}],"inLanguage":"hu"},{"@type":"Organization","@id":"https:\/\/taboofashion.com\/hu\/#organization","name":"Taboo Slovakia s.r.o.","url":"https:\/\/taboofashion.com\/hu\/","logo":{"@type":"ImageObject","inLanguage":"hu","@id":"https:\/\/taboofashion.com\/hu\/#\/schema\/logo\/image\/","url":"https:\/\/taboofashion.com\/wp-content\/uploads\/2022\/12\/taboologo2100-002.png","contentUrl":"https:\/\/taboofashion.com\/wp-content\/uploads\/2022\/12\/taboologo2100-002.png","width":2100,"height":1050,"caption":"Taboo Slovakia s.r.o."},"image":{"@id":"https:\/\/taboofashion.com\/hu\/#\/schema\/logo\/image\/"},"sameAs":["https:\/\/www.facebook.com\/TabooSlovakia","https:\/\/www.linkedin.com\/company\/541747\/","https:\/\/www.instagram.com\/taboofashion.com1\/"]}]},"product_brand":"Promodoro","og_availability":"instock","product_availability":"instock","product_retailer_item_id":"40786000201","product_condition":"new"},"_links":{"self":[{"href":"https:\/\/taboofashion.com\/hu\/wp-json\/wp\/v2\/product\/657758","targetHints":{"allow":["GET"]}}],"collection":[{"href":"https:\/\/taboofashion.com\/hu\/wp-json\/wp\/v2\/product"}],"about":[{"href":"https:\/\/taboofashion.com\/hu\/wp-json\/wp\/v2\/types\/product"}],"wp:featuredmedia":[{"embeddable":true,"href":"https:\/\/taboofashion.com\/hu\/wp-json\/wp\/v2\/media\/609451"}],"wp:attachment":[{"href":"https:\/\/taboofashion.com\/hu\/wp-json\/wp\/v2\/media?parent=657758"}],"wp:term":[{"taxonomy":"product_cat","embeddable":true,"href":"https:\/\/taboofashion.com\/hu\/wp-json\/wp\/v2\/product_cat?post=657758"},{"taxonomy":"product_tag","embeddable":true,"href":"https:\/\/taboofashion.com\/hu\/wp-json\/wp\/v2\/product_tag?post=657758"}],"curies":[{"name":"wp","href":"https:\/\/api.w.org\/{rel}","templated":true}]}}