{"id":658006,"date":"2022-08-30T12:28:23","date_gmt":"2022-08-30T10:28:23","guid":{"rendered":"https:\/\/taboofashion.com\/shop\/promodoro-7700-ferfi-munkaruha-kotott-polardzseki\/"},"modified":"2022-08-30T12:28:23","modified_gmt":"2022-08-30T10:28:23","slug":"promodoro-7700-ferfi-munkaruha-kotott-polardzseki","status":"publish","type":"product","link":"https:\/\/taboofashion.com\/hu\/shop\/promodoro-7700-ferfi-munkaruha-kotott-polardzseki\/","title":{"rendered":"7700 F\u00e9rfi munkaruha K\u00f6t\u00f6tt pol\u00e1r dzseki"},"content":{"rendered":"<p>Testreszabott fazon, bels\u0151 gall\u00e9r kontrasztos sz\u00edn\u0171 nyakszalaggal, \u00e1ll\u00f3gall\u00e9r, keskeny szeg\u00e9ly \u00e9s mandzsetta kontrasztos elasztikus k\u00f6t\u00e9ssel, teljes hossz\u00fas\u00e1g\u00fa cipz\u00e1rral, el\u00f6l 2 kontrasztos sz\u00edn\u0171 cipz\u00e1ras oldalzseb, kontrasztos oldal- \u00e9s ujjbet\u00e9tekkel, \u00e9rdes\u00edtett bel\u00fcl, semleges m\u00e9ret\u0171 c\u00edmke<\/p>\n","protected":false},"excerpt":{"rendered":"<p>300g\/m\u00b2, 100% poli\u00e9szter<\/p>\n","protected":false},"featured_media":608279,"template":"","meta":[],"product_cat":[3611,3625],"product_tag":[],"class_list":{"0":"post-658006","1":"product","2":"type-product","3":"status-publish","4":"has-post-thumbnail","6":"product_cat-polar-pulover","7":"product_cat-munkaruha-vedoruhazat","8":"pa_brand-promodoro-hu","9":"pa_colour-heather-royal-hu","10":"pa_colour-oszirozsa-grafit-hu","11":"pa_colour-szurke-hofeherke","12":"pa_size-s-hu","13":"pa_size-m-hu","14":"pa_size-l-hu","15":"pa_size-xl-hu","16":"pa_size-xxl-hu","17":"pa_size-3xl-hu","18":"pa_size-4xl-hu","19":"pa_size-5xl-hu","21":"first","22":"instock","23":"taxable","24":"shipping-taxable","25":"purchasable","26":"product-type-variable","27":"has-default-attributes"},"yoast_head":"<!-- This site is optimized with the Yoast SEO plugin v21.8 - https:\/\/yoast.com\/wordpress\/plugins\/seo\/ -->\n<title>7700 F\u00e9rfi munkaruha K\u00f6t\u00f6tt pol\u00e1r dzseki &#8211; Fashion shop<\/title>\n<meta name=\"robots\" content=\"index, follow, max-snippet:-1, max-image-preview:large, max-video-preview:-1\" \/>\n<link rel=\"canonical\" href=\"https:\/\/taboofashion.com\/hu\/shop\/promodoro-7700-ferfi-munkaruha-kotott-polardzseki\/\" \/>\n<meta property=\"og:locale\" content=\"hu_HU\" \/>\n<meta property=\"og:type\" content=\"article\" \/>\n<meta property=\"og:title\" content=\"7700 F\u00e9rfi munkaruha K\u00f6t\u00f6tt pol\u00e1r dzseki &#8211; Fashion shop\" \/>\n<meta property=\"og:description\" content=\"300g\/m\u00b2, 100% poli\u00e9szter\" \/>\n<meta property=\"og:url\" content=\"https:\/\/taboofashion.com\/hu\/shop\/promodoro-7700-ferfi-munkaruha-kotott-polardzseki\/\" \/>\n<meta property=\"og:site_name\" content=\"Fashion shop\" \/>\n<meta property=\"article:publisher\" content=\"https:\/\/www.facebook.com\/TabooSlovakia\" \/>\n<meta name=\"twitter:card\" content=\"summary_large_image\" \/>\n<script type=\"application\/ld+json\" class=\"yoast-schema-graph\">{\"@context\":\"https:\/\/schema.org\",\"@graph\":[{\"@type\":\"WebPage\",\"@id\":\"https:\/\/taboofashion.com\/hu\/shop\/promodoro-7700-ferfi-munkaruha-kotott-polardzseki\/\",\"url\":\"https:\/\/taboofashion.com\/hu\/shop\/promodoro-7700-ferfi-munkaruha-kotott-polardzseki\/\",\"name\":\"7700 F\u00e9rfi munkaruha K\u00f6t\u00f6tt pol\u00e1r dzseki &#8211; Fashion shop\",\"isPartOf\":{\"@id\":\"https:\/\/taboofashion.com\/hu\/#website\"},\"datePublished\":\"2022-08-30T10:28:23+00:00\",\"dateModified\":\"2022-08-30T10:28:23+00:00\",\"breadcrumb\":{\"@id\":\"https:\/\/taboofashion.com\/hu\/shop\/promodoro-7700-ferfi-munkaruha-kotott-polardzseki\/#breadcrumb\"},\"inLanguage\":\"hu\",\"potentialAction\":[{\"@type\":\"ReadAction\",\"target\":[\"https:\/\/taboofashion.com\/hu\/shop\/promodoro-7700-ferfi-munkaruha-kotott-polardzseki\/\"]}]},{\"@type\":\"BreadcrumbList\",\"@id\":\"https:\/\/taboofashion.com\/hu\/shop\/promodoro-7700-ferfi-munkaruha-kotott-polardzseki\/#breadcrumb\",\"itemListElement\":[{\"@type\":\"ListItem\",\"position\":1,\"name\":\"Home\",\"item\":\"https:\/\/taboofashion.com\/hu\/\"},{\"@type\":\"ListItem\",\"position\":2,\"name\":\"Bolt\",\"item\":\"https:\/\/taboofashion.com\/hu\/\"},{\"@type\":\"ListItem\",\"position\":3,\"name\":\"7700 F\u00e9rfi munkaruha K\u00f6t\u00f6tt pol\u00e1r dzseki\"}]},{\"@type\":\"WebSite\",\"@id\":\"https:\/\/taboofashion.com\/hu\/#website\",\"url\":\"https:\/\/taboofashion.com\/hu\/\",\"name\":\"Fashion shop\",\"description\":\"\",\"publisher\":{\"@id\":\"https:\/\/taboofashion.com\/hu\/#organization\"},\"potentialAction\":[{\"@type\":\"SearchAction\",\"target\":{\"@type\":\"EntryPoint\",\"urlTemplate\":\"https:\/\/taboofashion.com\/hu\/?s={search_term_string}\"},\"query-input\":\"required name=search_term_string\"}],\"inLanguage\":\"hu\"},{\"@type\":\"Organization\",\"@id\":\"https:\/\/taboofashion.com\/hu\/#organization\",\"name\":\"Taboo Slovakia s.r.o.\",\"url\":\"https:\/\/taboofashion.com\/hu\/\",\"logo\":{\"@type\":\"ImageObject\",\"inLanguage\":\"hu\",\"@id\":\"https:\/\/taboofashion.com\/hu\/#\/schema\/logo\/image\/\",\"url\":\"https:\/\/taboofashion.com\/wp-content\/uploads\/2022\/12\/taboologo2100-002.png\",\"contentUrl\":\"https:\/\/taboofashion.com\/wp-content\/uploads\/2022\/12\/taboologo2100-002.png\",\"width\":2100,\"height\":1050,\"caption\":\"Taboo Slovakia s.r.o.\"},\"image\":{\"@id\":\"https:\/\/taboofashion.com\/hu\/#\/schema\/logo\/image\/\"},\"sameAs\":[\"https:\/\/www.facebook.com\/TabooSlovakia\",\"https:\/\/www.linkedin.com\/company\/541747\/\",\"https:\/\/www.instagram.com\/taboofashion.com1\/\"]}]}<\/script>\n<meta property=\"product:brand\" content=\"Promodoro\" \/>\n<meta property=\"og:availability\" content=\"instock\" \/>\n<meta property=\"product:availability\" content=\"instock\" \/>\n<meta property=\"product:retailer_item_id\" content=\"40770061001\" \/>\n<meta property=\"product:condition\" content=\"new\" \/>\n<!-- \/ Yoast SEO plugin. -->","yoast_head_json":{"title":"7700 F\u00e9rfi munkaruha K\u00f6t\u00f6tt pol\u00e1r dzseki &#8211; Fashion shop","robots":{"index":"index","follow":"follow","max-snippet":"max-snippet:-1","max-image-preview":"max-image-preview:large","max-video-preview":"max-video-preview:-1"},"canonical":"https:\/\/taboofashion.com\/hu\/shop\/promodoro-7700-ferfi-munkaruha-kotott-polardzseki\/","og_locale":"hu_HU","og_type":"article","og_title":"7700 F\u00e9rfi munkaruha K\u00f6t\u00f6tt pol\u00e1r dzseki &#8211; Fashion shop","og_description":"300g\/m\u00b2, 100% poli\u00e9szter","og_url":"https:\/\/taboofashion.com\/hu\/shop\/promodoro-7700-ferfi-munkaruha-kotott-polardzseki\/","og_site_name":"Fashion shop","article_publisher":"https:\/\/www.facebook.com\/TabooSlovakia","twitter_card":"summary_large_image","schema":{"@context":"https:\/\/schema.org","@graph":[{"@type":"WebPage","@id":"https:\/\/taboofashion.com\/hu\/shop\/promodoro-7700-ferfi-munkaruha-kotott-polardzseki\/","url":"https:\/\/taboofashion.com\/hu\/shop\/promodoro-7700-ferfi-munkaruha-kotott-polardzseki\/","name":"7700 F\u00e9rfi munkaruha K\u00f6t\u00f6tt pol\u00e1r dzseki &#8211; Fashion shop","isPartOf":{"@id":"https:\/\/taboofashion.com\/hu\/#website"},"datePublished":"2022-08-30T10:28:23+00:00","dateModified":"2022-08-30T10:28:23+00:00","breadcrumb":{"@id":"https:\/\/taboofashion.com\/hu\/shop\/promodoro-7700-ferfi-munkaruha-kotott-polardzseki\/#breadcrumb"},"inLanguage":"hu","potentialAction":[{"@type":"ReadAction","target":["https:\/\/taboofashion.com\/hu\/shop\/promodoro-7700-ferfi-munkaruha-kotott-polardzseki\/"]}]},{"@type":"BreadcrumbList","@id":"https:\/\/taboofashion.com\/hu\/shop\/promodoro-7700-ferfi-munkaruha-kotott-polardzseki\/#breadcrumb","itemListElement":[{"@type":"ListItem","position":1,"name":"Home","item":"https:\/\/taboofashion.com\/hu\/"},{"@type":"ListItem","position":2,"name":"Bolt","item":"https:\/\/taboofashion.com\/hu\/"},{"@type":"ListItem","position":3,"name":"7700 F\u00e9rfi munkaruha K\u00f6t\u00f6tt pol\u00e1r dzseki"}]},{"@type":"WebSite","@id":"https:\/\/taboofashion.com\/hu\/#website","url":"https:\/\/taboofashion.com\/hu\/","name":"Fashion shop","description":"","publisher":{"@id":"https:\/\/taboofashion.com\/hu\/#organization"},"potentialAction":[{"@type":"SearchAction","target":{"@type":"EntryPoint","urlTemplate":"https:\/\/taboofashion.com\/hu\/?s={search_term_string}"},"query-input":"required name=search_term_string"}],"inLanguage":"hu"},{"@type":"Organization","@id":"https:\/\/taboofashion.com\/hu\/#organization","name":"Taboo Slovakia s.r.o.","url":"https:\/\/taboofashion.com\/hu\/","logo":{"@type":"ImageObject","inLanguage":"hu","@id":"https:\/\/taboofashion.com\/hu\/#\/schema\/logo\/image\/","url":"https:\/\/taboofashion.com\/wp-content\/uploads\/2022\/12\/taboologo2100-002.png","contentUrl":"https:\/\/taboofashion.com\/wp-content\/uploads\/2022\/12\/taboologo2100-002.png","width":2100,"height":1050,"caption":"Taboo Slovakia s.r.o."},"image":{"@id":"https:\/\/taboofashion.com\/hu\/#\/schema\/logo\/image\/"},"sameAs":["https:\/\/www.facebook.com\/TabooSlovakia","https:\/\/www.linkedin.com\/company\/541747\/","https:\/\/www.instagram.com\/taboofashion.com1\/"]}]},"product_brand":"Promodoro","og_availability":"instock","product_availability":"instock","product_retailer_item_id":"40770061001","product_condition":"new"},"_links":{"self":[{"href":"https:\/\/taboofashion.com\/hu\/wp-json\/wp\/v2\/product\/658006","targetHints":{"allow":["GET"]}}],"collection":[{"href":"https:\/\/taboofashion.com\/hu\/wp-json\/wp\/v2\/product"}],"about":[{"href":"https:\/\/taboofashion.com\/hu\/wp-json\/wp\/v2\/types\/product"}],"wp:featuredmedia":[{"embeddable":true,"href":"https:\/\/taboofashion.com\/hu\/wp-json\/wp\/v2\/media\/608279"}],"wp:attachment":[{"href":"https:\/\/taboofashion.com\/hu\/wp-json\/wp\/v2\/media?parent=658006"}],"wp:term":[{"taxonomy":"product_cat","embeddable":true,"href":"https:\/\/taboofashion.com\/hu\/wp-json\/wp\/v2\/product_cat?post=658006"},{"taxonomy":"product_tag","embeddable":true,"href":"https:\/\/taboofashion.com\/hu\/wp-json\/wp\/v2\/product_tag?post=658006"}],"curies":[{"name":"wp","href":"https:\/\/api.w.org\/{rel}","templated":true}]}}