{"id":660835,"date":"2022-08-30T06:19:50","date_gmt":"2022-08-30T04:19:50","guid":{"rendered":"https:\/\/taboofashion.com\/shop\/premier-fokatalogus-fokatalogus\/"},"modified":"2022-08-30T06:19:50","modified_gmt":"2022-08-30T04:19:50","slug":"premier-fokatalogus-fokatalogus","status":"publish","type":"product","link":"https:\/\/taboofashion.com\/hu\/shop\/premier-fokatalogus-fokatalogus\/","title":{"rendered":"F\u0151katal\u00f3gus F\u0151katal\u00f3gus"},"content":{"rendered":"<p>csere \u00e9s visszak\u00fcld\u00e9s kiz\u00e1rva, 47 oldal, a katal\u00f3gus a k\u00f6vetkez\u0151 v\u00e1ltozatokban \u00e9rhet\u0151 el: DE N &#8211; n\u00e9met \u00e1rak n\u00e9lk\u00fcl, EN N &#8211; angol \u00e1rak n\u00e9lk\u00fcl<\/p>\n","protected":false},"excerpt":{"rendered":"<p>csere \u00e9s visszak\u00fcld\u00e9s kiz\u00e1rva, 47 oldal, a katal\u00f3gus a k\u00f6vetkez\u0151 v\u00e1ltozatokban \u00e9rhet\u0151 el: DE N &#8211; n\u00e9met \u00e1rak n\u00e9lk\u00fcl, EN N &#8211; angol \u00e1rak n\u00e9lk\u00fcl<\/p>\n","protected":false},"featured_media":610335,"template":"","meta":[],"product_cat":[3620],"product_tag":[],"class_list":{"0":"post-660835","1":"product","2":"type-product","3":"status-publish","4":"has-post-thumbnail","6":"product_cat-ertekesitest-tamagato-anyagok","7":"pa_brand-premier-hu","8":"pa_colour-standard-hu-2","9":"pa_size-de-n-hu","10":"pa_size-en-n-hu","12":"first","13":"instock","14":"taxable","15":"shipping-taxable","16":"product-type-variable","17":"has-default-attributes"},"yoast_head":"<!-- This site is optimized with the Yoast SEO plugin v21.8 - https:\/\/yoast.com\/wordpress\/plugins\/seo\/ -->\n<title>F\u0151katal\u00f3gus F\u0151katal\u00f3gus &#8211; Fashion shop<\/title>\n<meta name=\"robots\" content=\"index, follow, max-snippet:-1, max-image-preview:large, max-video-preview:-1\" \/>\n<link rel=\"canonical\" href=\"https:\/\/taboofashion.com\/hu\/shop\/premier-fokatalogus-fokatalogus\/\" \/>\n<meta property=\"og:locale\" content=\"hu_HU\" \/>\n<meta property=\"og:type\" content=\"article\" \/>\n<meta property=\"og:title\" content=\"F\u0151katal\u00f3gus F\u0151katal\u00f3gus &#8211; Fashion shop\" \/>\n<meta property=\"og:description\" content=\"csere \u00e9s visszak\u00fcld\u00e9s kiz\u00e1rva, 47 oldal, a katal\u00f3gus a k\u00f6vetkez\u0151 v\u00e1ltozatokban \u00e9rhet\u0151 el: DE N &#8211; n\u00e9met \u00e1rak n\u00e9lk\u00fcl, EN N &#8211; angol \u00e1rak n\u00e9lk\u00fcl\" \/>\n<meta property=\"og:url\" content=\"https:\/\/taboofashion.com\/hu\/shop\/premier-fokatalogus-fokatalogus\/\" \/>\n<meta property=\"og:site_name\" content=\"Fashion shop\" \/>\n<meta property=\"article:publisher\" content=\"https:\/\/www.facebook.com\/TabooSlovakia\" \/>\n<meta name=\"twitter:card\" content=\"summary_large_image\" \/>\n<script type=\"application\/ld+json\" class=\"yoast-schema-graph\">{\"@context\":\"https:\/\/schema.org\",\"@graph\":[{\"@type\":\"WebPage\",\"@id\":\"https:\/\/taboofashion.com\/hu\/shop\/premier-fokatalogus-fokatalogus\/\",\"url\":\"https:\/\/taboofashion.com\/hu\/shop\/premier-fokatalogus-fokatalogus\/\",\"name\":\"F\u0151katal\u00f3gus F\u0151katal\u00f3gus &#8211; Fashion shop\",\"isPartOf\":{\"@id\":\"https:\/\/taboofashion.com\/hu\/#website\"},\"datePublished\":\"2022-08-30T04:19:50+00:00\",\"dateModified\":\"2022-08-30T04:19:50+00:00\",\"breadcrumb\":{\"@id\":\"https:\/\/taboofashion.com\/hu\/shop\/premier-fokatalogus-fokatalogus\/#breadcrumb\"},\"inLanguage\":\"hu\",\"potentialAction\":[{\"@type\":\"ReadAction\",\"target\":[\"https:\/\/taboofashion.com\/hu\/shop\/premier-fokatalogus-fokatalogus\/\"]}]},{\"@type\":\"BreadcrumbList\",\"@id\":\"https:\/\/taboofashion.com\/hu\/shop\/premier-fokatalogus-fokatalogus\/#breadcrumb\",\"itemListElement\":[{\"@type\":\"ListItem\",\"position\":1,\"name\":\"Home\",\"item\":\"https:\/\/taboofashion.com\/hu\/\"},{\"@type\":\"ListItem\",\"position\":2,\"name\":\"Bolt\",\"item\":\"https:\/\/taboofashion.com\/hu\/\"},{\"@type\":\"ListItem\",\"position\":3,\"name\":\"F\u0151katal\u00f3gus F\u0151katal\u00f3gus\"}]},{\"@type\":\"WebSite\",\"@id\":\"https:\/\/taboofashion.com\/hu\/#website\",\"url\":\"https:\/\/taboofashion.com\/hu\/\",\"name\":\"Fashion shop\",\"description\":\"\",\"publisher\":{\"@id\":\"https:\/\/taboofashion.com\/hu\/#organization\"},\"potentialAction\":[{\"@type\":\"SearchAction\",\"target\":{\"@type\":\"EntryPoint\",\"urlTemplate\":\"https:\/\/taboofashion.com\/hu\/?s={search_term_string}\"},\"query-input\":\"required name=search_term_string\"}],\"inLanguage\":\"hu\"},{\"@type\":\"Organization\",\"@id\":\"https:\/\/taboofashion.com\/hu\/#organization\",\"name\":\"Taboo Slovakia s.r.o.\",\"url\":\"https:\/\/taboofashion.com\/hu\/\",\"logo\":{\"@type\":\"ImageObject\",\"inLanguage\":\"hu\",\"@id\":\"https:\/\/taboofashion.com\/hu\/#\/schema\/logo\/image\/\",\"url\":\"https:\/\/taboofashion.com\/wp-content\/uploads\/2022\/12\/taboologo2100-002.png\",\"contentUrl\":\"https:\/\/taboofashion.com\/wp-content\/uploads\/2022\/12\/taboologo2100-002.png\",\"width\":2100,\"height\":1050,\"caption\":\"Taboo Slovakia s.r.o.\"},\"image\":{\"@id\":\"https:\/\/taboofashion.com\/hu\/#\/schema\/logo\/image\/\"},\"sameAs\":[\"https:\/\/www.facebook.com\/TabooSlovakia\",\"https:\/\/www.linkedin.com\/company\/541747\/\",\"https:\/\/www.instagram.com\/taboofashion.com1\/\"]}]}<\/script>\n<meta property=\"product:brand\" content=\"Premier\" \/>\n<meta property=\"og:availability\" content=\"instock\" \/>\n<meta property=\"product:availability\" content=\"instock\" \/>\n<meta property=\"product:retailer_item_id\" content=\"39ZK01s18dn\" \/>\n<meta property=\"product:condition\" content=\"new\" \/>\n<!-- \/ Yoast SEO plugin. -->","yoast_head_json":{"title":"F\u0151katal\u00f3gus F\u0151katal\u00f3gus &#8211; Fashion shop","robots":{"index":"index","follow":"follow","max-snippet":"max-snippet:-1","max-image-preview":"max-image-preview:large","max-video-preview":"max-video-preview:-1"},"canonical":"https:\/\/taboofashion.com\/hu\/shop\/premier-fokatalogus-fokatalogus\/","og_locale":"hu_HU","og_type":"article","og_title":"F\u0151katal\u00f3gus F\u0151katal\u00f3gus &#8211; Fashion shop","og_description":"csere \u00e9s visszak\u00fcld\u00e9s kiz\u00e1rva, 47 oldal, a katal\u00f3gus a k\u00f6vetkez\u0151 v\u00e1ltozatokban \u00e9rhet\u0151 el: DE N &#8211; n\u00e9met \u00e1rak n\u00e9lk\u00fcl, EN N &#8211; angol \u00e1rak n\u00e9lk\u00fcl","og_url":"https:\/\/taboofashion.com\/hu\/shop\/premier-fokatalogus-fokatalogus\/","og_site_name":"Fashion shop","article_publisher":"https:\/\/www.facebook.com\/TabooSlovakia","twitter_card":"summary_large_image","schema":{"@context":"https:\/\/schema.org","@graph":[{"@type":"WebPage","@id":"https:\/\/taboofashion.com\/hu\/shop\/premier-fokatalogus-fokatalogus\/","url":"https:\/\/taboofashion.com\/hu\/shop\/premier-fokatalogus-fokatalogus\/","name":"F\u0151katal\u00f3gus F\u0151katal\u00f3gus &#8211; Fashion shop","isPartOf":{"@id":"https:\/\/taboofashion.com\/hu\/#website"},"datePublished":"2022-08-30T04:19:50+00:00","dateModified":"2022-08-30T04:19:50+00:00","breadcrumb":{"@id":"https:\/\/taboofashion.com\/hu\/shop\/premier-fokatalogus-fokatalogus\/#breadcrumb"},"inLanguage":"hu","potentialAction":[{"@type":"ReadAction","target":["https:\/\/taboofashion.com\/hu\/shop\/premier-fokatalogus-fokatalogus\/"]}]},{"@type":"BreadcrumbList","@id":"https:\/\/taboofashion.com\/hu\/shop\/premier-fokatalogus-fokatalogus\/#breadcrumb","itemListElement":[{"@type":"ListItem","position":1,"name":"Home","item":"https:\/\/taboofashion.com\/hu\/"},{"@type":"ListItem","position":2,"name":"Bolt","item":"https:\/\/taboofashion.com\/hu\/"},{"@type":"ListItem","position":3,"name":"F\u0151katal\u00f3gus F\u0151katal\u00f3gus"}]},{"@type":"WebSite","@id":"https:\/\/taboofashion.com\/hu\/#website","url":"https:\/\/taboofashion.com\/hu\/","name":"Fashion shop","description":"","publisher":{"@id":"https:\/\/taboofashion.com\/hu\/#organization"},"potentialAction":[{"@type":"SearchAction","target":{"@type":"EntryPoint","urlTemplate":"https:\/\/taboofashion.com\/hu\/?s={search_term_string}"},"query-input":"required name=search_term_string"}],"inLanguage":"hu"},{"@type":"Organization","@id":"https:\/\/taboofashion.com\/hu\/#organization","name":"Taboo Slovakia s.r.o.","url":"https:\/\/taboofashion.com\/hu\/","logo":{"@type":"ImageObject","inLanguage":"hu","@id":"https:\/\/taboofashion.com\/hu\/#\/schema\/logo\/image\/","url":"https:\/\/taboofashion.com\/wp-content\/uploads\/2022\/12\/taboologo2100-002.png","contentUrl":"https:\/\/taboofashion.com\/wp-content\/uploads\/2022\/12\/taboologo2100-002.png","width":2100,"height":1050,"caption":"Taboo Slovakia s.r.o."},"image":{"@id":"https:\/\/taboofashion.com\/hu\/#\/schema\/logo\/image\/"},"sameAs":["https:\/\/www.facebook.com\/TabooSlovakia","https:\/\/www.linkedin.com\/company\/541747\/","https:\/\/www.instagram.com\/taboofashion.com1\/"]}]},"product_brand":"Premier","og_availability":"instock","product_availability":"instock","product_retailer_item_id":"39ZK01s18dn","product_condition":"new"},"_links":{"self":[{"href":"https:\/\/taboofashion.com\/hu\/wp-json\/wp\/v2\/product\/660835","targetHints":{"allow":["GET"]}}],"collection":[{"href":"https:\/\/taboofashion.com\/hu\/wp-json\/wp\/v2\/product"}],"about":[{"href":"https:\/\/taboofashion.com\/hu\/wp-json\/wp\/v2\/types\/product"}],"wp:featuredmedia":[{"embeddable":true,"href":"https:\/\/taboofashion.com\/hu\/wp-json\/wp\/v2\/media\/610335"}],"wp:attachment":[{"href":"https:\/\/taboofashion.com\/hu\/wp-json\/wp\/v2\/media?parent=660835"}],"wp:term":[{"taxonomy":"product_cat","embeddable":true,"href":"https:\/\/taboofashion.com\/hu\/wp-json\/wp\/v2\/product_cat?post=660835"},{"taxonomy":"product_tag","embeddable":true,"href":"https:\/\/taboofashion.com\/hu\/wp-json\/wp\/v2\/product_tag?post=660835"}],"curies":[{"name":"wp","href":"https:\/\/api.w.org\/{rel}","templated":true}]}}