{"id":660911,"date":"2022-08-30T06:09:24","date_gmt":"2022-08-30T04:09:24","guid":{"rendered":"https:\/\/taboofashion.com\/shop\/premier-pr803-men-fleece-melly-kezmuves\/"},"modified":"2022-08-30T06:09:24","modified_gmt":"2022-08-30T04:09:24","slug":"premier-pr803-men-fleece-melly-kezmuves","status":"publish","type":"product","link":"https:\/\/taboofashion.com\/hu\/shop\/premier-pr803-men-fleece-melly-kezmuves\/","title":{"rendered":"PR803 f\u00e9rfi pol\u00e1r mell\u00e9ny &#8222;Artisan&#8221;"},"content":{"rendered":"<p>Szeg\u00e9ly a karlyukon \u00e9s a gall\u00e9rn\u00e1l, 2 ir\u00e1ny\u00fa cipz\u00e1r, 2 cipz\u00e1ros oldalzseb, kontrasztos zsebek \u00e9s cipz\u00e1r, 40\u00b0-ban moshat\u00f3<\/p>\n","protected":false},"excerpt":{"rendered":"<p>260g\/m\u00b2, 100% poli\u00e9szter<\/p>\n","protected":false},"featured_media":608281,"template":"","meta":[],"product_cat":[3625,3611],"product_tag":[],"class_list":{"0":"post-660911","1":"product","2":"type-product","3":"status-publish","4":"has-post-thumbnail","6":"product_cat-munkaruha-vedoruhazat","7":"product_cat-polar-pulover","8":"pa_brand-premier-hu","9":"pa_colour-bordo-barna","10":"pa_colour-fekete-fekete-hu","11":"pa_colour-moha-zold-barna","12":"pa_colour-tengereszgyalogsag-barna","13":"pa_size-3xl-hu","14":"pa_size-l-hu","15":"pa_size-m-hu","16":"pa_size-s-hu","17":"pa_size-xl-hu","18":"pa_size-xxl-hu","20":"first","21":"instock","22":"taxable","23":"shipping-taxable","24":"purchasable","25":"product-type-variable","26":"has-default-attributes"},"yoast_head":"<!-- This site is optimized with the Yoast SEO plugin v21.8 - https:\/\/yoast.com\/wordpress\/plugins\/seo\/ -->\n<title>PR803 f\u00e9rfi pol\u00e1r mell\u00e9ny &quot;Artisan&quot; &#8211; Fashion shop<\/title>\n<meta name=\"robots\" content=\"index, follow, max-snippet:-1, max-image-preview:large, max-video-preview:-1\" \/>\n<link rel=\"canonical\" href=\"https:\/\/taboofashion.com\/hu\/shop\/premier-pr803-men-fleece-melly-kezmuves\/\" \/>\n<meta property=\"og:locale\" content=\"hu_HU\" \/>\n<meta property=\"og:type\" content=\"article\" \/>\n<meta property=\"og:title\" content=\"PR803 f\u00e9rfi pol\u00e1r mell\u00e9ny &quot;Artisan&quot; &#8211; Fashion shop\" \/>\n<meta property=\"og:description\" content=\"260g\/m\u00b2, 100% poli\u00e9szter\" \/>\n<meta property=\"og:url\" content=\"https:\/\/taboofashion.com\/hu\/shop\/premier-pr803-men-fleece-melly-kezmuves\/\" \/>\n<meta property=\"og:site_name\" content=\"Fashion shop\" \/>\n<meta property=\"article:publisher\" content=\"https:\/\/www.facebook.com\/TabooSlovakia\" \/>\n<meta name=\"twitter:card\" content=\"summary_large_image\" \/>\n<script type=\"application\/ld+json\" class=\"yoast-schema-graph\">{\"@context\":\"https:\/\/schema.org\",\"@graph\":[{\"@type\":\"WebPage\",\"@id\":\"https:\/\/taboofashion.com\/hu\/shop\/premier-pr803-men-fleece-melly-kezmuves\/\",\"url\":\"https:\/\/taboofashion.com\/hu\/shop\/premier-pr803-men-fleece-melly-kezmuves\/\",\"name\":\"PR803 f\u00e9rfi pol\u00e1r mell\u00e9ny \\\"Artisan\\\" &#8211; Fashion shop\",\"isPartOf\":{\"@id\":\"https:\/\/taboofashion.com\/hu\/#website\"},\"datePublished\":\"2022-08-30T04:09:24+00:00\",\"dateModified\":\"2022-08-30T04:09:24+00:00\",\"breadcrumb\":{\"@id\":\"https:\/\/taboofashion.com\/hu\/shop\/premier-pr803-men-fleece-melly-kezmuves\/#breadcrumb\"},\"inLanguage\":\"hu\",\"potentialAction\":[{\"@type\":\"ReadAction\",\"target\":[\"https:\/\/taboofashion.com\/hu\/shop\/premier-pr803-men-fleece-melly-kezmuves\/\"]}]},{\"@type\":\"BreadcrumbList\",\"@id\":\"https:\/\/taboofashion.com\/hu\/shop\/premier-pr803-men-fleece-melly-kezmuves\/#breadcrumb\",\"itemListElement\":[{\"@type\":\"ListItem\",\"position\":1,\"name\":\"Home\",\"item\":\"https:\/\/taboofashion.com\/hu\/\"},{\"@type\":\"ListItem\",\"position\":2,\"name\":\"Bolt\",\"item\":\"https:\/\/taboofashion.com\/hu\/\"},{\"@type\":\"ListItem\",\"position\":3,\"name\":\"PR803 f\u00e9rfi pol\u00e1r mell\u00e9ny &#8222;Artisan&#8221;\"}]},{\"@type\":\"WebSite\",\"@id\":\"https:\/\/taboofashion.com\/hu\/#website\",\"url\":\"https:\/\/taboofashion.com\/hu\/\",\"name\":\"Fashion shop\",\"description\":\"\",\"publisher\":{\"@id\":\"https:\/\/taboofashion.com\/hu\/#organization\"},\"potentialAction\":[{\"@type\":\"SearchAction\",\"target\":{\"@type\":\"EntryPoint\",\"urlTemplate\":\"https:\/\/taboofashion.com\/hu\/?s={search_term_string}\"},\"query-input\":\"required name=search_term_string\"}],\"inLanguage\":\"hu\"},{\"@type\":\"Organization\",\"@id\":\"https:\/\/taboofashion.com\/hu\/#organization\",\"name\":\"Taboo Slovakia s.r.o.\",\"url\":\"https:\/\/taboofashion.com\/hu\/\",\"logo\":{\"@type\":\"ImageObject\",\"inLanguage\":\"hu\",\"@id\":\"https:\/\/taboofashion.com\/hu\/#\/schema\/logo\/image\/\",\"url\":\"https:\/\/taboofashion.com\/wp-content\/uploads\/2022\/12\/taboologo2100-002.png\",\"contentUrl\":\"https:\/\/taboofashion.com\/wp-content\/uploads\/2022\/12\/taboologo2100-002.png\",\"width\":2100,\"height\":1050,\"caption\":\"Taboo Slovakia s.r.o.\"},\"image\":{\"@id\":\"https:\/\/taboofashion.com\/hu\/#\/schema\/logo\/image\/\"},\"sameAs\":[\"https:\/\/www.facebook.com\/TabooSlovakia\",\"https:\/\/www.linkedin.com\/company\/541747\/\",\"https:\/\/www.instagram.com\/taboofashion.com1\/\"]}]}<\/script>\n<meta property=\"product:brand\" content=\"Premier\" \/>\n<meta property=\"og:availability\" content=\"instock\" \/>\n<meta property=\"product:availability\" content=\"instock\" \/>\n<meta property=\"product:retailer_item_id\" content=\"39080380801\" \/>\n<meta property=\"product:condition\" content=\"new\" \/>\n<!-- \/ Yoast SEO plugin. -->","yoast_head_json":{"title":"PR803 f\u00e9rfi pol\u00e1r mell\u00e9ny \"Artisan\" &#8211; Fashion shop","robots":{"index":"index","follow":"follow","max-snippet":"max-snippet:-1","max-image-preview":"max-image-preview:large","max-video-preview":"max-video-preview:-1"},"canonical":"https:\/\/taboofashion.com\/hu\/shop\/premier-pr803-men-fleece-melly-kezmuves\/","og_locale":"hu_HU","og_type":"article","og_title":"PR803 f\u00e9rfi pol\u00e1r mell\u00e9ny \"Artisan\" &#8211; Fashion shop","og_description":"260g\/m\u00b2, 100% poli\u00e9szter","og_url":"https:\/\/taboofashion.com\/hu\/shop\/premier-pr803-men-fleece-melly-kezmuves\/","og_site_name":"Fashion shop","article_publisher":"https:\/\/www.facebook.com\/TabooSlovakia","twitter_card":"summary_large_image","schema":{"@context":"https:\/\/schema.org","@graph":[{"@type":"WebPage","@id":"https:\/\/taboofashion.com\/hu\/shop\/premier-pr803-men-fleece-melly-kezmuves\/","url":"https:\/\/taboofashion.com\/hu\/shop\/premier-pr803-men-fleece-melly-kezmuves\/","name":"PR803 f\u00e9rfi pol\u00e1r mell\u00e9ny \"Artisan\" &#8211; Fashion shop","isPartOf":{"@id":"https:\/\/taboofashion.com\/hu\/#website"},"datePublished":"2022-08-30T04:09:24+00:00","dateModified":"2022-08-30T04:09:24+00:00","breadcrumb":{"@id":"https:\/\/taboofashion.com\/hu\/shop\/premier-pr803-men-fleece-melly-kezmuves\/#breadcrumb"},"inLanguage":"hu","potentialAction":[{"@type":"ReadAction","target":["https:\/\/taboofashion.com\/hu\/shop\/premier-pr803-men-fleece-melly-kezmuves\/"]}]},{"@type":"BreadcrumbList","@id":"https:\/\/taboofashion.com\/hu\/shop\/premier-pr803-men-fleece-melly-kezmuves\/#breadcrumb","itemListElement":[{"@type":"ListItem","position":1,"name":"Home","item":"https:\/\/taboofashion.com\/hu\/"},{"@type":"ListItem","position":2,"name":"Bolt","item":"https:\/\/taboofashion.com\/hu\/"},{"@type":"ListItem","position":3,"name":"PR803 f\u00e9rfi pol\u00e1r mell\u00e9ny &#8222;Artisan&#8221;"}]},{"@type":"WebSite","@id":"https:\/\/taboofashion.com\/hu\/#website","url":"https:\/\/taboofashion.com\/hu\/","name":"Fashion shop","description":"","publisher":{"@id":"https:\/\/taboofashion.com\/hu\/#organization"},"potentialAction":[{"@type":"SearchAction","target":{"@type":"EntryPoint","urlTemplate":"https:\/\/taboofashion.com\/hu\/?s={search_term_string}"},"query-input":"required name=search_term_string"}],"inLanguage":"hu"},{"@type":"Organization","@id":"https:\/\/taboofashion.com\/hu\/#organization","name":"Taboo Slovakia s.r.o.","url":"https:\/\/taboofashion.com\/hu\/","logo":{"@type":"ImageObject","inLanguage":"hu","@id":"https:\/\/taboofashion.com\/hu\/#\/schema\/logo\/image\/","url":"https:\/\/taboofashion.com\/wp-content\/uploads\/2022\/12\/taboologo2100-002.png","contentUrl":"https:\/\/taboofashion.com\/wp-content\/uploads\/2022\/12\/taboologo2100-002.png","width":2100,"height":1050,"caption":"Taboo Slovakia s.r.o."},"image":{"@id":"https:\/\/taboofashion.com\/hu\/#\/schema\/logo\/image\/"},"sameAs":["https:\/\/www.facebook.com\/TabooSlovakia","https:\/\/www.linkedin.com\/company\/541747\/","https:\/\/www.instagram.com\/taboofashion.com1\/"]}]},"product_brand":"Premier","og_availability":"instock","product_availability":"instock","product_retailer_item_id":"39080380801","product_condition":"new"},"_links":{"self":[{"href":"https:\/\/taboofashion.com\/hu\/wp-json\/wp\/v2\/product\/660911","targetHints":{"allow":["GET"]}}],"collection":[{"href":"https:\/\/taboofashion.com\/hu\/wp-json\/wp\/v2\/product"}],"about":[{"href":"https:\/\/taboofashion.com\/hu\/wp-json\/wp\/v2\/types\/product"}],"wp:featuredmedia":[{"embeddable":true,"href":"https:\/\/taboofashion.com\/hu\/wp-json\/wp\/v2\/media\/608281"}],"wp:attachment":[{"href":"https:\/\/taboofashion.com\/hu\/wp-json\/wp\/v2\/media?parent=660911"}],"wp:term":[{"taxonomy":"product_cat","embeddable":true,"href":"https:\/\/taboofashion.com\/hu\/wp-json\/wp\/v2\/product_cat?post=660911"},{"taxonomy":"product_tag","embeddable":true,"href":"https:\/\/taboofashion.com\/hu\/wp-json\/wp\/v2\/product_tag?post=660911"}],"curies":[{"name":"wp","href":"https:\/\/api.w.org\/{rel}","templated":true}]}}