{"id":661785,"date":"2022-08-28T22:13:46","date_gmt":"2022-08-28T20:13:46","guid":{"rendered":"https:\/\/taboofashion.com\/shop\/rtp-ruhazat-tempo-145-noi-noi-digitalis-print-organic-polo-10-csomag\/"},"modified":"2023-05-12T17:55:23","modified_gmt":"2023-05-12T15:55:23","slug":"rtp-ruha-tempo-145-noi-noi-digitalis-mintas-organikus-polo-10-csomag","status":"publish","type":"product","link":"https:\/\/taboofashion.com\/hu\/shop\/rtp-ruha-tempo-145-noi-noi-digitalis-mintas-organikus-polo-10-csomag\/","title":{"rendered":"Tempo 145 n\u0151i digit\u00e1lisan nyomtatott bio p\u00f3l\u00f3 10 csomag"},"content":{"rendered":"<p>El\u0151kezelt p\u00f3l\u00f3 digit\u00e1lis nyomtat\u00e1shoz, szabott szab\u00e1s\u00fa, bord\u00e1s k\u00f6t\u00f6tt gall\u00e9rral, nyakszalaggal, nyomtat\u00e1si ter\u00fclet: 44 x 29 cm S m\u00e9rethez. M, semleges m\u00e9ret\u0171 c\u00edmke, csak k\u00f6tegben kaphat\u00f3, visszak\u00fcld\u00e9s csak az eredeti polybag-ben lehets\u00e9ges, fontos t\u00e1rol\u00e1si \u00e9s kezel\u00e9si utas\u00edt\u00e1sok: stabil h\u0151m\u00e9rs\u00e9klet 30\u00b0 alatt, p\u00e1ratartalom 65% alatt, pormentes k\u00f6rnyezet, gondos kezel\u00e9s (nincs d\u00f6rzs\u00f6l\u00e9s, nincs ny\u00fal\u00e1s) , nincs k\u00f6zvetlen f\u00e9ny vagy napf\u00e9ny, a polybag-b\u0151l kicsomagol\u00e1s csak a nyomtat\u00e1si folyamat el\u0151tt javasolt, a fel nem haszn\u00e1lt t\u00e1rgyak a polybag-ben &#8211; a t\u00falzott nedvess\u00e9g elker\u00fcl\u00e9se \u00e9rdek\u00e9ben az inget nyomtat\u00e1s el\u0151tt 3-5 m\u00e1sodperccel 30 perccel el\u0151pr\u00e9selhetj\u00fck, min\u00e9l sz\u00e1razabb az ing ann\u00e1l jobb a sz\u00edn ragyog\u00e1sa<\/p>\n","protected":false},"excerpt":{"rendered":"<p>145 gsm 100% min\u0151s\u00edtett bio pamut, enzimmos\u00e1s<\/p>\n","protected":false},"featured_media":609051,"template":"","meta":[],"product_cat":[3629],"product_tag":[7001],"class_list":{"0":"post-661785","1":"product","2":"type-product","3":"status-publish","4":"has-post-thumbnail","6":"product_cat-polok","7":"product_tag-sols_25_0255_tempo_145_nok","8":"pa_brand-sols-collection-hu","9":"pa_colour-feher","10":"pa_colour-francia-haditengereszet","11":"pa_colour-melyfekete-hu","12":"pa_colour-szurke-melange","13":"pa_size-xs-hu","14":"pa_size-s-hu","15":"pa_size-m-hu","16":"pa_size-l-hu","17":"pa_size-xl-hu","18":"pa_size-xxl-hu","20":"first","21":"instock","22":"taxable","23":"shipping-taxable","24":"purchasable","25":"product-type-variable","26":"has-default-attributes"},"yoast_head":"<!-- This site is optimized with the Yoast SEO plugin v21.8 - https:\/\/yoast.com\/wordpress\/plugins\/seo\/ -->\n<title>Tempo 145 n\u0151i digit\u00e1lisan nyomtatott bio p\u00f3l\u00f3 10 csomag &#8211; Fashion shop<\/title>\n<meta name=\"robots\" content=\"index, follow, max-snippet:-1, max-image-preview:large, max-video-preview:-1\" \/>\n<link rel=\"canonical\" href=\"https:\/\/taboofashion.com\/hu\/shop\/rtp-ruha-tempo-145-noi-noi-digitalis-mintas-organikus-polo-10-csomag\/\" \/>\n<meta property=\"og:locale\" content=\"hu_HU\" \/>\n<meta property=\"og:type\" content=\"article\" \/>\n<meta property=\"og:title\" content=\"Tempo 145 n\u0151i digit\u00e1lisan nyomtatott bio p\u00f3l\u00f3 10 csomag &#8211; Fashion shop\" \/>\n<meta property=\"og:description\" content=\"145 gsm 100% min\u0151s\u00edtett bio pamut, enzimmos\u00e1s\" \/>\n<meta property=\"og:url\" content=\"https:\/\/taboofashion.com\/hu\/shop\/rtp-ruha-tempo-145-noi-noi-digitalis-mintas-organikus-polo-10-csomag\/\" \/>\n<meta property=\"og:site_name\" content=\"Fashion shop\" \/>\n<meta property=\"article:publisher\" content=\"https:\/\/www.facebook.com\/TabooSlovakia\" \/>\n<meta property=\"article:modified_time\" content=\"2023-05-12T15:55:23+00:00\" \/>\n<meta property=\"og:image\" content=\"https:\/\/taboofashion.com\/wp-content\/uploads\/2022\/08\/SOLS_25_0255_Tempo_145_Women.jpg\" \/>\n\t<meta property=\"og:image:width\" content=\"1000\" \/>\n\t<meta property=\"og:image:height\" content=\"1000\" \/>\n\t<meta property=\"og:image:type\" content=\"image\/jpeg\" \/>\n<meta name=\"twitter:card\" content=\"summary_large_image\" \/>\n<script type=\"application\/ld+json\" class=\"yoast-schema-graph\">{\"@context\":\"https:\/\/schema.org\",\"@graph\":[{\"@type\":\"WebPage\",\"@id\":\"https:\/\/taboofashion.com\/hu\/shop\/rtp-ruha-tempo-145-noi-noi-digitalis-mintas-organikus-polo-10-csomag\/\",\"url\":\"https:\/\/taboofashion.com\/hu\/shop\/rtp-ruha-tempo-145-noi-noi-digitalis-mintas-organikus-polo-10-csomag\/\",\"name\":\"Tempo 145 n\u0151i digit\u00e1lisan nyomtatott bio p\u00f3l\u00f3 10 csomag &#8211; Fashion shop\",\"isPartOf\":{\"@id\":\"https:\/\/taboofashion.com\/hu\/#website\"},\"datePublished\":\"2022-08-28T20:13:46+00:00\",\"dateModified\":\"2023-05-12T15:55:23+00:00\",\"breadcrumb\":{\"@id\":\"https:\/\/taboofashion.com\/hu\/shop\/rtp-ruha-tempo-145-noi-noi-digitalis-mintas-organikus-polo-10-csomag\/#breadcrumb\"},\"inLanguage\":\"hu\",\"potentialAction\":[{\"@type\":\"ReadAction\",\"target\":[\"https:\/\/taboofashion.com\/hu\/shop\/rtp-ruha-tempo-145-noi-noi-digitalis-mintas-organikus-polo-10-csomag\/\"]}]},{\"@type\":\"BreadcrumbList\",\"@id\":\"https:\/\/taboofashion.com\/hu\/shop\/rtp-ruha-tempo-145-noi-noi-digitalis-mintas-organikus-polo-10-csomag\/#breadcrumb\",\"itemListElement\":[{\"@type\":\"ListItem\",\"position\":1,\"name\":\"Home\",\"item\":\"https:\/\/taboofashion.com\/hu\/\"},{\"@type\":\"ListItem\",\"position\":2,\"name\":\"Bolt\",\"item\":\"https:\/\/taboofashion.com\/hu\/\"},{\"@type\":\"ListItem\",\"position\":3,\"name\":\"Tempo 145 n\u0151i digit\u00e1lisan nyomtatott bio p\u00f3l\u00f3 10 csomag\"}]},{\"@type\":\"WebSite\",\"@id\":\"https:\/\/taboofashion.com\/hu\/#website\",\"url\":\"https:\/\/taboofashion.com\/hu\/\",\"name\":\"Fashion shop\",\"description\":\"\",\"publisher\":{\"@id\":\"https:\/\/taboofashion.com\/hu\/#organization\"},\"potentialAction\":[{\"@type\":\"SearchAction\",\"target\":{\"@type\":\"EntryPoint\",\"urlTemplate\":\"https:\/\/taboofashion.com\/hu\/?s={search_term_string}\"},\"query-input\":\"required name=search_term_string\"}],\"inLanguage\":\"hu\"},{\"@type\":\"Organization\",\"@id\":\"https:\/\/taboofashion.com\/hu\/#organization\",\"name\":\"Taboo Slovakia s.r.o.\",\"url\":\"https:\/\/taboofashion.com\/hu\/\",\"logo\":{\"@type\":\"ImageObject\",\"inLanguage\":\"hu\",\"@id\":\"https:\/\/taboofashion.com\/hu\/#\/schema\/logo\/image\/\",\"url\":\"https:\/\/taboofashion.com\/wp-content\/uploads\/2022\/12\/taboologo2100-002.png\",\"contentUrl\":\"https:\/\/taboofashion.com\/wp-content\/uploads\/2022\/12\/taboologo2100-002.png\",\"width\":2100,\"height\":1050,\"caption\":\"Taboo Slovakia s.r.o.\"},\"image\":{\"@id\":\"https:\/\/taboofashion.com\/hu\/#\/schema\/logo\/image\/\"},\"sameAs\":[\"https:\/\/www.facebook.com\/TabooSlovakia\",\"https:\/\/www.linkedin.com\/company\/541747\/\",\"https:\/\/www.instagram.com\/taboofashion.com1\/\"]}]}<\/script>\n<meta property=\"product:brand\" content=\"SOL&#039;s Collection\" \/>\n<meta property=\"og:availability\" content=\"instock\" \/>\n<meta property=\"product:availability\" content=\"instock\" \/>\n<meta property=\"product:retailer_item_id\" content=\"25025500100\" \/>\n<meta property=\"product:condition\" content=\"new\" \/>\n<!-- \/ Yoast SEO plugin. -->","yoast_head_json":{"title":"Tempo 145 n\u0151i digit\u00e1lisan nyomtatott bio p\u00f3l\u00f3 10 csomag &#8211; Fashion shop","robots":{"index":"index","follow":"follow","max-snippet":"max-snippet:-1","max-image-preview":"max-image-preview:large","max-video-preview":"max-video-preview:-1"},"canonical":"https:\/\/taboofashion.com\/hu\/shop\/rtp-ruha-tempo-145-noi-noi-digitalis-mintas-organikus-polo-10-csomag\/","og_locale":"hu_HU","og_type":"article","og_title":"Tempo 145 n\u0151i digit\u00e1lisan nyomtatott bio p\u00f3l\u00f3 10 csomag &#8211; Fashion shop","og_description":"145 gsm 100% min\u0151s\u00edtett bio pamut, enzimmos\u00e1s","og_url":"https:\/\/taboofashion.com\/hu\/shop\/rtp-ruha-tempo-145-noi-noi-digitalis-mintas-organikus-polo-10-csomag\/","og_site_name":"Fashion shop","article_publisher":"https:\/\/www.facebook.com\/TabooSlovakia","article_modified_time":"2023-05-12T15:55:23+00:00","og_image":[{"width":1000,"height":1000,"url":"https:\/\/taboofashion.com\/wp-content\/uploads\/2022\/08\/SOLS_25_0255_Tempo_145_Women.jpg","type":"image\/jpeg"}],"twitter_card":"summary_large_image","schema":{"@context":"https:\/\/schema.org","@graph":[{"@type":"WebPage","@id":"https:\/\/taboofashion.com\/hu\/shop\/rtp-ruha-tempo-145-noi-noi-digitalis-mintas-organikus-polo-10-csomag\/","url":"https:\/\/taboofashion.com\/hu\/shop\/rtp-ruha-tempo-145-noi-noi-digitalis-mintas-organikus-polo-10-csomag\/","name":"Tempo 145 n\u0151i digit\u00e1lisan nyomtatott bio p\u00f3l\u00f3 10 csomag &#8211; Fashion shop","isPartOf":{"@id":"https:\/\/taboofashion.com\/hu\/#website"},"datePublished":"2022-08-28T20:13:46+00:00","dateModified":"2023-05-12T15:55:23+00:00","breadcrumb":{"@id":"https:\/\/taboofashion.com\/hu\/shop\/rtp-ruha-tempo-145-noi-noi-digitalis-mintas-organikus-polo-10-csomag\/#breadcrumb"},"inLanguage":"hu","potentialAction":[{"@type":"ReadAction","target":["https:\/\/taboofashion.com\/hu\/shop\/rtp-ruha-tempo-145-noi-noi-digitalis-mintas-organikus-polo-10-csomag\/"]}]},{"@type":"BreadcrumbList","@id":"https:\/\/taboofashion.com\/hu\/shop\/rtp-ruha-tempo-145-noi-noi-digitalis-mintas-organikus-polo-10-csomag\/#breadcrumb","itemListElement":[{"@type":"ListItem","position":1,"name":"Home","item":"https:\/\/taboofashion.com\/hu\/"},{"@type":"ListItem","position":2,"name":"Bolt","item":"https:\/\/taboofashion.com\/hu\/"},{"@type":"ListItem","position":3,"name":"Tempo 145 n\u0151i digit\u00e1lisan nyomtatott bio p\u00f3l\u00f3 10 csomag"}]},{"@type":"WebSite","@id":"https:\/\/taboofashion.com\/hu\/#website","url":"https:\/\/taboofashion.com\/hu\/","name":"Fashion shop","description":"","publisher":{"@id":"https:\/\/taboofashion.com\/hu\/#organization"},"potentialAction":[{"@type":"SearchAction","target":{"@type":"EntryPoint","urlTemplate":"https:\/\/taboofashion.com\/hu\/?s={search_term_string}"},"query-input":"required name=search_term_string"}],"inLanguage":"hu"},{"@type":"Organization","@id":"https:\/\/taboofashion.com\/hu\/#organization","name":"Taboo Slovakia s.r.o.","url":"https:\/\/taboofashion.com\/hu\/","logo":{"@type":"ImageObject","inLanguage":"hu","@id":"https:\/\/taboofashion.com\/hu\/#\/schema\/logo\/image\/","url":"https:\/\/taboofashion.com\/wp-content\/uploads\/2022\/12\/taboologo2100-002.png","contentUrl":"https:\/\/taboofashion.com\/wp-content\/uploads\/2022\/12\/taboologo2100-002.png","width":2100,"height":1050,"caption":"Taboo Slovakia s.r.o."},"image":{"@id":"https:\/\/taboofashion.com\/hu\/#\/schema\/logo\/image\/"},"sameAs":["https:\/\/www.facebook.com\/TabooSlovakia","https:\/\/www.linkedin.com\/company\/541747\/","https:\/\/www.instagram.com\/taboofashion.com1\/"]}]},"product_brand":"SOL&#039;s Collection","og_availability":"instock","product_availability":"instock","product_retailer_item_id":"25025500100","product_condition":"new"},"_links":{"self":[{"href":"https:\/\/taboofashion.com\/hu\/wp-json\/wp\/v2\/product\/661785","targetHints":{"allow":["GET"]}}],"collection":[{"href":"https:\/\/taboofashion.com\/hu\/wp-json\/wp\/v2\/product"}],"about":[{"href":"https:\/\/taboofashion.com\/hu\/wp-json\/wp\/v2\/types\/product"}],"wp:featuredmedia":[{"embeddable":true,"href":"https:\/\/taboofashion.com\/hu\/wp-json\/wp\/v2\/media\/609051"}],"wp:attachment":[{"href":"https:\/\/taboofashion.com\/hu\/wp-json\/wp\/v2\/media?parent=661785"}],"wp:term":[{"taxonomy":"product_cat","embeddable":true,"href":"https:\/\/taboofashion.com\/hu\/wp-json\/wp\/v2\/product_cat?post=661785"},{"taxonomy":"product_tag","embeddable":true,"href":"https:\/\/taboofashion.com\/hu\/wp-json\/wp\/v2\/product_tag?post=661785"}],"curies":[{"name":"wp","href":"https:\/\/api.w.org\/{rel}","templated":true}]}}