{"id":663768,"date":"2022-08-28T16:50:24","date_gmt":"2022-08-28T14:50:24","guid":{"rendered":"https:\/\/taboofashion.com\/shop\/kariban-k913-microfleece-vest-luca\/"},"modified":"2023-07-19T16:54:14","modified_gmt":"2023-07-19T14:54:14","slug":"kariban-k913-microfleece-weste-luca","status":"publish","type":"product","link":"https:\/\/taboofashion.com\/hu\/shop\/kariban-k913-microfleece-weste-luca\/","title":{"rendered":"K913 &#8222;Luca&#8221; Microfleece F\u00e9rfi mell\u00e9ny"},"content":{"rendered":"<p>\u00c1ll\u00f3gall\u00e9r, egyenes szeg\u00e9ly, 2 oldalzseb dekorat\u00edv varr\u00e1ssal, finom mikropol\u00e1r<\/p>\n","protected":false},"excerpt":{"rendered":"<p>300 gsm 100% folt\u00e1ll\u00f3 poli\u00e9szter mikropol\u00e1r<\/p>\n","protected":false},"featured_media":608322,"template":"","meta":[],"product_cat":[3611],"product_tag":[],"class_list":{"0":"post-663768","1":"product","2":"type-product","3":"status-publish","4":"has-post-thumbnail","6":"product_cat-polar-pulover","7":"pa_brand-kariban-hu","8":"pa_colour-bezs-hu","9":"pa_colour-csokolade-barna","10":"pa_colour-erdo-zold","11":"pa_colour-feher","12":"pa_colour-fekete","13":"pa_colour-felhokek-heder-2","14":"pa_colour-fluoreszkalo-narancssarga-hu","15":"pa_colour-francia-tengereszgyalogos-heather","16":"pa_colour-hoszurke-hu","17":"pa_colour-kelly-green-hu","18":"pa_colour-kiralykek","19":"pa_colour-koris-2","20":"pa_colour-lime-hu","21":"pa_colour-melykek-hu","22":"pa_colour-narancs","23":"pa_colour-piros","24":"pa_colour-sarga-hu","25":"pa_colour-sotetszurke","26":"pa_colour-szurke-2","27":"pa_colour-tengereszgyalogsag","28":"pa_colour-teveszor","29":"pa_colour-valodi-indigo","30":"pa_colour-zold-marvany-heather","31":"pa_colour-zold-olajbogyo-hu","32":"pa_colour-zsalya","33":"pa_size-3xl-hu","34":"pa_size-4xl-hu","35":"pa_size-l-hu","36":"pa_size-m-hu","37":"pa_size-s-hu","38":"pa_size-xl-hu","39":"pa_size-xxl-hu","41":"first","42":"instock","43":"taxable","44":"shipping-taxable","45":"purchasable","46":"product-type-variable","47":"has-default-attributes"},"yoast_head":"<!-- This site is optimized with the Yoast SEO plugin v21.8 - https:\/\/yoast.com\/wordpress\/plugins\/seo\/ -->\n<title>K913 &quot;Luca&quot; Microfleece F\u00e9rfi mell\u00e9ny &#8211; Fashion shop<\/title>\n<meta name=\"robots\" content=\"index, follow, max-snippet:-1, max-image-preview:large, max-video-preview:-1\" \/>\n<link rel=\"canonical\" href=\"https:\/\/taboofashion.com\/hu\/shop\/kariban-k913-microfleece-weste-luca\/\" \/>\n<meta property=\"og:locale\" content=\"hu_HU\" \/>\n<meta property=\"og:type\" content=\"article\" \/>\n<meta property=\"og:title\" content=\"K913 &quot;Luca&quot; Microfleece F\u00e9rfi mell\u00e9ny &#8211; Fashion shop\" \/>\n<meta property=\"og:description\" content=\"300 gsm 100% folt\u00e1ll\u00f3 poli\u00e9szter mikropol\u00e1r\" \/>\n<meta property=\"og:url\" content=\"https:\/\/taboofashion.com\/hu\/shop\/kariban-k913-microfleece-weste-luca\/\" \/>\n<meta property=\"og:site_name\" content=\"Fashion shop\" \/>\n<meta property=\"article:publisher\" content=\"https:\/\/www.facebook.com\/TabooSlovakia\" \/>\n<meta property=\"article:modified_time\" content=\"2023-07-19T14:54:14+00:00\" \/>\n<meta property=\"og:image\" content=\"https:\/\/taboofashion.com\/wp-content\/uploads\/2022\/08\/LS-20.K913-Kariban-K913-2.jpg\" \/>\n\t<meta property=\"og:image:width\" content=\"1000\" \/>\n\t<meta property=\"og:image:height\" content=\"1000\" \/>\n\t<meta property=\"og:image:type\" content=\"image\/jpeg\" \/>\n<meta name=\"twitter:card\" content=\"summary_large_image\" \/>\n<script type=\"application\/ld+json\" class=\"yoast-schema-graph\">{\"@context\":\"https:\/\/schema.org\",\"@graph\":[{\"@type\":\"WebPage\",\"@id\":\"https:\/\/taboofashion.com\/hu\/shop\/kariban-k913-microfleece-weste-luca\/\",\"url\":\"https:\/\/taboofashion.com\/hu\/shop\/kariban-k913-microfleece-weste-luca\/\",\"name\":\"K913 \\\"Luca\\\" Microfleece F\u00e9rfi mell\u00e9ny &#8211; Fashion shop\",\"isPartOf\":{\"@id\":\"https:\/\/taboofashion.com\/hu\/#website\"},\"datePublished\":\"2022-08-28T14:50:24+00:00\",\"dateModified\":\"2023-07-19T14:54:14+00:00\",\"breadcrumb\":{\"@id\":\"https:\/\/taboofashion.com\/hu\/shop\/kariban-k913-microfleece-weste-luca\/#breadcrumb\"},\"inLanguage\":\"hu\",\"potentialAction\":[{\"@type\":\"ReadAction\",\"target\":[\"https:\/\/taboofashion.com\/hu\/shop\/kariban-k913-microfleece-weste-luca\/\"]}]},{\"@type\":\"BreadcrumbList\",\"@id\":\"https:\/\/taboofashion.com\/hu\/shop\/kariban-k913-microfleece-weste-luca\/#breadcrumb\",\"itemListElement\":[{\"@type\":\"ListItem\",\"position\":1,\"name\":\"Home\",\"item\":\"https:\/\/taboofashion.com\/hu\/\"},{\"@type\":\"ListItem\",\"position\":2,\"name\":\"Bolt\",\"item\":\"https:\/\/taboofashion.com\/hu\/\"},{\"@type\":\"ListItem\",\"position\":3,\"name\":\"K913 &#8220;Luca&#8221; Microfleece F\u00e9rfi mell\u00e9ny\"}]},{\"@type\":\"WebSite\",\"@id\":\"https:\/\/taboofashion.com\/hu\/#website\",\"url\":\"https:\/\/taboofashion.com\/hu\/\",\"name\":\"Fashion shop\",\"description\":\"\",\"publisher\":{\"@id\":\"https:\/\/taboofashion.com\/hu\/#organization\"},\"potentialAction\":[{\"@type\":\"SearchAction\",\"target\":{\"@type\":\"EntryPoint\",\"urlTemplate\":\"https:\/\/taboofashion.com\/hu\/?s={search_term_string}\"},\"query-input\":\"required name=search_term_string\"}],\"inLanguage\":\"hu\"},{\"@type\":\"Organization\",\"@id\":\"https:\/\/taboofashion.com\/hu\/#organization\",\"name\":\"Taboo Slovakia s.r.o.\",\"url\":\"https:\/\/taboofashion.com\/hu\/\",\"logo\":{\"@type\":\"ImageObject\",\"inLanguage\":\"hu\",\"@id\":\"https:\/\/taboofashion.com\/hu\/#\/schema\/logo\/image\/\",\"url\":\"https:\/\/taboofashion.com\/wp-content\/uploads\/2022\/12\/taboologo2100-002.png\",\"contentUrl\":\"https:\/\/taboofashion.com\/wp-content\/uploads\/2022\/12\/taboologo2100-002.png\",\"width\":2100,\"height\":1050,\"caption\":\"Taboo Slovakia s.r.o.\"},\"image\":{\"@id\":\"https:\/\/taboofashion.com\/hu\/#\/schema\/logo\/image\/\"},\"sameAs\":[\"https:\/\/www.facebook.com\/TabooSlovakia\",\"https:\/\/www.linkedin.com\/company\/541747\/\",\"https:\/\/www.instagram.com\/taboofashion.com1\/\"]}]}<\/script>\n<meta property=\"product:brand\" content=\"Kariban\" \/>\n<meta property=\"og:availability\" content=\"instock\" \/>\n<meta property=\"product:availability\" content=\"instock\" \/>\n<meta property=\"product:retailer_item_id\" content=\"20K91300101\" \/>\n<meta property=\"product:condition\" content=\"new\" \/>\n<!-- \/ Yoast SEO plugin. -->","yoast_head_json":{"title":"K913 \"Luca\" Microfleece F\u00e9rfi mell\u00e9ny &#8211; Fashion shop","robots":{"index":"index","follow":"follow","max-snippet":"max-snippet:-1","max-image-preview":"max-image-preview:large","max-video-preview":"max-video-preview:-1"},"canonical":"https:\/\/taboofashion.com\/hu\/shop\/kariban-k913-microfleece-weste-luca\/","og_locale":"hu_HU","og_type":"article","og_title":"K913 \"Luca\" Microfleece F\u00e9rfi mell\u00e9ny &#8211; Fashion shop","og_description":"300 gsm 100% folt\u00e1ll\u00f3 poli\u00e9szter mikropol\u00e1r","og_url":"https:\/\/taboofashion.com\/hu\/shop\/kariban-k913-microfleece-weste-luca\/","og_site_name":"Fashion shop","article_publisher":"https:\/\/www.facebook.com\/TabooSlovakia","article_modified_time":"2023-07-19T14:54:14+00:00","og_image":[{"width":1000,"height":1000,"url":"https:\/\/taboofashion.com\/wp-content\/uploads\/2022\/08\/LS-20.K913-Kariban-K913-2.jpg","type":"image\/jpeg"}],"twitter_card":"summary_large_image","schema":{"@context":"https:\/\/schema.org","@graph":[{"@type":"WebPage","@id":"https:\/\/taboofashion.com\/hu\/shop\/kariban-k913-microfleece-weste-luca\/","url":"https:\/\/taboofashion.com\/hu\/shop\/kariban-k913-microfleece-weste-luca\/","name":"K913 \"Luca\" Microfleece F\u00e9rfi mell\u00e9ny &#8211; Fashion shop","isPartOf":{"@id":"https:\/\/taboofashion.com\/hu\/#website"},"datePublished":"2022-08-28T14:50:24+00:00","dateModified":"2023-07-19T14:54:14+00:00","breadcrumb":{"@id":"https:\/\/taboofashion.com\/hu\/shop\/kariban-k913-microfleece-weste-luca\/#breadcrumb"},"inLanguage":"hu","potentialAction":[{"@type":"ReadAction","target":["https:\/\/taboofashion.com\/hu\/shop\/kariban-k913-microfleece-weste-luca\/"]}]},{"@type":"BreadcrumbList","@id":"https:\/\/taboofashion.com\/hu\/shop\/kariban-k913-microfleece-weste-luca\/#breadcrumb","itemListElement":[{"@type":"ListItem","position":1,"name":"Home","item":"https:\/\/taboofashion.com\/hu\/"},{"@type":"ListItem","position":2,"name":"Bolt","item":"https:\/\/taboofashion.com\/hu\/"},{"@type":"ListItem","position":3,"name":"K913 &#8220;Luca&#8221; Microfleece F\u00e9rfi mell\u00e9ny"}]},{"@type":"WebSite","@id":"https:\/\/taboofashion.com\/hu\/#website","url":"https:\/\/taboofashion.com\/hu\/","name":"Fashion shop","description":"","publisher":{"@id":"https:\/\/taboofashion.com\/hu\/#organization"},"potentialAction":[{"@type":"SearchAction","target":{"@type":"EntryPoint","urlTemplate":"https:\/\/taboofashion.com\/hu\/?s={search_term_string}"},"query-input":"required name=search_term_string"}],"inLanguage":"hu"},{"@type":"Organization","@id":"https:\/\/taboofashion.com\/hu\/#organization","name":"Taboo Slovakia s.r.o.","url":"https:\/\/taboofashion.com\/hu\/","logo":{"@type":"ImageObject","inLanguage":"hu","@id":"https:\/\/taboofashion.com\/hu\/#\/schema\/logo\/image\/","url":"https:\/\/taboofashion.com\/wp-content\/uploads\/2022\/12\/taboologo2100-002.png","contentUrl":"https:\/\/taboofashion.com\/wp-content\/uploads\/2022\/12\/taboologo2100-002.png","width":2100,"height":1050,"caption":"Taboo Slovakia s.r.o."},"image":{"@id":"https:\/\/taboofashion.com\/hu\/#\/schema\/logo\/image\/"},"sameAs":["https:\/\/www.facebook.com\/TabooSlovakia","https:\/\/www.linkedin.com\/company\/541747\/","https:\/\/www.instagram.com\/taboofashion.com1\/"]}]},"product_brand":"Kariban","og_availability":"instock","product_availability":"instock","product_retailer_item_id":"20K91300101","product_condition":"new"},"_links":{"self":[{"href":"https:\/\/taboofashion.com\/hu\/wp-json\/wp\/v2\/product\/663768","targetHints":{"allow":["GET"]}}],"collection":[{"href":"https:\/\/taboofashion.com\/hu\/wp-json\/wp\/v2\/product"}],"about":[{"href":"https:\/\/taboofashion.com\/hu\/wp-json\/wp\/v2\/types\/product"}],"wp:featuredmedia":[{"embeddable":true,"href":"https:\/\/taboofashion.com\/hu\/wp-json\/wp\/v2\/media\/608322"}],"wp:attachment":[{"href":"https:\/\/taboofashion.com\/hu\/wp-json\/wp\/v2\/media?parent=663768"}],"wp:term":[{"taxonomy":"product_cat","embeddable":true,"href":"https:\/\/taboofashion.com\/hu\/wp-json\/wp\/v2\/product_cat?post=663768"},{"taxonomy":"product_tag","embeddable":true,"href":"https:\/\/taboofashion.com\/hu\/wp-json\/wp\/v2\/product_tag?post=663768"}],"curies":[{"name":"wp","href":"https:\/\/api.w.org\/{rel}","templated":true}]}}