{"id":666270,"date":"2022-08-28T10:44:27","date_gmt":"2022-08-28T08:44:27","guid":{"rendered":"https:\/\/taboofashion.com\/shop\/kariban-k374-men-pique-v-nyaku-polo\/"},"modified":"2023-05-13T18:40:40","modified_gmt":"2023-05-13T16:40:40","slug":"kariban-k374-ferfi-pike-v-nyaku-ing","status":"publish","type":"product","link":"https:\/\/taboofashion.com\/hu\/shop\/kariban-k374-ferfi-pike-v-nyaku-ing\/","title":{"rendered":"K374 f\u00e9rfi V-nyak\u00fa pik\u00e9 p\u00f3l\u00f3"},"content":{"rendered":"<p>Kontrasztos sz\u00edn\u0171 nyakszalag \u00e9s oldals\u00f3 has\u00edt\u00e9kok, dupla t\u0171s varr\u00e1s a szeg\u00e9lyen, bord\u00e1s k\u00f6t\u00f6tt gall\u00e9r \u00e9s mandzsetta kontrasztos cs\u00edkokkal<\/p>\n","protected":false},"excerpt":{"rendered":"<p>170 g\/m\u00b2, 100% f\u00e9s\u00fclt pamut pik\u00e9, Oxford sz\u00fcrke: 90% pamut, 10% viszk\u00f3z<\/p>\n","protected":false},"featured_media":609301,"template":"","meta":[],"product_cat":[3629],"product_tag":[7019],"class_list":{"0":"post-666270","1":"product","2":"type-product","3":"status-publish","4":"has-post-thumbnail","6":"product_cat-polok","7":"product_tag-kariban_20_k374_ferfiak","8":"pa_brand-kariban-hu","9":"pa_colour-feher-navy-piros","10":"pa_colour-oxfordi-szurke-tengeresz-feher","11":"pa_colour-piros-navy-feher-hu","12":"pa_colour-tengereszgyalogsag-vilagosszurke-feher","13":"pa_size-s-hu","14":"pa_size-m-hu","15":"pa_size-l-hu","16":"pa_size-xl-hu","17":"pa_size-xxl-hu","18":"pa_size-3xl-hu","20":"first","21":"instock","22":"taxable","23":"shipping-taxable","24":"purchasable","25":"product-type-variable","26":"has-default-attributes"},"yoast_head":"<!-- This site is optimized with the Yoast SEO plugin v21.8 - https:\/\/yoast.com\/wordpress\/plugins\/seo\/ -->\n<title>K374 f\u00e9rfi V-nyak\u00fa pik\u00e9 p\u00f3l\u00f3 &#8211; Fashion shop<\/title>\n<meta name=\"robots\" content=\"index, follow, max-snippet:-1, max-image-preview:large, max-video-preview:-1\" \/>\n<link rel=\"canonical\" href=\"https:\/\/taboofashion.com\/hu\/shop\/kariban-k374-ferfi-pike-v-nyaku-ing\/\" \/>\n<meta property=\"og:locale\" content=\"hu_HU\" \/>\n<meta property=\"og:type\" content=\"article\" \/>\n<meta property=\"og:title\" content=\"K374 f\u00e9rfi V-nyak\u00fa pik\u00e9 p\u00f3l\u00f3 &#8211; Fashion shop\" \/>\n<meta property=\"og:description\" content=\"170 g\/m\u00b2, 100% f\u00e9s\u00fclt pamut pik\u00e9, Oxford sz\u00fcrke: 90% pamut, 10% viszk\u00f3z\" \/>\n<meta property=\"og:url\" content=\"https:\/\/taboofashion.com\/hu\/shop\/kariban-k374-ferfi-pike-v-nyaku-ing\/\" \/>\n<meta property=\"og:site_name\" content=\"Fashion shop\" \/>\n<meta property=\"article:publisher\" content=\"https:\/\/www.facebook.com\/TabooSlovakia\" \/>\n<meta property=\"article:modified_time\" content=\"2023-05-13T16:40:40+00:00\" \/>\n<meta property=\"og:image\" content=\"https:\/\/taboofashion.com\/wp-content\/uploads\/2022\/08\/KARIBAN_20_K374_Men.jpg\" \/>\n\t<meta property=\"og:image:width\" content=\"1000\" \/>\n\t<meta property=\"og:image:height\" content=\"1000\" \/>\n\t<meta property=\"og:image:type\" content=\"image\/jpeg\" \/>\n<meta name=\"twitter:card\" content=\"summary_large_image\" \/>\n<script type=\"application\/ld+json\" class=\"yoast-schema-graph\">{\"@context\":\"https:\/\/schema.org\",\"@graph\":[{\"@type\":\"WebPage\",\"@id\":\"https:\/\/taboofashion.com\/hu\/shop\/kariban-k374-ferfi-pike-v-nyaku-ing\/\",\"url\":\"https:\/\/taboofashion.com\/hu\/shop\/kariban-k374-ferfi-pike-v-nyaku-ing\/\",\"name\":\"K374 f\u00e9rfi V-nyak\u00fa pik\u00e9 p\u00f3l\u00f3 &#8211; Fashion shop\",\"isPartOf\":{\"@id\":\"https:\/\/taboofashion.com\/hu\/#website\"},\"datePublished\":\"2022-08-28T08:44:27+00:00\",\"dateModified\":\"2023-05-13T16:40:40+00:00\",\"breadcrumb\":{\"@id\":\"https:\/\/taboofashion.com\/hu\/shop\/kariban-k374-ferfi-pike-v-nyaku-ing\/#breadcrumb\"},\"inLanguage\":\"hu\",\"potentialAction\":[{\"@type\":\"ReadAction\",\"target\":[\"https:\/\/taboofashion.com\/hu\/shop\/kariban-k374-ferfi-pike-v-nyaku-ing\/\"]}]},{\"@type\":\"BreadcrumbList\",\"@id\":\"https:\/\/taboofashion.com\/hu\/shop\/kariban-k374-ferfi-pike-v-nyaku-ing\/#breadcrumb\",\"itemListElement\":[{\"@type\":\"ListItem\",\"position\":1,\"name\":\"Home\",\"item\":\"https:\/\/taboofashion.com\/hu\/\"},{\"@type\":\"ListItem\",\"position\":2,\"name\":\"Bolt\",\"item\":\"https:\/\/taboofashion.com\/hu\/\"},{\"@type\":\"ListItem\",\"position\":3,\"name\":\"K374 f\u00e9rfi V-nyak\u00fa pik\u00e9 p\u00f3l\u00f3\"}]},{\"@type\":\"WebSite\",\"@id\":\"https:\/\/taboofashion.com\/hu\/#website\",\"url\":\"https:\/\/taboofashion.com\/hu\/\",\"name\":\"Fashion shop\",\"description\":\"\",\"publisher\":{\"@id\":\"https:\/\/taboofashion.com\/hu\/#organization\"},\"potentialAction\":[{\"@type\":\"SearchAction\",\"target\":{\"@type\":\"EntryPoint\",\"urlTemplate\":\"https:\/\/taboofashion.com\/hu\/?s={search_term_string}\"},\"query-input\":\"required name=search_term_string\"}],\"inLanguage\":\"hu\"},{\"@type\":\"Organization\",\"@id\":\"https:\/\/taboofashion.com\/hu\/#organization\",\"name\":\"Taboo Slovakia s.r.o.\",\"url\":\"https:\/\/taboofashion.com\/hu\/\",\"logo\":{\"@type\":\"ImageObject\",\"inLanguage\":\"hu\",\"@id\":\"https:\/\/taboofashion.com\/hu\/#\/schema\/logo\/image\/\",\"url\":\"https:\/\/taboofashion.com\/wp-content\/uploads\/2022\/12\/taboologo2100-002.png\",\"contentUrl\":\"https:\/\/taboofashion.com\/wp-content\/uploads\/2022\/12\/taboologo2100-002.png\",\"width\":2100,\"height\":1050,\"caption\":\"Taboo Slovakia s.r.o.\"},\"image\":{\"@id\":\"https:\/\/taboofashion.com\/hu\/#\/schema\/logo\/image\/\"},\"sameAs\":[\"https:\/\/www.facebook.com\/TabooSlovakia\",\"https:\/\/www.linkedin.com\/company\/541747\/\",\"https:\/\/www.instagram.com\/taboofashion.com1\/\"]}]}<\/script>\n<meta property=\"product:brand\" content=\"Kariban\" \/>\n<meta property=\"og:availability\" content=\"instock\" \/>\n<meta property=\"product:availability\" content=\"instock\" \/>\n<meta property=\"product:retailer_item_id\" content=\"20K37437601\" \/>\n<meta property=\"product:condition\" content=\"new\" \/>\n<!-- \/ Yoast SEO plugin. -->","yoast_head_json":{"title":"K374 f\u00e9rfi V-nyak\u00fa pik\u00e9 p\u00f3l\u00f3 &#8211; Fashion shop","robots":{"index":"index","follow":"follow","max-snippet":"max-snippet:-1","max-image-preview":"max-image-preview:large","max-video-preview":"max-video-preview:-1"},"canonical":"https:\/\/taboofashion.com\/hu\/shop\/kariban-k374-ferfi-pike-v-nyaku-ing\/","og_locale":"hu_HU","og_type":"article","og_title":"K374 f\u00e9rfi V-nyak\u00fa pik\u00e9 p\u00f3l\u00f3 &#8211; Fashion shop","og_description":"170 g\/m\u00b2, 100% f\u00e9s\u00fclt pamut pik\u00e9, Oxford sz\u00fcrke: 90% pamut, 10% viszk\u00f3z","og_url":"https:\/\/taboofashion.com\/hu\/shop\/kariban-k374-ferfi-pike-v-nyaku-ing\/","og_site_name":"Fashion shop","article_publisher":"https:\/\/www.facebook.com\/TabooSlovakia","article_modified_time":"2023-05-13T16:40:40+00:00","og_image":[{"width":1000,"height":1000,"url":"https:\/\/taboofashion.com\/wp-content\/uploads\/2022\/08\/KARIBAN_20_K374_Men.jpg","type":"image\/jpeg"}],"twitter_card":"summary_large_image","schema":{"@context":"https:\/\/schema.org","@graph":[{"@type":"WebPage","@id":"https:\/\/taboofashion.com\/hu\/shop\/kariban-k374-ferfi-pike-v-nyaku-ing\/","url":"https:\/\/taboofashion.com\/hu\/shop\/kariban-k374-ferfi-pike-v-nyaku-ing\/","name":"K374 f\u00e9rfi V-nyak\u00fa pik\u00e9 p\u00f3l\u00f3 &#8211; Fashion shop","isPartOf":{"@id":"https:\/\/taboofashion.com\/hu\/#website"},"datePublished":"2022-08-28T08:44:27+00:00","dateModified":"2023-05-13T16:40:40+00:00","breadcrumb":{"@id":"https:\/\/taboofashion.com\/hu\/shop\/kariban-k374-ferfi-pike-v-nyaku-ing\/#breadcrumb"},"inLanguage":"hu","potentialAction":[{"@type":"ReadAction","target":["https:\/\/taboofashion.com\/hu\/shop\/kariban-k374-ferfi-pike-v-nyaku-ing\/"]}]},{"@type":"BreadcrumbList","@id":"https:\/\/taboofashion.com\/hu\/shop\/kariban-k374-ferfi-pike-v-nyaku-ing\/#breadcrumb","itemListElement":[{"@type":"ListItem","position":1,"name":"Home","item":"https:\/\/taboofashion.com\/hu\/"},{"@type":"ListItem","position":2,"name":"Bolt","item":"https:\/\/taboofashion.com\/hu\/"},{"@type":"ListItem","position":3,"name":"K374 f\u00e9rfi V-nyak\u00fa pik\u00e9 p\u00f3l\u00f3"}]},{"@type":"WebSite","@id":"https:\/\/taboofashion.com\/hu\/#website","url":"https:\/\/taboofashion.com\/hu\/","name":"Fashion shop","description":"","publisher":{"@id":"https:\/\/taboofashion.com\/hu\/#organization"},"potentialAction":[{"@type":"SearchAction","target":{"@type":"EntryPoint","urlTemplate":"https:\/\/taboofashion.com\/hu\/?s={search_term_string}"},"query-input":"required name=search_term_string"}],"inLanguage":"hu"},{"@type":"Organization","@id":"https:\/\/taboofashion.com\/hu\/#organization","name":"Taboo Slovakia s.r.o.","url":"https:\/\/taboofashion.com\/hu\/","logo":{"@type":"ImageObject","inLanguage":"hu","@id":"https:\/\/taboofashion.com\/hu\/#\/schema\/logo\/image\/","url":"https:\/\/taboofashion.com\/wp-content\/uploads\/2022\/12\/taboologo2100-002.png","contentUrl":"https:\/\/taboofashion.com\/wp-content\/uploads\/2022\/12\/taboologo2100-002.png","width":2100,"height":1050,"caption":"Taboo Slovakia s.r.o."},"image":{"@id":"https:\/\/taboofashion.com\/hu\/#\/schema\/logo\/image\/"},"sameAs":["https:\/\/www.facebook.com\/TabooSlovakia","https:\/\/www.linkedin.com\/company\/541747\/","https:\/\/www.instagram.com\/taboofashion.com1\/"]}]},"product_brand":"Kariban","og_availability":"instock","product_availability":"instock","product_retailer_item_id":"20K37437601","product_condition":"new"},"_links":{"self":[{"href":"https:\/\/taboofashion.com\/hu\/wp-json\/wp\/v2\/product\/666270","targetHints":{"allow":["GET"]}}],"collection":[{"href":"https:\/\/taboofashion.com\/hu\/wp-json\/wp\/v2\/product"}],"about":[{"href":"https:\/\/taboofashion.com\/hu\/wp-json\/wp\/v2\/types\/product"}],"wp:featuredmedia":[{"embeddable":true,"href":"https:\/\/taboofashion.com\/hu\/wp-json\/wp\/v2\/media\/609301"}],"wp:attachment":[{"href":"https:\/\/taboofashion.com\/hu\/wp-json\/wp\/v2\/media?parent=666270"}],"wp:term":[{"taxonomy":"product_cat","embeddable":true,"href":"https:\/\/taboofashion.com\/hu\/wp-json\/wp\/v2\/product_cat?post=666270"},{"taxonomy":"product_tag","embeddable":true,"href":"https:\/\/taboofashion.com\/hu\/wp-json\/wp\/v2\/product_tag?post=666270"}],"curies":[{"name":"wp","href":"https:\/\/api.w.org\/{rel}","templated":true}]}}