{"id":670875,"date":"2022-08-27T23:34:52","date_gmt":"2022-08-27T21:34:52","guid":{"rendered":"https:\/\/taboofashion.com\/shop\/tee-jays-1406-men-luxus-stretch-pique-polo-long-sleeve\/"},"modified":"2023-05-13T23:07:11","modified_gmt":"2023-05-13T21:07:11","slug":"tee-jays-1406-men-luxus-stretch-pique-polo-long-sleeve","status":"publish","type":"product","link":"https:\/\/taboofashion.com\/hu\/shop\/tee-jays-1406-men-luxus-stretch-pique-polo-long-sleeve\/","title":{"rendered":"1406 Luxus sztreccs pik\u00e9 p\u00f3l\u00f3 ing f\u00e9rfiaknak, hossz\u00fa ujjal"},"content":{"rendered":"<p>Testre szabott fazon, lapos k\u00f6t\u00e9s\u0171 gall\u00e9r elaszt\u00e1nnal, 3 gombos t\u00e9p\u0151z\u00e1ras, nyakszalag, elaszt\u00e1n mandzsetta, meger\u0151s\u00edtett oldals\u00f3 has\u00edt\u00e9kok<\/p>\n","protected":false},"excerpt":{"rendered":"<p>215g\/m\u00b2, 95% dupl\u00e1n zsugor\u00edtott, f\u00e9s\u00fclt, gy\u0171r\u0171s fon\u00e1s\u00fa, min\u0151s\u00edtett biopamut, 5% elaszt\u00e1n, dupl\u00e1n pr\u00e9selt mini pik\u00e9<\/p>\n","protected":false},"featured_media":608971,"template":"","meta":[],"product_cat":[3618],"product_tag":[],"class_list":{"0":"post-670875","1":"product","2":"type-product","3":"status-publish","4":"has-post-thumbnail","6":"product_cat-galleros-polok","7":"pa_brand-tee-jays-hu","8":"pa_colour-feher","9":"pa_colour-fekete","10":"pa_colour-tengereszgyalogsag","11":"pa_size-s-hu","12":"pa_size-m-hu","13":"pa_size-l-hu","14":"pa_size-xl-hu","15":"pa_size-xxl-hu","16":"pa_size-3xl-hu","18":"first","19":"instock","20":"taxable","21":"shipping-taxable","22":"purchasable","23":"product-type-variable","24":"has-default-attributes"},"yoast_head":"<!-- This site is optimized with the Yoast SEO plugin v21.8 - https:\/\/yoast.com\/wordpress\/plugins\/seo\/ -->\n<title>1406 Luxus sztreccs pik\u00e9 p\u00f3l\u00f3 ing f\u00e9rfiaknak, hossz\u00fa ujjal &#8211; Fashion shop<\/title>\n<meta name=\"robots\" content=\"index, follow, max-snippet:-1, max-image-preview:large, max-video-preview:-1\" \/>\n<link rel=\"canonical\" href=\"https:\/\/taboofashion.com\/hu\/shop\/tee-jays-1406-men-luxus-stretch-pique-polo-long-sleeve\/\" \/>\n<meta property=\"og:locale\" content=\"hu_HU\" \/>\n<meta property=\"og:type\" content=\"article\" \/>\n<meta property=\"og:title\" content=\"1406 Luxus sztreccs pik\u00e9 p\u00f3l\u00f3 ing f\u00e9rfiaknak, hossz\u00fa ujjal &#8211; Fashion shop\" \/>\n<meta property=\"og:description\" content=\"215g\/m\u00b2, 95% dupl\u00e1n zsugor\u00edtott, f\u00e9s\u00fclt, gy\u0171r\u0171s fon\u00e1s\u00fa, min\u0151s\u00edtett biopamut, 5% elaszt\u00e1n, dupl\u00e1n pr\u00e9selt mini pik\u00e9\" \/>\n<meta property=\"og:url\" content=\"https:\/\/taboofashion.com\/hu\/shop\/tee-jays-1406-men-luxus-stretch-pique-polo-long-sleeve\/\" \/>\n<meta property=\"og:site_name\" content=\"Fashion shop\" \/>\n<meta property=\"article:publisher\" content=\"https:\/\/www.facebook.com\/TabooSlovakia\" \/>\n<meta property=\"article:modified_time\" content=\"2023-05-13T21:07:11+00:00\" \/>\n<meta property=\"og:image\" content=\"https:\/\/taboofashion.com\/wp-content\/uploads\/2022\/08\/LS-18.1406-Tee-Jays-1406-1.jpg\" \/>\n\t<meta property=\"og:image:width\" content=\"1000\" \/>\n\t<meta property=\"og:image:height\" content=\"1000\" \/>\n\t<meta property=\"og:image:type\" content=\"image\/jpeg\" \/>\n<meta name=\"twitter:card\" content=\"summary_large_image\" \/>\n<script type=\"application\/ld+json\" class=\"yoast-schema-graph\">{\"@context\":\"https:\/\/schema.org\",\"@graph\":[{\"@type\":\"WebPage\",\"@id\":\"https:\/\/taboofashion.com\/hu\/shop\/tee-jays-1406-men-luxus-stretch-pique-polo-long-sleeve\/\",\"url\":\"https:\/\/taboofashion.com\/hu\/shop\/tee-jays-1406-men-luxus-stretch-pique-polo-long-sleeve\/\",\"name\":\"1406 Luxus sztreccs pik\u00e9 p\u00f3l\u00f3 ing f\u00e9rfiaknak, hossz\u00fa ujjal &#8211; Fashion shop\",\"isPartOf\":{\"@id\":\"https:\/\/taboofashion.com\/hu\/#website\"},\"datePublished\":\"2022-08-27T21:34:52+00:00\",\"dateModified\":\"2023-05-13T21:07:11+00:00\",\"breadcrumb\":{\"@id\":\"https:\/\/taboofashion.com\/hu\/shop\/tee-jays-1406-men-luxus-stretch-pique-polo-long-sleeve\/#breadcrumb\"},\"inLanguage\":\"hu\",\"potentialAction\":[{\"@type\":\"ReadAction\",\"target\":[\"https:\/\/taboofashion.com\/hu\/shop\/tee-jays-1406-men-luxus-stretch-pique-polo-long-sleeve\/\"]}]},{\"@type\":\"BreadcrumbList\",\"@id\":\"https:\/\/taboofashion.com\/hu\/shop\/tee-jays-1406-men-luxus-stretch-pique-polo-long-sleeve\/#breadcrumb\",\"itemListElement\":[{\"@type\":\"ListItem\",\"position\":1,\"name\":\"Home\",\"item\":\"https:\/\/taboofashion.com\/hu\/\"},{\"@type\":\"ListItem\",\"position\":2,\"name\":\"Bolt\",\"item\":\"https:\/\/taboofashion.com\/hu\/\"},{\"@type\":\"ListItem\",\"position\":3,\"name\":\"1406 Luxus sztreccs pik\u00e9 p\u00f3l\u00f3 ing f\u00e9rfiaknak, hossz\u00fa ujjal\"}]},{\"@type\":\"WebSite\",\"@id\":\"https:\/\/taboofashion.com\/hu\/#website\",\"url\":\"https:\/\/taboofashion.com\/hu\/\",\"name\":\"Fashion shop\",\"description\":\"\",\"publisher\":{\"@id\":\"https:\/\/taboofashion.com\/hu\/#organization\"},\"potentialAction\":[{\"@type\":\"SearchAction\",\"target\":{\"@type\":\"EntryPoint\",\"urlTemplate\":\"https:\/\/taboofashion.com\/hu\/?s={search_term_string}\"},\"query-input\":\"required name=search_term_string\"}],\"inLanguage\":\"hu\"},{\"@type\":\"Organization\",\"@id\":\"https:\/\/taboofashion.com\/hu\/#organization\",\"name\":\"Taboo Slovakia s.r.o.\",\"url\":\"https:\/\/taboofashion.com\/hu\/\",\"logo\":{\"@type\":\"ImageObject\",\"inLanguage\":\"hu\",\"@id\":\"https:\/\/taboofashion.com\/hu\/#\/schema\/logo\/image\/\",\"url\":\"https:\/\/taboofashion.com\/wp-content\/uploads\/2022\/12\/taboologo2100-002.png\",\"contentUrl\":\"https:\/\/taboofashion.com\/wp-content\/uploads\/2022\/12\/taboologo2100-002.png\",\"width\":2100,\"height\":1050,\"caption\":\"Taboo Slovakia s.r.o.\"},\"image\":{\"@id\":\"https:\/\/taboofashion.com\/hu\/#\/schema\/logo\/image\/\"},\"sameAs\":[\"https:\/\/www.facebook.com\/TabooSlovakia\",\"https:\/\/www.linkedin.com\/company\/541747\/\",\"https:\/\/www.instagram.com\/taboofashion.com1\/\"]}]}<\/script>\n<meta property=\"product:brand\" content=\"TEE JAYS\" \/>\n<meta property=\"og:availability\" content=\"instock\" \/>\n<meta property=\"product:availability\" content=\"instock\" \/>\n<meta property=\"product:retailer_item_id\" content=\"18140600101\" \/>\n<meta property=\"product:condition\" content=\"new\" \/>\n<!-- \/ Yoast SEO plugin. -->","yoast_head_json":{"title":"1406 Luxus sztreccs pik\u00e9 p\u00f3l\u00f3 ing f\u00e9rfiaknak, hossz\u00fa ujjal &#8211; Fashion shop","robots":{"index":"index","follow":"follow","max-snippet":"max-snippet:-1","max-image-preview":"max-image-preview:large","max-video-preview":"max-video-preview:-1"},"canonical":"https:\/\/taboofashion.com\/hu\/shop\/tee-jays-1406-men-luxus-stretch-pique-polo-long-sleeve\/","og_locale":"hu_HU","og_type":"article","og_title":"1406 Luxus sztreccs pik\u00e9 p\u00f3l\u00f3 ing f\u00e9rfiaknak, hossz\u00fa ujjal &#8211; Fashion shop","og_description":"215g\/m\u00b2, 95% dupl\u00e1n zsugor\u00edtott, f\u00e9s\u00fclt, gy\u0171r\u0171s fon\u00e1s\u00fa, min\u0151s\u00edtett biopamut, 5% elaszt\u00e1n, dupl\u00e1n pr\u00e9selt mini pik\u00e9","og_url":"https:\/\/taboofashion.com\/hu\/shop\/tee-jays-1406-men-luxus-stretch-pique-polo-long-sleeve\/","og_site_name":"Fashion shop","article_publisher":"https:\/\/www.facebook.com\/TabooSlovakia","article_modified_time":"2023-05-13T21:07:11+00:00","og_image":[{"width":1000,"height":1000,"url":"https:\/\/taboofashion.com\/wp-content\/uploads\/2022\/08\/LS-18.1406-Tee-Jays-1406-1.jpg","type":"image\/jpeg"}],"twitter_card":"summary_large_image","schema":{"@context":"https:\/\/schema.org","@graph":[{"@type":"WebPage","@id":"https:\/\/taboofashion.com\/hu\/shop\/tee-jays-1406-men-luxus-stretch-pique-polo-long-sleeve\/","url":"https:\/\/taboofashion.com\/hu\/shop\/tee-jays-1406-men-luxus-stretch-pique-polo-long-sleeve\/","name":"1406 Luxus sztreccs pik\u00e9 p\u00f3l\u00f3 ing f\u00e9rfiaknak, hossz\u00fa ujjal &#8211; Fashion shop","isPartOf":{"@id":"https:\/\/taboofashion.com\/hu\/#website"},"datePublished":"2022-08-27T21:34:52+00:00","dateModified":"2023-05-13T21:07:11+00:00","breadcrumb":{"@id":"https:\/\/taboofashion.com\/hu\/shop\/tee-jays-1406-men-luxus-stretch-pique-polo-long-sleeve\/#breadcrumb"},"inLanguage":"hu","potentialAction":[{"@type":"ReadAction","target":["https:\/\/taboofashion.com\/hu\/shop\/tee-jays-1406-men-luxus-stretch-pique-polo-long-sleeve\/"]}]},{"@type":"BreadcrumbList","@id":"https:\/\/taboofashion.com\/hu\/shop\/tee-jays-1406-men-luxus-stretch-pique-polo-long-sleeve\/#breadcrumb","itemListElement":[{"@type":"ListItem","position":1,"name":"Home","item":"https:\/\/taboofashion.com\/hu\/"},{"@type":"ListItem","position":2,"name":"Bolt","item":"https:\/\/taboofashion.com\/hu\/"},{"@type":"ListItem","position":3,"name":"1406 Luxus sztreccs pik\u00e9 p\u00f3l\u00f3 ing f\u00e9rfiaknak, hossz\u00fa ujjal"}]},{"@type":"WebSite","@id":"https:\/\/taboofashion.com\/hu\/#website","url":"https:\/\/taboofashion.com\/hu\/","name":"Fashion shop","description":"","publisher":{"@id":"https:\/\/taboofashion.com\/hu\/#organization"},"potentialAction":[{"@type":"SearchAction","target":{"@type":"EntryPoint","urlTemplate":"https:\/\/taboofashion.com\/hu\/?s={search_term_string}"},"query-input":"required name=search_term_string"}],"inLanguage":"hu"},{"@type":"Organization","@id":"https:\/\/taboofashion.com\/hu\/#organization","name":"Taboo Slovakia s.r.o.","url":"https:\/\/taboofashion.com\/hu\/","logo":{"@type":"ImageObject","inLanguage":"hu","@id":"https:\/\/taboofashion.com\/hu\/#\/schema\/logo\/image\/","url":"https:\/\/taboofashion.com\/wp-content\/uploads\/2022\/12\/taboologo2100-002.png","contentUrl":"https:\/\/taboofashion.com\/wp-content\/uploads\/2022\/12\/taboologo2100-002.png","width":2100,"height":1050,"caption":"Taboo Slovakia s.r.o."},"image":{"@id":"https:\/\/taboofashion.com\/hu\/#\/schema\/logo\/image\/"},"sameAs":["https:\/\/www.facebook.com\/TabooSlovakia","https:\/\/www.linkedin.com\/company\/541747\/","https:\/\/www.instagram.com\/taboofashion.com1\/"]}]},"product_brand":"TEE JAYS","og_availability":"instock","product_availability":"instock","product_retailer_item_id":"18140600101","product_condition":"new"},"_links":{"self":[{"href":"https:\/\/taboofashion.com\/hu\/wp-json\/wp\/v2\/product\/670875","targetHints":{"allow":["GET"]}}],"collection":[{"href":"https:\/\/taboofashion.com\/hu\/wp-json\/wp\/v2\/product"}],"about":[{"href":"https:\/\/taboofashion.com\/hu\/wp-json\/wp\/v2\/types\/product"}],"wp:featuredmedia":[{"embeddable":true,"href":"https:\/\/taboofashion.com\/hu\/wp-json\/wp\/v2\/media\/608971"}],"wp:attachment":[{"href":"https:\/\/taboofashion.com\/hu\/wp-json\/wp\/v2\/media?parent=670875"}],"wp:term":[{"taxonomy":"product_cat","embeddable":true,"href":"https:\/\/taboofashion.com\/hu\/wp-json\/wp\/v2\/product_cat?post=670875"},{"taxonomy":"product_tag","embeddable":true,"href":"https:\/\/taboofashion.com\/hu\/wp-json\/wp\/v2\/product_tag?post=670875"}],"curies":[{"name":"wp","href":"https:\/\/api.w.org\/{rel}","templated":true}]}}