{"id":675358,"date":"2022-08-25T04:16:47","date_gmt":"2022-08-25T02:16:47","guid":{"rendered":"https:\/\/taboofashion.com\/shop\/bc-oxford-lsl-men-oxford-ing-hosszu-ujju\/"},"modified":"2023-05-15T05:55:04","modified_gmt":"2023-05-15T03:55:04","slug":"bc-oxford-lsl-ferfi-oxford-ing-hosszu-ujju","status":"publish","type":"product","link":"https:\/\/taboofashion.com\/hu\/shop\/bc-oxford-lsl-ferfi-oxford-ing-hosszu-ujju\/","title":{"rendered":"Oxford LSL \/ F\u00e9rfi Oxford ing, hossz\u00fa ujj\u00fa"},"content":{"rendered":"<p>Gombos gall\u00e9r, lekerek\u00edtett \u00e1ll\u00edthat\u00f3 mandzsetta 2 gombbal, 1 gombos mandzsetta keszty\u0171n, mandzsettagombra is alkalmas, lekerek\u00edtett szeg\u00e9ly oldals\u00f3 er\u0151s\u00edt\u00e9ssel, hozz\u00e1ill\u0151 gy\u00f6ngyh\u00e1z gombok, v\u00edzszintes utols\u00f3 gomblyuk, 2 tartal\u00e9k gomb, bal mellzseb, dupla red\u0151s varr\u00e1s oldal\u00e1n \u00e9s ujjain, h\u00e1tlap 2 oldals\u00f3 szeg\u00e9llyel \u00e9s steppelt varr\u00e1ssal, kiv\u00e1l\u00f3 min\u0151s\u00e9g\u0171 Oxford sz\u00f6vet, nyakkend\u0151, k\u00f6nnyen kezelhet\u0151, 60\u00b0-on moshat\u00f3<\/p>\n","protected":false},"excerpt":{"rendered":"<p>135 gsm, 70% f\u00e9s\u00fclt pamut, 30% poli\u00e9szter, oxford<\/p>\n","protected":false},"featured_media":608681,"template":"","meta":[],"product_cat":[3621],"product_tag":[],"class_list":{"0":"post-675358","1":"product","2":"type-product","3":"status-publish","4":"has-post-thumbnail","6":"product_cat-ingek","7":"pa_brand-bc-collection-hu","8":"pa_colour-ezusthold","9":"pa_colour-feher","10":"pa_colour-fekete","11":"pa_colour-kek-hu-2","12":"pa_colour-oxfordi-kek","13":"pa_size-6xl-hu","14":"pa_size-s-hu","15":"pa_size-m-hu","16":"pa_size-l-hu","17":"pa_size-xl-hu","18":"pa_size-xxl-hu","19":"pa_size-3xl-hu","20":"pa_size-4xl-hu","21":"pa_size-5xl-hu","23":"first","24":"instock","25":"taxable","26":"shipping-taxable","27":"purchasable","28":"product-type-variable","29":"has-default-attributes"},"yoast_head":"<!-- This site is optimized with the Yoast SEO plugin v21.8 - https:\/\/yoast.com\/wordpress\/plugins\/seo\/ -->\n<title>Oxford LSL \/ F\u00e9rfi Oxford ing, hossz\u00fa ujj\u00fa &#8211; Fashion shop<\/title>\n<meta name=\"robots\" content=\"index, follow, max-snippet:-1, max-image-preview:large, max-video-preview:-1\" \/>\n<link rel=\"canonical\" href=\"https:\/\/taboofashion.com\/hu\/shop\/bc-oxford-lsl-ferfi-oxford-ing-hosszu-ujju\/\" \/>\n<meta property=\"og:locale\" content=\"hu_HU\" \/>\n<meta property=\"og:type\" content=\"article\" \/>\n<meta property=\"og:title\" content=\"Oxford LSL \/ F\u00e9rfi Oxford ing, hossz\u00fa ujj\u00fa &#8211; Fashion shop\" \/>\n<meta property=\"og:description\" content=\"135 gsm, 70% f\u00e9s\u00fclt pamut, 30% poli\u00e9szter, oxford\" \/>\n<meta property=\"og:url\" content=\"https:\/\/taboofashion.com\/hu\/shop\/bc-oxford-lsl-ferfi-oxford-ing-hosszu-ujju\/\" \/>\n<meta property=\"og:site_name\" content=\"Fashion shop\" \/>\n<meta property=\"article:publisher\" content=\"https:\/\/www.facebook.com\/TabooSlovakia\" \/>\n<meta property=\"article:modified_time\" content=\"2023-05-15T03:55:04+00:00\" \/>\n<meta property=\"og:image\" content=\"https:\/\/taboofashion.com\/wp-content\/uploads\/2022\/08\/LS-01.XF01-BC-Oxford-LSL-men-1.jpg\" \/>\n\t<meta property=\"og:image:width\" content=\"1000\" \/>\n\t<meta property=\"og:image:height\" content=\"1000\" \/>\n\t<meta property=\"og:image:type\" content=\"image\/jpeg\" \/>\n<meta name=\"twitter:card\" content=\"summary_large_image\" \/>\n<script type=\"application\/ld+json\" class=\"yoast-schema-graph\">{\"@context\":\"https:\/\/schema.org\",\"@graph\":[{\"@type\":\"WebPage\",\"@id\":\"https:\/\/taboofashion.com\/hu\/shop\/bc-oxford-lsl-ferfi-oxford-ing-hosszu-ujju\/\",\"url\":\"https:\/\/taboofashion.com\/hu\/shop\/bc-oxford-lsl-ferfi-oxford-ing-hosszu-ujju\/\",\"name\":\"Oxford LSL \/ F\u00e9rfi Oxford ing, hossz\u00fa ujj\u00fa &#8211; Fashion shop\",\"isPartOf\":{\"@id\":\"https:\/\/taboofashion.com\/hu\/#website\"},\"datePublished\":\"2022-08-25T02:16:47+00:00\",\"dateModified\":\"2023-05-15T03:55:04+00:00\",\"breadcrumb\":{\"@id\":\"https:\/\/taboofashion.com\/hu\/shop\/bc-oxford-lsl-ferfi-oxford-ing-hosszu-ujju\/#breadcrumb\"},\"inLanguage\":\"hu\",\"potentialAction\":[{\"@type\":\"ReadAction\",\"target\":[\"https:\/\/taboofashion.com\/hu\/shop\/bc-oxford-lsl-ferfi-oxford-ing-hosszu-ujju\/\"]}]},{\"@type\":\"BreadcrumbList\",\"@id\":\"https:\/\/taboofashion.com\/hu\/shop\/bc-oxford-lsl-ferfi-oxford-ing-hosszu-ujju\/#breadcrumb\",\"itemListElement\":[{\"@type\":\"ListItem\",\"position\":1,\"name\":\"Home\",\"item\":\"https:\/\/taboofashion.com\/hu\/\"},{\"@type\":\"ListItem\",\"position\":2,\"name\":\"Bolt\",\"item\":\"https:\/\/taboofashion.com\/hu\/\"},{\"@type\":\"ListItem\",\"position\":3,\"name\":\"Oxford LSL \/ F\u00e9rfi Oxford ing, hossz\u00fa ujj\u00fa\"}]},{\"@type\":\"WebSite\",\"@id\":\"https:\/\/taboofashion.com\/hu\/#website\",\"url\":\"https:\/\/taboofashion.com\/hu\/\",\"name\":\"Fashion shop\",\"description\":\"\",\"publisher\":{\"@id\":\"https:\/\/taboofashion.com\/hu\/#organization\"},\"potentialAction\":[{\"@type\":\"SearchAction\",\"target\":{\"@type\":\"EntryPoint\",\"urlTemplate\":\"https:\/\/taboofashion.com\/hu\/?s={search_term_string}\"},\"query-input\":\"required name=search_term_string\"}],\"inLanguage\":\"hu\"},{\"@type\":\"Organization\",\"@id\":\"https:\/\/taboofashion.com\/hu\/#organization\",\"name\":\"Taboo Slovakia s.r.o.\",\"url\":\"https:\/\/taboofashion.com\/hu\/\",\"logo\":{\"@type\":\"ImageObject\",\"inLanguage\":\"hu\",\"@id\":\"https:\/\/taboofashion.com\/hu\/#\/schema\/logo\/image\/\",\"url\":\"https:\/\/taboofashion.com\/wp-content\/uploads\/2022\/12\/taboologo2100-002.png\",\"contentUrl\":\"https:\/\/taboofashion.com\/wp-content\/uploads\/2022\/12\/taboologo2100-002.png\",\"width\":2100,\"height\":1050,\"caption\":\"Taboo Slovakia s.r.o.\"},\"image\":{\"@id\":\"https:\/\/taboofashion.com\/hu\/#\/schema\/logo\/image\/\"},\"sameAs\":[\"https:\/\/www.facebook.com\/TabooSlovakia\",\"https:\/\/www.linkedin.com\/company\/541747\/\",\"https:\/\/www.instagram.com\/taboofashion.com1\/\"]}]}<\/script>\n<meta property=\"product:brand\" content=\"B&amp;C Collection\" \/>\n<meta property=\"og:availability\" content=\"instock\" \/>\n<meta property=\"product:availability\" content=\"instock\" \/>\n<meta property=\"product:retailer_item_id\" content=\"01XF0100101\" \/>\n<meta property=\"product:condition\" content=\"new\" \/>\n<!-- \/ Yoast SEO plugin. -->","yoast_head_json":{"title":"Oxford LSL \/ F\u00e9rfi Oxford ing, hossz\u00fa ujj\u00fa &#8211; Fashion shop","robots":{"index":"index","follow":"follow","max-snippet":"max-snippet:-1","max-image-preview":"max-image-preview:large","max-video-preview":"max-video-preview:-1"},"canonical":"https:\/\/taboofashion.com\/hu\/shop\/bc-oxford-lsl-ferfi-oxford-ing-hosszu-ujju\/","og_locale":"hu_HU","og_type":"article","og_title":"Oxford LSL \/ F\u00e9rfi Oxford ing, hossz\u00fa ujj\u00fa &#8211; Fashion shop","og_description":"135 gsm, 70% f\u00e9s\u00fclt pamut, 30% poli\u00e9szter, oxford","og_url":"https:\/\/taboofashion.com\/hu\/shop\/bc-oxford-lsl-ferfi-oxford-ing-hosszu-ujju\/","og_site_name":"Fashion shop","article_publisher":"https:\/\/www.facebook.com\/TabooSlovakia","article_modified_time":"2023-05-15T03:55:04+00:00","og_image":[{"width":1000,"height":1000,"url":"https:\/\/taboofashion.com\/wp-content\/uploads\/2022\/08\/LS-01.XF01-BC-Oxford-LSL-men-1.jpg","type":"image\/jpeg"}],"twitter_card":"summary_large_image","schema":{"@context":"https:\/\/schema.org","@graph":[{"@type":"WebPage","@id":"https:\/\/taboofashion.com\/hu\/shop\/bc-oxford-lsl-ferfi-oxford-ing-hosszu-ujju\/","url":"https:\/\/taboofashion.com\/hu\/shop\/bc-oxford-lsl-ferfi-oxford-ing-hosszu-ujju\/","name":"Oxford LSL \/ F\u00e9rfi Oxford ing, hossz\u00fa ujj\u00fa &#8211; Fashion shop","isPartOf":{"@id":"https:\/\/taboofashion.com\/hu\/#website"},"datePublished":"2022-08-25T02:16:47+00:00","dateModified":"2023-05-15T03:55:04+00:00","breadcrumb":{"@id":"https:\/\/taboofashion.com\/hu\/shop\/bc-oxford-lsl-ferfi-oxford-ing-hosszu-ujju\/#breadcrumb"},"inLanguage":"hu","potentialAction":[{"@type":"ReadAction","target":["https:\/\/taboofashion.com\/hu\/shop\/bc-oxford-lsl-ferfi-oxford-ing-hosszu-ujju\/"]}]},{"@type":"BreadcrumbList","@id":"https:\/\/taboofashion.com\/hu\/shop\/bc-oxford-lsl-ferfi-oxford-ing-hosszu-ujju\/#breadcrumb","itemListElement":[{"@type":"ListItem","position":1,"name":"Home","item":"https:\/\/taboofashion.com\/hu\/"},{"@type":"ListItem","position":2,"name":"Bolt","item":"https:\/\/taboofashion.com\/hu\/"},{"@type":"ListItem","position":3,"name":"Oxford LSL \/ F\u00e9rfi Oxford ing, hossz\u00fa ujj\u00fa"}]},{"@type":"WebSite","@id":"https:\/\/taboofashion.com\/hu\/#website","url":"https:\/\/taboofashion.com\/hu\/","name":"Fashion shop","description":"","publisher":{"@id":"https:\/\/taboofashion.com\/hu\/#organization"},"potentialAction":[{"@type":"SearchAction","target":{"@type":"EntryPoint","urlTemplate":"https:\/\/taboofashion.com\/hu\/?s={search_term_string}"},"query-input":"required name=search_term_string"}],"inLanguage":"hu"},{"@type":"Organization","@id":"https:\/\/taboofashion.com\/hu\/#organization","name":"Taboo Slovakia s.r.o.","url":"https:\/\/taboofashion.com\/hu\/","logo":{"@type":"ImageObject","inLanguage":"hu","@id":"https:\/\/taboofashion.com\/hu\/#\/schema\/logo\/image\/","url":"https:\/\/taboofashion.com\/wp-content\/uploads\/2022\/12\/taboologo2100-002.png","contentUrl":"https:\/\/taboofashion.com\/wp-content\/uploads\/2022\/12\/taboologo2100-002.png","width":2100,"height":1050,"caption":"Taboo Slovakia s.r.o."},"image":{"@id":"https:\/\/taboofashion.com\/hu\/#\/schema\/logo\/image\/"},"sameAs":["https:\/\/www.facebook.com\/TabooSlovakia","https:\/\/www.linkedin.com\/company\/541747\/","https:\/\/www.instagram.com\/taboofashion.com1\/"]}]},"product_brand":"B&amp;C Collection","og_availability":"instock","product_availability":"instock","product_retailer_item_id":"01XF0100101","product_condition":"new"},"_links":{"self":[{"href":"https:\/\/taboofashion.com\/hu\/wp-json\/wp\/v2\/product\/675358","targetHints":{"allow":["GET"]}}],"collection":[{"href":"https:\/\/taboofashion.com\/hu\/wp-json\/wp\/v2\/product"}],"about":[{"href":"https:\/\/taboofashion.com\/hu\/wp-json\/wp\/v2\/types\/product"}],"wp:featuredmedia":[{"embeddable":true,"href":"https:\/\/taboofashion.com\/hu\/wp-json\/wp\/v2\/media\/608681"}],"wp:attachment":[{"href":"https:\/\/taboofashion.com\/hu\/wp-json\/wp\/v2\/media?parent=675358"}],"wp:term":[{"taxonomy":"product_cat","embeddable":true,"href":"https:\/\/taboofashion.com\/hu\/wp-json\/wp\/v2\/product_cat?post=675358"},{"taxonomy":"product_tag","embeddable":true,"href":"https:\/\/taboofashion.com\/hu\/wp-json\/wp\/v2\/product_tag?post=675358"}],"curies":[{"name":"wp","href":"https:\/\/api.w.org\/{rel}","templated":true}]}}