{"id":676448,"date":"2022-08-24T21:56:05","date_gmt":"2022-08-24T19:56:05","guid":{"rendered":"https:\/\/taboofashion.com\/shop\/bc-inspire-e150-women_-laies-organic-shirt\/"},"modified":"2023-05-17T18:07:55","modified_gmt":"2023-05-17T16:07:55","slug":"bc-inspire-e150-women_-laies-organic-shirt","status":"publish","type":"product","link":"https:\/\/taboofashion.com\/hu\/shop\/bc-inspire-e150-women_-laies-organic-shirt\/","title":{"rendered":"#Inspire E150 \/ organikus n\u0151i p\u00f3l\u00f3"},"content":{"rendered":"<p>Folyamatban l\u00e9v\u0151 term\u00e9kfriss\u00edt\u00e9s, kor\u00e1bbi verzi\u00f3: l\u00e1that\u00f3 c\u00edmke a k\u00f6vetkez\u0151vel: &#8222;Szia! I&#8217;m Organic\u201d, n\u0151ies szab\u00e1s\u00fa, v\u00e9kony, bord\u00e1zott nyak\u00fa, TearAway c\u00edmke, semleges m\u00e9ret\u0171 c\u00edmke<\/p>\n","protected":false},"excerpt":{"rendered":"<p>145 g\/m\u00b2, 100% el\u0151zsugor\u00edtott, f\u00e9s\u00fclt, gy\u0171r\u0171s fon\u00e1s\u00fa, min\u0151s\u00edtett biopamut, biopamut vagy biov\u00e1 alak\u00edtva (konverzi\u00f3s pamut), hangasz\u00fcrke: 90% pamut, 10% viszk\u00f3z<\/p>\n","protected":false},"featured_media":610297,"template":"","meta":[],"product_cat":[3629],"product_tag":[7076],"class_list":{"0":"post-676448","1":"product","2":"type-product","3":"status-publish","4":"has-post-thumbnail","6":"product_cat-polok","7":"product_tag-bc_01_w02b_holgyek","8":"pa_brand-bc-collection-hu","9":"pa_colour-almazold","10":"pa_colour-aszfalt-szurke","11":"pa_colour-bordo","12":"pa_colour-erdo-zold","13":"pa_colour-feher","14":"pa_colour-kek-kod-hu","15":"pa_colour-kiralykek","16":"pa_colour-lagy-rozsa","17":"pa_colour-lime-hu","18":"pa_colour-magenta-rozsaszin","19":"pa_colour-mokka-hu","20":"pa_colour-piros","21":"pa_colour-ragyogo-lila-2","22":"pa_colour-sarga-pezsgo","23":"pa_colour-szurke-hofeherke","24":"pa_colour-tengereszkek","25":"pa_colour-fekete-tiszta","26":"pa_colour-tiszta-narancs","27":"pa_colour-tortfeher-hu","28":"pa_colour-zsalya","29":"pa_size-xs-hu","30":"pa_size-s-hu","31":"pa_size-m-hu","32":"pa_size-l-hu","33":"pa_size-xl-hu","34":"pa_size-xxl-hu","35":"pa_size-3xl-hu","37":"first","38":"instock","39":"taxable","40":"shipping-taxable","41":"purchasable","42":"product-type-variable","43":"has-default-attributes"},"yoast_head":"<!-- This site is optimized with the Yoast SEO plugin v21.8 - https:\/\/yoast.com\/wordpress\/plugins\/seo\/ -->\n<title>#Inspire E150 \/ organikus n\u0151i p\u00f3l\u00f3 &#8211; Fashion shop<\/title>\n<meta name=\"robots\" content=\"index, follow, max-snippet:-1, max-image-preview:large, max-video-preview:-1\" \/>\n<link rel=\"canonical\" href=\"https:\/\/taboofashion.com\/hu\/shop\/bc-inspire-e150-women_-laies-organic-shirt\/\" \/>\n<meta property=\"og:locale\" content=\"hu_HU\" \/>\n<meta property=\"og:type\" content=\"article\" \/>\n<meta property=\"og:title\" content=\"#Inspire E150 \/ organikus n\u0151i p\u00f3l\u00f3 &#8211; Fashion shop\" \/>\n<meta property=\"og:description\" content=\"145 g\/m\u00b2, 100% el\u0151zsugor\u00edtott, f\u00e9s\u00fclt, gy\u0171r\u0171s fon\u00e1s\u00fa, min\u0151s\u00edtett biopamut, biopamut vagy biov\u00e1 alak\u00edtva (konverzi\u00f3s pamut), hangasz\u00fcrke: 90% pamut, 10% viszk\u00f3z\" \/>\n<meta property=\"og:url\" content=\"https:\/\/taboofashion.com\/hu\/shop\/bc-inspire-e150-women_-laies-organic-shirt\/\" \/>\n<meta property=\"og:site_name\" content=\"Fashion shop\" \/>\n<meta property=\"article:publisher\" content=\"https:\/\/www.facebook.com\/TabooSlovakia\" \/>\n<meta property=\"article:modified_time\" content=\"2023-05-17T16:07:55+00:00\" \/>\n<meta property=\"og:image\" content=\"https:\/\/taboofashion.com\/wp-content\/uploads\/2022\/08\/BC_01_W02B_Ladies.jpg\" \/>\n\t<meta property=\"og:image:width\" content=\"291\" \/>\n\t<meta property=\"og:image:height\" content=\"291\" \/>\n\t<meta property=\"og:image:type\" content=\"image\/jpeg\" \/>\n<meta name=\"twitter:card\" content=\"summary_large_image\" \/>\n<script type=\"application\/ld+json\" class=\"yoast-schema-graph\">{\"@context\":\"https:\/\/schema.org\",\"@graph\":[{\"@type\":\"WebPage\",\"@id\":\"https:\/\/taboofashion.com\/hu\/shop\/bc-inspire-e150-women_-laies-organic-shirt\/\",\"url\":\"https:\/\/taboofashion.com\/hu\/shop\/bc-inspire-e150-women_-laies-organic-shirt\/\",\"name\":\"#Inspire E150 \/ organikus n\u0151i p\u00f3l\u00f3 &#8211; Fashion shop\",\"isPartOf\":{\"@id\":\"https:\/\/taboofashion.com\/hu\/#website\"},\"datePublished\":\"2022-08-24T19:56:05+00:00\",\"dateModified\":\"2023-05-17T16:07:55+00:00\",\"breadcrumb\":{\"@id\":\"https:\/\/taboofashion.com\/hu\/shop\/bc-inspire-e150-women_-laies-organic-shirt\/#breadcrumb\"},\"inLanguage\":\"hu\",\"potentialAction\":[{\"@type\":\"ReadAction\",\"target\":[\"https:\/\/taboofashion.com\/hu\/shop\/bc-inspire-e150-women_-laies-organic-shirt\/\"]}]},{\"@type\":\"BreadcrumbList\",\"@id\":\"https:\/\/taboofashion.com\/hu\/shop\/bc-inspire-e150-women_-laies-organic-shirt\/#breadcrumb\",\"itemListElement\":[{\"@type\":\"ListItem\",\"position\":1,\"name\":\"Home\",\"item\":\"https:\/\/taboofashion.com\/hu\/\"},{\"@type\":\"ListItem\",\"position\":2,\"name\":\"Bolt\",\"item\":\"https:\/\/taboofashion.com\/hu\/\"},{\"@type\":\"ListItem\",\"position\":3,\"name\":\"#Inspire E150 \/ organikus n\u0151i p\u00f3l\u00f3\"}]},{\"@type\":\"WebSite\",\"@id\":\"https:\/\/taboofashion.com\/hu\/#website\",\"url\":\"https:\/\/taboofashion.com\/hu\/\",\"name\":\"Fashion shop\",\"description\":\"\",\"publisher\":{\"@id\":\"https:\/\/taboofashion.com\/hu\/#organization\"},\"potentialAction\":[{\"@type\":\"SearchAction\",\"target\":{\"@type\":\"EntryPoint\",\"urlTemplate\":\"https:\/\/taboofashion.com\/hu\/?s={search_term_string}\"},\"query-input\":\"required name=search_term_string\"}],\"inLanguage\":\"hu\"},{\"@type\":\"Organization\",\"@id\":\"https:\/\/taboofashion.com\/hu\/#organization\",\"name\":\"Taboo Slovakia s.r.o.\",\"url\":\"https:\/\/taboofashion.com\/hu\/\",\"logo\":{\"@type\":\"ImageObject\",\"inLanguage\":\"hu\",\"@id\":\"https:\/\/taboofashion.com\/hu\/#\/schema\/logo\/image\/\",\"url\":\"https:\/\/taboofashion.com\/wp-content\/uploads\/2022\/12\/taboologo2100-002.png\",\"contentUrl\":\"https:\/\/taboofashion.com\/wp-content\/uploads\/2022\/12\/taboologo2100-002.png\",\"width\":2100,\"height\":1050,\"caption\":\"Taboo Slovakia s.r.o.\"},\"image\":{\"@id\":\"https:\/\/taboofashion.com\/hu\/#\/schema\/logo\/image\/\"},\"sameAs\":[\"https:\/\/www.facebook.com\/TabooSlovakia\",\"https:\/\/www.linkedin.com\/company\/541747\/\",\"https:\/\/www.instagram.com\/taboofashion.com1\/\"]}]}<\/script>\n<meta property=\"product:brand\" content=\"B&amp;C Collection\" \/>\n<meta property=\"og:availability\" content=\"instock\" \/>\n<meta property=\"product:availability\" content=\"instock\" \/>\n<meta property=\"product:retailer_item_id\" content=\"01W02B00100\" \/>\n<meta property=\"product:condition\" content=\"new\" \/>\n<!-- \/ Yoast SEO plugin. -->","yoast_head_json":{"title":"#Inspire E150 \/ organikus n\u0151i p\u00f3l\u00f3 &#8211; Fashion shop","robots":{"index":"index","follow":"follow","max-snippet":"max-snippet:-1","max-image-preview":"max-image-preview:large","max-video-preview":"max-video-preview:-1"},"canonical":"https:\/\/taboofashion.com\/hu\/shop\/bc-inspire-e150-women_-laies-organic-shirt\/","og_locale":"hu_HU","og_type":"article","og_title":"#Inspire E150 \/ organikus n\u0151i p\u00f3l\u00f3 &#8211; Fashion shop","og_description":"145 g\/m\u00b2, 100% el\u0151zsugor\u00edtott, f\u00e9s\u00fclt, gy\u0171r\u0171s fon\u00e1s\u00fa, min\u0151s\u00edtett biopamut, biopamut vagy biov\u00e1 alak\u00edtva (konverzi\u00f3s pamut), hangasz\u00fcrke: 90% pamut, 10% viszk\u00f3z","og_url":"https:\/\/taboofashion.com\/hu\/shop\/bc-inspire-e150-women_-laies-organic-shirt\/","og_site_name":"Fashion shop","article_publisher":"https:\/\/www.facebook.com\/TabooSlovakia","article_modified_time":"2023-05-17T16:07:55+00:00","og_image":[{"width":291,"height":291,"url":"https:\/\/taboofashion.com\/wp-content\/uploads\/2022\/08\/BC_01_W02B_Ladies.jpg","type":"image\/jpeg"}],"twitter_card":"summary_large_image","schema":{"@context":"https:\/\/schema.org","@graph":[{"@type":"WebPage","@id":"https:\/\/taboofashion.com\/hu\/shop\/bc-inspire-e150-women_-laies-organic-shirt\/","url":"https:\/\/taboofashion.com\/hu\/shop\/bc-inspire-e150-women_-laies-organic-shirt\/","name":"#Inspire E150 \/ organikus n\u0151i p\u00f3l\u00f3 &#8211; Fashion shop","isPartOf":{"@id":"https:\/\/taboofashion.com\/hu\/#website"},"datePublished":"2022-08-24T19:56:05+00:00","dateModified":"2023-05-17T16:07:55+00:00","breadcrumb":{"@id":"https:\/\/taboofashion.com\/hu\/shop\/bc-inspire-e150-women_-laies-organic-shirt\/#breadcrumb"},"inLanguage":"hu","potentialAction":[{"@type":"ReadAction","target":["https:\/\/taboofashion.com\/hu\/shop\/bc-inspire-e150-women_-laies-organic-shirt\/"]}]},{"@type":"BreadcrumbList","@id":"https:\/\/taboofashion.com\/hu\/shop\/bc-inspire-e150-women_-laies-organic-shirt\/#breadcrumb","itemListElement":[{"@type":"ListItem","position":1,"name":"Home","item":"https:\/\/taboofashion.com\/hu\/"},{"@type":"ListItem","position":2,"name":"Bolt","item":"https:\/\/taboofashion.com\/hu\/"},{"@type":"ListItem","position":3,"name":"#Inspire E150 \/ organikus n\u0151i p\u00f3l\u00f3"}]},{"@type":"WebSite","@id":"https:\/\/taboofashion.com\/hu\/#website","url":"https:\/\/taboofashion.com\/hu\/","name":"Fashion shop","description":"","publisher":{"@id":"https:\/\/taboofashion.com\/hu\/#organization"},"potentialAction":[{"@type":"SearchAction","target":{"@type":"EntryPoint","urlTemplate":"https:\/\/taboofashion.com\/hu\/?s={search_term_string}"},"query-input":"required name=search_term_string"}],"inLanguage":"hu"},{"@type":"Organization","@id":"https:\/\/taboofashion.com\/hu\/#organization","name":"Taboo Slovakia s.r.o.","url":"https:\/\/taboofashion.com\/hu\/","logo":{"@type":"ImageObject","inLanguage":"hu","@id":"https:\/\/taboofashion.com\/hu\/#\/schema\/logo\/image\/","url":"https:\/\/taboofashion.com\/wp-content\/uploads\/2022\/12\/taboologo2100-002.png","contentUrl":"https:\/\/taboofashion.com\/wp-content\/uploads\/2022\/12\/taboologo2100-002.png","width":2100,"height":1050,"caption":"Taboo Slovakia s.r.o."},"image":{"@id":"https:\/\/taboofashion.com\/hu\/#\/schema\/logo\/image\/"},"sameAs":["https:\/\/www.facebook.com\/TabooSlovakia","https:\/\/www.linkedin.com\/company\/541747\/","https:\/\/www.instagram.com\/taboofashion.com1\/"]}]},"product_brand":"B&amp;C Collection","og_availability":"instock","product_availability":"instock","product_retailer_item_id":"01W02B00100","product_condition":"new"},"_links":{"self":[{"href":"https:\/\/taboofashion.com\/hu\/wp-json\/wp\/v2\/product\/676448","targetHints":{"allow":["GET"]}}],"collection":[{"href":"https:\/\/taboofashion.com\/hu\/wp-json\/wp\/v2\/product"}],"about":[{"href":"https:\/\/taboofashion.com\/hu\/wp-json\/wp\/v2\/types\/product"}],"wp:featuredmedia":[{"embeddable":true,"href":"https:\/\/taboofashion.com\/hu\/wp-json\/wp\/v2\/media\/610297"}],"wp:attachment":[{"href":"https:\/\/taboofashion.com\/hu\/wp-json\/wp\/v2\/media?parent=676448"}],"wp:term":[{"taxonomy":"product_cat","embeddable":true,"href":"https:\/\/taboofashion.com\/hu\/wp-json\/wp\/v2\/product_cat?post=676448"},{"taxonomy":"product_tag","embeddable":true,"href":"https:\/\/taboofashion.com\/hu\/wp-json\/wp\/v2\/product_tag?post=676448"}],"curies":[{"name":"wp","href":"https:\/\/api.w.org\/{rel}","templated":true}]}}