{"id":679069,"date":"2022-08-25T12:59:54","date_gmt":"2022-08-25T10:59:54","guid":{"rendered":"https:\/\/taboofashion.com\/shop\/james-nicholson-jn-532-ferfi-sportkapucsi-cipzarral\/"},"modified":"2023-07-27T17:13:31","modified_gmt":"2023-07-27T15:13:31","slug":"james-nicholson-jn-532-ferfi-cipzaras-sportkapucsi","status":"publish","type":"product","link":"https:\/\/taboofashion.com\/hu\/shop\/james-nicholson-jn-532-ferfi-cipzaras-sportkapucsi\/","title":{"rendered":"JN 532-es F\u00e9rfi sportpul\u00f3ver kapucnival \u00e9s cipz\u00e1rral"},"content":{"rendered":"<p>\u00c1ll\u00edthat\u00f3 kapucni, YKK cipz\u00e1r, 2 cipz\u00e1ros oldalzseb, 2 bels\u0151 zseb<\/p>\n","protected":false},"excerpt":{"rendered":"<p>240g\/m\u00b2, 100% \u00fajrahasznos\u00edtott poli\u00e9szter, francia frott\u00edr (bel\u00fcl sz\u00e1lcsiszolatlan)<\/p>\n","protected":false},"featured_media":610051,"template":"","meta":[],"product_cat":[3624,3623],"product_tag":[],"class_list":{"0":"post-679069","1":"product","2":"type-product","3":"status-publish","4":"has-post-thumbnail","6":"product_cat-soprt-puloverek","7":"product_cat-sport-ruhazat","8":"pa_brand-james-nicholson-hu","9":"pa_colour-fekete","10":"pa_colour-konnyu-melange","11":"pa_colour-sotet-melange-hu","12":"pa_size-s-hu","13":"pa_size-m-hu","14":"pa_size-l-hu","15":"pa_size-xl-hu","16":"pa_size-xxl-hu","17":"pa_size-3xl-hu","19":"first","20":"instock","21":"taxable","22":"shipping-taxable","23":"purchasable","24":"product-type-variable","25":"has-default-attributes"},"yoast_head":"<!-- This site is optimized with the Yoast SEO plugin v21.8 - https:\/\/yoast.com\/wordpress\/plugins\/seo\/ -->\n<title>JN 532-es F\u00e9rfi sportpul\u00f3ver kapucnival \u00e9s cipz\u00e1rral &#8211; Fashion shop<\/title>\n<meta name=\"robots\" content=\"index, follow, max-snippet:-1, max-image-preview:large, max-video-preview:-1\" \/>\n<link rel=\"canonical\" href=\"https:\/\/taboofashion.com\/hu\/shop\/james-nicholson-jn-532-ferfi-cipzaras-sportkapucsi\/\" \/>\n<meta property=\"og:locale\" content=\"hu_HU\" \/>\n<meta property=\"og:type\" content=\"article\" \/>\n<meta property=\"og:title\" content=\"JN 532-es F\u00e9rfi sportpul\u00f3ver kapucnival \u00e9s cipz\u00e1rral &#8211; Fashion shop\" \/>\n<meta property=\"og:description\" content=\"240g\/m\u00b2, 100% \u00fajrahasznos\u00edtott poli\u00e9szter, francia frott\u00edr (bel\u00fcl sz\u00e1lcsiszolatlan)\" \/>\n<meta property=\"og:url\" content=\"https:\/\/taboofashion.com\/hu\/shop\/james-nicholson-jn-532-ferfi-cipzaras-sportkapucsi\/\" \/>\n<meta property=\"og:site_name\" content=\"Fashion shop\" \/>\n<meta property=\"article:publisher\" content=\"https:\/\/www.facebook.com\/TabooSlovakia\" \/>\n<meta property=\"article:modified_time\" content=\"2023-07-27T15:13:31+00:00\" \/>\n<meta property=\"og:image\" content=\"https:\/\/taboofashion.com\/wp-content\/uploads\/2022\/08\/LS-02.0532-James-Nicholson-JN-532-4.jpg\" \/>\n\t<meta property=\"og:image:width\" content=\"1000\" \/>\n\t<meta property=\"og:image:height\" content=\"1000\" \/>\n\t<meta property=\"og:image:type\" content=\"image\/jpeg\" \/>\n<meta name=\"twitter:card\" content=\"summary_large_image\" \/>\n<script type=\"application\/ld+json\" class=\"yoast-schema-graph\">{\"@context\":\"https:\/\/schema.org\",\"@graph\":[{\"@type\":\"WebPage\",\"@id\":\"https:\/\/taboofashion.com\/hu\/shop\/james-nicholson-jn-532-ferfi-cipzaras-sportkapucsi\/\",\"url\":\"https:\/\/taboofashion.com\/hu\/shop\/james-nicholson-jn-532-ferfi-cipzaras-sportkapucsi\/\",\"name\":\"JN 532-es F\u00e9rfi sportpul\u00f3ver kapucnival \u00e9s cipz\u00e1rral &#8211; Fashion shop\",\"isPartOf\":{\"@id\":\"https:\/\/taboofashion.com\/hu\/#website\"},\"datePublished\":\"2022-08-25T10:59:54+00:00\",\"dateModified\":\"2023-07-27T15:13:31+00:00\",\"breadcrumb\":{\"@id\":\"https:\/\/taboofashion.com\/hu\/shop\/james-nicholson-jn-532-ferfi-cipzaras-sportkapucsi\/#breadcrumb\"},\"inLanguage\":\"hu\",\"potentialAction\":[{\"@type\":\"ReadAction\",\"target\":[\"https:\/\/taboofashion.com\/hu\/shop\/james-nicholson-jn-532-ferfi-cipzaras-sportkapucsi\/\"]}]},{\"@type\":\"BreadcrumbList\",\"@id\":\"https:\/\/taboofashion.com\/hu\/shop\/james-nicholson-jn-532-ferfi-cipzaras-sportkapucsi\/#breadcrumb\",\"itemListElement\":[{\"@type\":\"ListItem\",\"position\":1,\"name\":\"Home\",\"item\":\"https:\/\/taboofashion.com\/hu\/\"},{\"@type\":\"ListItem\",\"position\":2,\"name\":\"Bolt\",\"item\":\"https:\/\/taboofashion.com\/hu\/\"},{\"@type\":\"ListItem\",\"position\":3,\"name\":\"JN 532-es F\u00e9rfi sportpul\u00f3ver kapucnival \u00e9s cipz\u00e1rral\"}]},{\"@type\":\"WebSite\",\"@id\":\"https:\/\/taboofashion.com\/hu\/#website\",\"url\":\"https:\/\/taboofashion.com\/hu\/\",\"name\":\"Fashion shop\",\"description\":\"\",\"publisher\":{\"@id\":\"https:\/\/taboofashion.com\/hu\/#organization\"},\"potentialAction\":[{\"@type\":\"SearchAction\",\"target\":{\"@type\":\"EntryPoint\",\"urlTemplate\":\"https:\/\/taboofashion.com\/hu\/?s={search_term_string}\"},\"query-input\":\"required name=search_term_string\"}],\"inLanguage\":\"hu\"},{\"@type\":\"Organization\",\"@id\":\"https:\/\/taboofashion.com\/hu\/#organization\",\"name\":\"Taboo Slovakia s.r.o.\",\"url\":\"https:\/\/taboofashion.com\/hu\/\",\"logo\":{\"@type\":\"ImageObject\",\"inLanguage\":\"hu\",\"@id\":\"https:\/\/taboofashion.com\/hu\/#\/schema\/logo\/image\/\",\"url\":\"https:\/\/taboofashion.com\/wp-content\/uploads\/2022\/12\/taboologo2100-002.png\",\"contentUrl\":\"https:\/\/taboofashion.com\/wp-content\/uploads\/2022\/12\/taboologo2100-002.png\",\"width\":2100,\"height\":1050,\"caption\":\"Taboo Slovakia s.r.o.\"},\"image\":{\"@id\":\"https:\/\/taboofashion.com\/hu\/#\/schema\/logo\/image\/\"},\"sameAs\":[\"https:\/\/www.facebook.com\/TabooSlovakia\",\"https:\/\/www.linkedin.com\/company\/541747\/\",\"https:\/\/www.instagram.com\/taboofashion.com1\/\"]}]}<\/script>\n<meta property=\"product:brand\" content=\"James &amp; Nicholson\" \/>\n<meta property=\"og:availability\" content=\"instock\" \/>\n<meta property=\"product:availability\" content=\"instock\" \/>\n<meta property=\"product:retailer_item_id\" content=\"02053200201\" \/>\n<meta property=\"product:condition\" content=\"new\" \/>\n<!-- \/ Yoast SEO plugin. -->","yoast_head_json":{"title":"JN 532-es F\u00e9rfi sportpul\u00f3ver kapucnival \u00e9s cipz\u00e1rral &#8211; Fashion shop","robots":{"index":"index","follow":"follow","max-snippet":"max-snippet:-1","max-image-preview":"max-image-preview:large","max-video-preview":"max-video-preview:-1"},"canonical":"https:\/\/taboofashion.com\/hu\/shop\/james-nicholson-jn-532-ferfi-cipzaras-sportkapucsi\/","og_locale":"hu_HU","og_type":"article","og_title":"JN 532-es F\u00e9rfi sportpul\u00f3ver kapucnival \u00e9s cipz\u00e1rral &#8211; Fashion shop","og_description":"240g\/m\u00b2, 100% \u00fajrahasznos\u00edtott poli\u00e9szter, francia frott\u00edr (bel\u00fcl sz\u00e1lcsiszolatlan)","og_url":"https:\/\/taboofashion.com\/hu\/shop\/james-nicholson-jn-532-ferfi-cipzaras-sportkapucsi\/","og_site_name":"Fashion shop","article_publisher":"https:\/\/www.facebook.com\/TabooSlovakia","article_modified_time":"2023-07-27T15:13:31+00:00","og_image":[{"width":1000,"height":1000,"url":"https:\/\/taboofashion.com\/wp-content\/uploads\/2022\/08\/LS-02.0532-James-Nicholson-JN-532-4.jpg","type":"image\/jpeg"}],"twitter_card":"summary_large_image","schema":{"@context":"https:\/\/schema.org","@graph":[{"@type":"WebPage","@id":"https:\/\/taboofashion.com\/hu\/shop\/james-nicholson-jn-532-ferfi-cipzaras-sportkapucsi\/","url":"https:\/\/taboofashion.com\/hu\/shop\/james-nicholson-jn-532-ferfi-cipzaras-sportkapucsi\/","name":"JN 532-es F\u00e9rfi sportpul\u00f3ver kapucnival \u00e9s cipz\u00e1rral &#8211; Fashion shop","isPartOf":{"@id":"https:\/\/taboofashion.com\/hu\/#website"},"datePublished":"2022-08-25T10:59:54+00:00","dateModified":"2023-07-27T15:13:31+00:00","breadcrumb":{"@id":"https:\/\/taboofashion.com\/hu\/shop\/james-nicholson-jn-532-ferfi-cipzaras-sportkapucsi\/#breadcrumb"},"inLanguage":"hu","potentialAction":[{"@type":"ReadAction","target":["https:\/\/taboofashion.com\/hu\/shop\/james-nicholson-jn-532-ferfi-cipzaras-sportkapucsi\/"]}]},{"@type":"BreadcrumbList","@id":"https:\/\/taboofashion.com\/hu\/shop\/james-nicholson-jn-532-ferfi-cipzaras-sportkapucsi\/#breadcrumb","itemListElement":[{"@type":"ListItem","position":1,"name":"Home","item":"https:\/\/taboofashion.com\/hu\/"},{"@type":"ListItem","position":2,"name":"Bolt","item":"https:\/\/taboofashion.com\/hu\/"},{"@type":"ListItem","position":3,"name":"JN 532-es F\u00e9rfi sportpul\u00f3ver kapucnival \u00e9s cipz\u00e1rral"}]},{"@type":"WebSite","@id":"https:\/\/taboofashion.com\/hu\/#website","url":"https:\/\/taboofashion.com\/hu\/","name":"Fashion shop","description":"","publisher":{"@id":"https:\/\/taboofashion.com\/hu\/#organization"},"potentialAction":[{"@type":"SearchAction","target":{"@type":"EntryPoint","urlTemplate":"https:\/\/taboofashion.com\/hu\/?s={search_term_string}"},"query-input":"required name=search_term_string"}],"inLanguage":"hu"},{"@type":"Organization","@id":"https:\/\/taboofashion.com\/hu\/#organization","name":"Taboo Slovakia s.r.o.","url":"https:\/\/taboofashion.com\/hu\/","logo":{"@type":"ImageObject","inLanguage":"hu","@id":"https:\/\/taboofashion.com\/hu\/#\/schema\/logo\/image\/","url":"https:\/\/taboofashion.com\/wp-content\/uploads\/2022\/12\/taboologo2100-002.png","contentUrl":"https:\/\/taboofashion.com\/wp-content\/uploads\/2022\/12\/taboologo2100-002.png","width":2100,"height":1050,"caption":"Taboo Slovakia s.r.o."},"image":{"@id":"https:\/\/taboofashion.com\/hu\/#\/schema\/logo\/image\/"},"sameAs":["https:\/\/www.facebook.com\/TabooSlovakia","https:\/\/www.linkedin.com\/company\/541747\/","https:\/\/www.instagram.com\/taboofashion.com1\/"]}]},"product_brand":"James &amp; Nicholson","og_availability":"instock","product_availability":"instock","product_retailer_item_id":"02053200201","product_condition":"new"},"_links":{"self":[{"href":"https:\/\/taboofashion.com\/hu\/wp-json\/wp\/v2\/product\/679069","targetHints":{"allow":["GET"]}}],"collection":[{"href":"https:\/\/taboofashion.com\/hu\/wp-json\/wp\/v2\/product"}],"about":[{"href":"https:\/\/taboofashion.com\/hu\/wp-json\/wp\/v2\/types\/product"}],"wp:featuredmedia":[{"embeddable":true,"href":"https:\/\/taboofashion.com\/hu\/wp-json\/wp\/v2\/media\/610051"}],"wp:attachment":[{"href":"https:\/\/taboofashion.com\/hu\/wp-json\/wp\/v2\/media?parent=679069"}],"wp:term":[{"taxonomy":"product_cat","embeddable":true,"href":"https:\/\/taboofashion.com\/hu\/wp-json\/wp\/v2\/product_cat?post=679069"},{"taxonomy":"product_tag","embeddable":true,"href":"https:\/\/taboofashion.com\/hu\/wp-json\/wp\/v2\/product_tag?post=679069"}],"curies":[{"name":"wp","href":"https:\/\/api.w.org\/{rel}","templated":true}]}}