{"id":683898,"date":"2022-08-27T04:01:05","date_gmt":"2022-08-27T02:01:05","guid":{"rendered":"https:\/\/taboofashion.com\/shop\/russell-040f-noi-2-retegu-smartsoftshell-kabat\/"},"modified":"2023-05-14T14:57:15","modified_gmt":"2023-05-14T12:57:15","slug":"russell-040f-noi-2-retegu-smartsoftshell-kabat","status":"publish","type":"product","link":"https:\/\/taboofashion.com\/hu\/shop\/russell-040f-noi-2-retegu-smartsoftshell-kabat\/","title":{"rendered":"040F 2 r\u00e9teg\u0171 smart softshell n\u0151i kab\u00e1t"},"content":{"rendered":"<p>Testreszabott szab\u00e1s\u00fa, v\u00edzleperget\u0151 Du Pont\u2122 Teflon\u00ae DWR bevonat, membr\u00e1n n\u00e9lk\u00fcl a nagyobb l\u00e9g\u00e1tereszt\u00e9s\u00e9rt, nyakszalag, 2 cipz\u00e1ras zseb, szeg\u00e9lyezett bels\u0151 varr\u00e1s cipz\u00e1rral, h\u00e1tul hosszabb szab\u00e1s, k\u00f6t\u00f6tt softshell anyag hegesztett mikropol\u00e1rral, optim\u00e1lis v\u00e9delem az ellen a hideg, fejhallgat\u00f3 k\u00e1bel, 40\u00b0-on moshat\u00f3<\/p>\n","protected":false},"excerpt":{"rendered":"<p>315 g\/m\u00b2, 100% poli\u00e9szter<\/p>\n","protected":false},"featured_media":609643,"template":"","meta":[],"product_cat":[3614],"product_tag":[],"class_list":{"0":"post-683898","1":"product","2":"type-product","3":"status-publish","4":"has-post-thumbnail","6":"product_cat-dzsekik","7":"pa_brand-russell-hu","8":"pa_colour-fekete","9":"pa_colour-francia-haditengereszet","10":"pa_colour-klasszikus-piros-2","11":"pa_colour-szurke-2","12":"pa_size-xs-hu","13":"pa_size-s-hu","14":"pa_size-m-hu","15":"pa_size-l-hu","16":"pa_size-xl-hu","17":"pa_size-xxl-hu","18":"pa_size-3xl-hu","20":"first","21":"instock","22":"taxable","23":"shipping-taxable","24":"purchasable","25":"product-type-variable","26":"has-default-attributes"},"yoast_head":"<!-- This site is optimized with the Yoast SEO plugin v21.8 - https:\/\/yoast.com\/wordpress\/plugins\/seo\/ -->\n<title>040F 2 r\u00e9teg\u0171 smart softshell n\u0151i kab\u00e1t &#8211; Fashion shop<\/title>\n<meta name=\"robots\" content=\"index, follow, max-snippet:-1, max-image-preview:large, max-video-preview:-1\" \/>\n<link rel=\"canonical\" href=\"https:\/\/taboofashion.com\/hu\/shop\/russell-040f-noi-2-retegu-smartsoftshell-kabat\/\" \/>\n<meta property=\"og:locale\" content=\"hu_HU\" \/>\n<meta property=\"og:type\" content=\"article\" \/>\n<meta property=\"og:title\" content=\"040F 2 r\u00e9teg\u0171 smart softshell n\u0151i kab\u00e1t &#8211; Fashion shop\" \/>\n<meta property=\"og:description\" content=\"315 g\/m\u00b2, 100% poli\u00e9szter\" \/>\n<meta property=\"og:url\" content=\"https:\/\/taboofashion.com\/hu\/shop\/russell-040f-noi-2-retegu-smartsoftshell-kabat\/\" \/>\n<meta property=\"og:site_name\" content=\"Fashion shop\" \/>\n<meta property=\"article:publisher\" content=\"https:\/\/www.facebook.com\/TabooSlovakia\" \/>\n<meta property=\"article:modified_time\" content=\"2023-05-14T12:57:15+00:00\" \/>\n<meta property=\"og:image\" content=\"https:\/\/taboofashion.com\/wp-content\/uploads\/2022\/08\/LS-10.040F-Russell-040F-8.jpg\" \/>\n\t<meta property=\"og:image:width\" content=\"1000\" \/>\n\t<meta property=\"og:image:height\" content=\"1000\" \/>\n\t<meta property=\"og:image:type\" content=\"image\/jpeg\" \/>\n<meta name=\"twitter:card\" content=\"summary_large_image\" \/>\n<script type=\"application\/ld+json\" class=\"yoast-schema-graph\">{\"@context\":\"https:\/\/schema.org\",\"@graph\":[{\"@type\":\"WebPage\",\"@id\":\"https:\/\/taboofashion.com\/hu\/shop\/russell-040f-noi-2-retegu-smartsoftshell-kabat\/\",\"url\":\"https:\/\/taboofashion.com\/hu\/shop\/russell-040f-noi-2-retegu-smartsoftshell-kabat\/\",\"name\":\"040F 2 r\u00e9teg\u0171 smart softshell n\u0151i kab\u00e1t &#8211; Fashion shop\",\"isPartOf\":{\"@id\":\"https:\/\/taboofashion.com\/hu\/#website\"},\"datePublished\":\"2022-08-27T02:01:05+00:00\",\"dateModified\":\"2023-05-14T12:57:15+00:00\",\"breadcrumb\":{\"@id\":\"https:\/\/taboofashion.com\/hu\/shop\/russell-040f-noi-2-retegu-smartsoftshell-kabat\/#breadcrumb\"},\"inLanguage\":\"hu\",\"potentialAction\":[{\"@type\":\"ReadAction\",\"target\":[\"https:\/\/taboofashion.com\/hu\/shop\/russell-040f-noi-2-retegu-smartsoftshell-kabat\/\"]}]},{\"@type\":\"BreadcrumbList\",\"@id\":\"https:\/\/taboofashion.com\/hu\/shop\/russell-040f-noi-2-retegu-smartsoftshell-kabat\/#breadcrumb\",\"itemListElement\":[{\"@type\":\"ListItem\",\"position\":1,\"name\":\"Home\",\"item\":\"https:\/\/taboofashion.com\/hu\/\"},{\"@type\":\"ListItem\",\"position\":2,\"name\":\"Bolt\",\"item\":\"https:\/\/taboofashion.com\/hu\/\"},{\"@type\":\"ListItem\",\"position\":3,\"name\":\"040F 2 r\u00e9teg\u0171 smart softshell n\u0151i kab\u00e1t\"}]},{\"@type\":\"WebSite\",\"@id\":\"https:\/\/taboofashion.com\/hu\/#website\",\"url\":\"https:\/\/taboofashion.com\/hu\/\",\"name\":\"Fashion shop\",\"description\":\"\",\"publisher\":{\"@id\":\"https:\/\/taboofashion.com\/hu\/#organization\"},\"potentialAction\":[{\"@type\":\"SearchAction\",\"target\":{\"@type\":\"EntryPoint\",\"urlTemplate\":\"https:\/\/taboofashion.com\/hu\/?s={search_term_string}\"},\"query-input\":\"required name=search_term_string\"}],\"inLanguage\":\"hu\"},{\"@type\":\"Organization\",\"@id\":\"https:\/\/taboofashion.com\/hu\/#organization\",\"name\":\"Taboo Slovakia s.r.o.\",\"url\":\"https:\/\/taboofashion.com\/hu\/\",\"logo\":{\"@type\":\"ImageObject\",\"inLanguage\":\"hu\",\"@id\":\"https:\/\/taboofashion.com\/hu\/#\/schema\/logo\/image\/\",\"url\":\"https:\/\/taboofashion.com\/wp-content\/uploads\/2022\/12\/taboologo2100-002.png\",\"contentUrl\":\"https:\/\/taboofashion.com\/wp-content\/uploads\/2022\/12\/taboologo2100-002.png\",\"width\":2100,\"height\":1050,\"caption\":\"Taboo Slovakia s.r.o.\"},\"image\":{\"@id\":\"https:\/\/taboofashion.com\/hu\/#\/schema\/logo\/image\/\"},\"sameAs\":[\"https:\/\/www.facebook.com\/TabooSlovakia\",\"https:\/\/www.linkedin.com\/company\/541747\/\",\"https:\/\/www.instagram.com\/taboofashion.com1\/\"]}]}<\/script>\n<meta property=\"product:brand\" content=\"Russell\" \/>\n<meta property=\"og:availability\" content=\"instock\" \/>\n<meta property=\"product:availability\" content=\"instock\" \/>\n<meta property=\"product:retailer_item_id\" content=\"10040F00200\" \/>\n<meta property=\"product:condition\" content=\"new\" \/>\n<!-- \/ Yoast SEO plugin. -->","yoast_head_json":{"title":"040F 2 r\u00e9teg\u0171 smart softshell n\u0151i kab\u00e1t &#8211; Fashion shop","robots":{"index":"index","follow":"follow","max-snippet":"max-snippet:-1","max-image-preview":"max-image-preview:large","max-video-preview":"max-video-preview:-1"},"canonical":"https:\/\/taboofashion.com\/hu\/shop\/russell-040f-noi-2-retegu-smartsoftshell-kabat\/","og_locale":"hu_HU","og_type":"article","og_title":"040F 2 r\u00e9teg\u0171 smart softshell n\u0151i kab\u00e1t &#8211; Fashion shop","og_description":"315 g\/m\u00b2, 100% poli\u00e9szter","og_url":"https:\/\/taboofashion.com\/hu\/shop\/russell-040f-noi-2-retegu-smartsoftshell-kabat\/","og_site_name":"Fashion shop","article_publisher":"https:\/\/www.facebook.com\/TabooSlovakia","article_modified_time":"2023-05-14T12:57:15+00:00","og_image":[{"width":1000,"height":1000,"url":"https:\/\/taboofashion.com\/wp-content\/uploads\/2022\/08\/LS-10.040F-Russell-040F-8.jpg","type":"image\/jpeg"}],"twitter_card":"summary_large_image","schema":{"@context":"https:\/\/schema.org","@graph":[{"@type":"WebPage","@id":"https:\/\/taboofashion.com\/hu\/shop\/russell-040f-noi-2-retegu-smartsoftshell-kabat\/","url":"https:\/\/taboofashion.com\/hu\/shop\/russell-040f-noi-2-retegu-smartsoftshell-kabat\/","name":"040F 2 r\u00e9teg\u0171 smart softshell n\u0151i kab\u00e1t &#8211; Fashion shop","isPartOf":{"@id":"https:\/\/taboofashion.com\/hu\/#website"},"datePublished":"2022-08-27T02:01:05+00:00","dateModified":"2023-05-14T12:57:15+00:00","breadcrumb":{"@id":"https:\/\/taboofashion.com\/hu\/shop\/russell-040f-noi-2-retegu-smartsoftshell-kabat\/#breadcrumb"},"inLanguage":"hu","potentialAction":[{"@type":"ReadAction","target":["https:\/\/taboofashion.com\/hu\/shop\/russell-040f-noi-2-retegu-smartsoftshell-kabat\/"]}]},{"@type":"BreadcrumbList","@id":"https:\/\/taboofashion.com\/hu\/shop\/russell-040f-noi-2-retegu-smartsoftshell-kabat\/#breadcrumb","itemListElement":[{"@type":"ListItem","position":1,"name":"Home","item":"https:\/\/taboofashion.com\/hu\/"},{"@type":"ListItem","position":2,"name":"Bolt","item":"https:\/\/taboofashion.com\/hu\/"},{"@type":"ListItem","position":3,"name":"040F 2 r\u00e9teg\u0171 smart softshell n\u0151i kab\u00e1t"}]},{"@type":"WebSite","@id":"https:\/\/taboofashion.com\/hu\/#website","url":"https:\/\/taboofashion.com\/hu\/","name":"Fashion shop","description":"","publisher":{"@id":"https:\/\/taboofashion.com\/hu\/#organization"},"potentialAction":[{"@type":"SearchAction","target":{"@type":"EntryPoint","urlTemplate":"https:\/\/taboofashion.com\/hu\/?s={search_term_string}"},"query-input":"required name=search_term_string"}],"inLanguage":"hu"},{"@type":"Organization","@id":"https:\/\/taboofashion.com\/hu\/#organization","name":"Taboo Slovakia s.r.o.","url":"https:\/\/taboofashion.com\/hu\/","logo":{"@type":"ImageObject","inLanguage":"hu","@id":"https:\/\/taboofashion.com\/hu\/#\/schema\/logo\/image\/","url":"https:\/\/taboofashion.com\/wp-content\/uploads\/2022\/12\/taboologo2100-002.png","contentUrl":"https:\/\/taboofashion.com\/wp-content\/uploads\/2022\/12\/taboologo2100-002.png","width":2100,"height":1050,"caption":"Taboo Slovakia s.r.o."},"image":{"@id":"https:\/\/taboofashion.com\/hu\/#\/schema\/logo\/image\/"},"sameAs":["https:\/\/www.facebook.com\/TabooSlovakia","https:\/\/www.linkedin.com\/company\/541747\/","https:\/\/www.instagram.com\/taboofashion.com1\/"]}]},"product_brand":"Russell","og_availability":"instock","product_availability":"instock","product_retailer_item_id":"10040F00200","product_condition":"new"},"_links":{"self":[{"href":"https:\/\/taboofashion.com\/hu\/wp-json\/wp\/v2\/product\/683898","targetHints":{"allow":["GET"]}}],"collection":[{"href":"https:\/\/taboofashion.com\/hu\/wp-json\/wp\/v2\/product"}],"about":[{"href":"https:\/\/taboofashion.com\/hu\/wp-json\/wp\/v2\/types\/product"}],"wp:featuredmedia":[{"embeddable":true,"href":"https:\/\/taboofashion.com\/hu\/wp-json\/wp\/v2\/media\/609643"}],"wp:attachment":[{"href":"https:\/\/taboofashion.com\/hu\/wp-json\/wp\/v2\/media?parent=683898"}],"wp:term":[{"taxonomy":"product_cat","embeddable":true,"href":"https:\/\/taboofashion.com\/hu\/wp-json\/wp\/v2\/product_cat?post=683898"},{"taxonomy":"product_tag","embeddable":true,"href":"https:\/\/taboofashion.com\/hu\/wp-json\/wp\/v2\/product_tag?post=683898"}],"curies":[{"name":"wp","href":"https:\/\/api.w.org\/{rel}","templated":true}]}}