{"id":684825,"date":"2022-08-27T01:49:38","date_gmt":"2022-08-26T23:49:38","guid":{"rendered":"https:\/\/taboofashion.com\/shop\/stedman-kotott-polardzseki-ferfi-ferfi-kotott-polardzseki\/"},"modified":"2023-07-19T17:46:43","modified_gmt":"2023-07-19T15:46:43","slug":"stedman-kotott-polardzseki-ferfi-kotott-polardzseki-ferfi","status":"publish","type":"product","link":"https:\/\/taboofashion.com\/hu\/shop\/stedman-kotott-polardzseki-ferfi-kotott-polardzseki-ferfi\/","title":{"rendered":"K\u00f6t\u00f6tt pol\u00e1r kab\u00e1t f\u00e9rfiaknak"},"content":{"rendered":"<p>\u00d6nsz\u0151tt \u00e1ll\u00f3gall\u00e9r, mandzsetta \u00e9s szeg\u00e9ly, 2 oldalzseb, lapos el\u00fcls\u0151 varr\u00e1s, foltos k\u00f6t\u00f6tt fel\u00fclet, bel\u00fcl \u00e9rdes, semleges m\u00e9ret\u0171 c\u00edmke, 40\u00b0-on moshat\u00f3<\/p>\n","protected":false},"excerpt":{"rendered":"<p>280 gsm 100% folt\u00e1ll\u00f3 poli\u00e9szter k\u00f6t\u00f6tt pol\u00e1r<\/p>\n","protected":false},"featured_media":608338,"template":"","meta":[],"product_cat":[3611],"product_tag":[],"class_list":{"0":"post-684825","1":"product","2":"type-product","3":"status-publish","4":"has-post-thumbnail","6":"product_cat-polar-pulover","7":"pa_brand-stedman-hu","8":"pa_colour-kek-melange","9":"pa_colour-marina-kek-melange","10":"pa_colour-sotetszurke-melange","11":"pa_colour-vilagosszurke-melange","12":"pa_size-s-hu","13":"pa_size-m-hu","14":"pa_size-l-hu","15":"pa_size-xl-hu","16":"pa_size-xxl-hu","18":"first","19":"instock","20":"taxable","21":"shipping-taxable","22":"purchasable","23":"product-type-variable","24":"has-default-attributes"},"yoast_head":"<!-- This site is optimized with the Yoast SEO plugin v21.8 - https:\/\/yoast.com\/wordpress\/plugins\/seo\/ -->\n<title>K\u00f6t\u00f6tt pol\u00e1r kab\u00e1t f\u00e9rfiaknak &#8211; Fashion shop<\/title>\n<meta name=\"robots\" content=\"index, follow, max-snippet:-1, max-image-preview:large, max-video-preview:-1\" \/>\n<link rel=\"canonical\" href=\"https:\/\/taboofashion.com\/hu\/shop\/stedman-kotott-polardzseki-ferfi-kotott-polardzseki-ferfi\/\" \/>\n<meta property=\"og:locale\" content=\"hu_HU\" \/>\n<meta property=\"og:type\" content=\"article\" \/>\n<meta property=\"og:title\" content=\"K\u00f6t\u00f6tt pol\u00e1r kab\u00e1t f\u00e9rfiaknak &#8211; Fashion shop\" \/>\n<meta property=\"og:description\" content=\"280 gsm 100% folt\u00e1ll\u00f3 poli\u00e9szter k\u00f6t\u00f6tt pol\u00e1r\" \/>\n<meta property=\"og:url\" content=\"https:\/\/taboofashion.com\/hu\/shop\/stedman-kotott-polardzseki-ferfi-kotott-polardzseki-ferfi\/\" \/>\n<meta property=\"og:site_name\" content=\"Fashion shop\" \/>\n<meta property=\"article:publisher\" content=\"https:\/\/www.facebook.com\/TabooSlovakia\" \/>\n<meta property=\"article:modified_time\" content=\"2023-07-19T15:46:43+00:00\" \/>\n<meta property=\"og:image\" content=\"https:\/\/taboofashion.com\/wp-content\/uploads\/2022\/08\/LS-05.5850-Stedman-Knit-Fleece-Jacket-Men-1.jpg\" \/>\n\t<meta property=\"og:image:width\" content=\"1000\" \/>\n\t<meta property=\"og:image:height\" content=\"1000\" \/>\n\t<meta property=\"og:image:type\" content=\"image\/jpeg\" \/>\n<meta name=\"twitter:card\" content=\"summary_large_image\" \/>\n<script type=\"application\/ld+json\" class=\"yoast-schema-graph\">{\"@context\":\"https:\/\/schema.org\",\"@graph\":[{\"@type\":\"WebPage\",\"@id\":\"https:\/\/taboofashion.com\/hu\/shop\/stedman-kotott-polardzseki-ferfi-kotott-polardzseki-ferfi\/\",\"url\":\"https:\/\/taboofashion.com\/hu\/shop\/stedman-kotott-polardzseki-ferfi-kotott-polardzseki-ferfi\/\",\"name\":\"K\u00f6t\u00f6tt pol\u00e1r kab\u00e1t f\u00e9rfiaknak &#8211; Fashion shop\",\"isPartOf\":{\"@id\":\"https:\/\/taboofashion.com\/hu\/#website\"},\"datePublished\":\"2022-08-26T23:49:38+00:00\",\"dateModified\":\"2023-07-19T15:46:43+00:00\",\"breadcrumb\":{\"@id\":\"https:\/\/taboofashion.com\/hu\/shop\/stedman-kotott-polardzseki-ferfi-kotott-polardzseki-ferfi\/#breadcrumb\"},\"inLanguage\":\"hu\",\"potentialAction\":[{\"@type\":\"ReadAction\",\"target\":[\"https:\/\/taboofashion.com\/hu\/shop\/stedman-kotott-polardzseki-ferfi-kotott-polardzseki-ferfi\/\"]}]},{\"@type\":\"BreadcrumbList\",\"@id\":\"https:\/\/taboofashion.com\/hu\/shop\/stedman-kotott-polardzseki-ferfi-kotott-polardzseki-ferfi\/#breadcrumb\",\"itemListElement\":[{\"@type\":\"ListItem\",\"position\":1,\"name\":\"Home\",\"item\":\"https:\/\/taboofashion.com\/hu\/\"},{\"@type\":\"ListItem\",\"position\":2,\"name\":\"Bolt\",\"item\":\"https:\/\/taboofashion.com\/hu\/\"},{\"@type\":\"ListItem\",\"position\":3,\"name\":\"K\u00f6t\u00f6tt pol\u00e1r kab\u00e1t f\u00e9rfiaknak\"}]},{\"@type\":\"WebSite\",\"@id\":\"https:\/\/taboofashion.com\/hu\/#website\",\"url\":\"https:\/\/taboofashion.com\/hu\/\",\"name\":\"Fashion shop\",\"description\":\"\",\"publisher\":{\"@id\":\"https:\/\/taboofashion.com\/hu\/#organization\"},\"potentialAction\":[{\"@type\":\"SearchAction\",\"target\":{\"@type\":\"EntryPoint\",\"urlTemplate\":\"https:\/\/taboofashion.com\/hu\/?s={search_term_string}\"},\"query-input\":\"required name=search_term_string\"}],\"inLanguage\":\"hu\"},{\"@type\":\"Organization\",\"@id\":\"https:\/\/taboofashion.com\/hu\/#organization\",\"name\":\"Taboo Slovakia s.r.o.\",\"url\":\"https:\/\/taboofashion.com\/hu\/\",\"logo\":{\"@type\":\"ImageObject\",\"inLanguage\":\"hu\",\"@id\":\"https:\/\/taboofashion.com\/hu\/#\/schema\/logo\/image\/\",\"url\":\"https:\/\/taboofashion.com\/wp-content\/uploads\/2022\/12\/taboologo2100-002.png\",\"contentUrl\":\"https:\/\/taboofashion.com\/wp-content\/uploads\/2022\/12\/taboologo2100-002.png\",\"width\":2100,\"height\":1050,\"caption\":\"Taboo Slovakia s.r.o.\"},\"image\":{\"@id\":\"https:\/\/taboofashion.com\/hu\/#\/schema\/logo\/image\/\"},\"sameAs\":[\"https:\/\/www.facebook.com\/TabooSlovakia\",\"https:\/\/www.linkedin.com\/company\/541747\/\",\"https:\/\/www.instagram.com\/taboofashion.com1\/\"]}]}<\/script>\n<meta property=\"product:brand\" content=\"Stedman\" \/>\n<meta property=\"og:availability\" content=\"instock\" \/>\n<meta property=\"product:availability\" content=\"instock\" \/>\n<meta property=\"product:retailer_item_id\" content=\"05585007101\" \/>\n<meta property=\"product:condition\" content=\"new\" \/>\n<!-- \/ Yoast SEO plugin. -->","yoast_head_json":{"title":"K\u00f6t\u00f6tt pol\u00e1r kab\u00e1t f\u00e9rfiaknak &#8211; Fashion shop","robots":{"index":"index","follow":"follow","max-snippet":"max-snippet:-1","max-image-preview":"max-image-preview:large","max-video-preview":"max-video-preview:-1"},"canonical":"https:\/\/taboofashion.com\/hu\/shop\/stedman-kotott-polardzseki-ferfi-kotott-polardzseki-ferfi\/","og_locale":"hu_HU","og_type":"article","og_title":"K\u00f6t\u00f6tt pol\u00e1r kab\u00e1t f\u00e9rfiaknak &#8211; Fashion shop","og_description":"280 gsm 100% folt\u00e1ll\u00f3 poli\u00e9szter k\u00f6t\u00f6tt pol\u00e1r","og_url":"https:\/\/taboofashion.com\/hu\/shop\/stedman-kotott-polardzseki-ferfi-kotott-polardzseki-ferfi\/","og_site_name":"Fashion shop","article_publisher":"https:\/\/www.facebook.com\/TabooSlovakia","article_modified_time":"2023-07-19T15:46:43+00:00","og_image":[{"width":1000,"height":1000,"url":"https:\/\/taboofashion.com\/wp-content\/uploads\/2022\/08\/LS-05.5850-Stedman-Knit-Fleece-Jacket-Men-1.jpg","type":"image\/jpeg"}],"twitter_card":"summary_large_image","schema":{"@context":"https:\/\/schema.org","@graph":[{"@type":"WebPage","@id":"https:\/\/taboofashion.com\/hu\/shop\/stedman-kotott-polardzseki-ferfi-kotott-polardzseki-ferfi\/","url":"https:\/\/taboofashion.com\/hu\/shop\/stedman-kotott-polardzseki-ferfi-kotott-polardzseki-ferfi\/","name":"K\u00f6t\u00f6tt pol\u00e1r kab\u00e1t f\u00e9rfiaknak &#8211; Fashion shop","isPartOf":{"@id":"https:\/\/taboofashion.com\/hu\/#website"},"datePublished":"2022-08-26T23:49:38+00:00","dateModified":"2023-07-19T15:46:43+00:00","breadcrumb":{"@id":"https:\/\/taboofashion.com\/hu\/shop\/stedman-kotott-polardzseki-ferfi-kotott-polardzseki-ferfi\/#breadcrumb"},"inLanguage":"hu","potentialAction":[{"@type":"ReadAction","target":["https:\/\/taboofashion.com\/hu\/shop\/stedman-kotott-polardzseki-ferfi-kotott-polardzseki-ferfi\/"]}]},{"@type":"BreadcrumbList","@id":"https:\/\/taboofashion.com\/hu\/shop\/stedman-kotott-polardzseki-ferfi-kotott-polardzseki-ferfi\/#breadcrumb","itemListElement":[{"@type":"ListItem","position":1,"name":"Home","item":"https:\/\/taboofashion.com\/hu\/"},{"@type":"ListItem","position":2,"name":"Bolt","item":"https:\/\/taboofashion.com\/hu\/"},{"@type":"ListItem","position":3,"name":"K\u00f6t\u00f6tt pol\u00e1r kab\u00e1t f\u00e9rfiaknak"}]},{"@type":"WebSite","@id":"https:\/\/taboofashion.com\/hu\/#website","url":"https:\/\/taboofashion.com\/hu\/","name":"Fashion shop","description":"","publisher":{"@id":"https:\/\/taboofashion.com\/hu\/#organization"},"potentialAction":[{"@type":"SearchAction","target":{"@type":"EntryPoint","urlTemplate":"https:\/\/taboofashion.com\/hu\/?s={search_term_string}"},"query-input":"required name=search_term_string"}],"inLanguage":"hu"},{"@type":"Organization","@id":"https:\/\/taboofashion.com\/hu\/#organization","name":"Taboo Slovakia s.r.o.","url":"https:\/\/taboofashion.com\/hu\/","logo":{"@type":"ImageObject","inLanguage":"hu","@id":"https:\/\/taboofashion.com\/hu\/#\/schema\/logo\/image\/","url":"https:\/\/taboofashion.com\/wp-content\/uploads\/2022\/12\/taboologo2100-002.png","contentUrl":"https:\/\/taboofashion.com\/wp-content\/uploads\/2022\/12\/taboologo2100-002.png","width":2100,"height":1050,"caption":"Taboo Slovakia s.r.o."},"image":{"@id":"https:\/\/taboofashion.com\/hu\/#\/schema\/logo\/image\/"},"sameAs":["https:\/\/www.facebook.com\/TabooSlovakia","https:\/\/www.linkedin.com\/company\/541747\/","https:\/\/www.instagram.com\/taboofashion.com1\/"]}]},"product_brand":"Stedman","og_availability":"instock","product_availability":"instock","product_retailer_item_id":"05585007101","product_condition":"new"},"_links":{"self":[{"href":"https:\/\/taboofashion.com\/hu\/wp-json\/wp\/v2\/product\/684825","targetHints":{"allow":["GET"]}}],"collection":[{"href":"https:\/\/taboofashion.com\/hu\/wp-json\/wp\/v2\/product"}],"about":[{"href":"https:\/\/taboofashion.com\/hu\/wp-json\/wp\/v2\/types\/product"}],"wp:featuredmedia":[{"embeddable":true,"href":"https:\/\/taboofashion.com\/hu\/wp-json\/wp\/v2\/media\/608338"}],"wp:attachment":[{"href":"https:\/\/taboofashion.com\/hu\/wp-json\/wp\/v2\/media?parent=684825"}],"wp:term":[{"taxonomy":"product_cat","embeddable":true,"href":"https:\/\/taboofashion.com\/hu\/wp-json\/wp\/v2\/product_cat?post=684825"},{"taxonomy":"product_tag","embeddable":true,"href":"https:\/\/taboofashion.com\/hu\/wp-json\/wp\/v2\/product_tag?post=684825"}],"curies":[{"name":"wp","href":"https:\/\/api.w.org\/{rel}","templated":true}]}}