{"id":689901,"date":"2022-08-26T10:02:57","date_gmt":"2022-08-26T08:02:57","guid":{"rendered":"https:\/\/taboofashion.com\/shop\/james-nicholson-jn-1144-ferfi-kapucnis-dzseki\/"},"modified":"2023-05-14T19:38:02","modified_gmt":"2023-05-14T17:38:02","slug":"james-nicholson-jn-1144-ferfi-kapucnis-dzseki","status":"publish","type":"product","link":"https:\/\/taboofashion.com\/hu\/shop\/james-nicholson-jn-1144-ferfi-kapucnis-dzseki\/","title":{"rendered":"JN 1144 f\u00e9rfi kapucnis kab\u00e1t"},"content":{"rendered":"<p>\u00c1ll\u00edthat\u00f3 sz\u00e9less\u00e9g\u0171 kapucni, YKK cipz\u00e1rak, patch kenguru zseb cipz\u00e1rral, rugalmas, k\u00e9nyelmes interlock min\u0151s\u00e9g<\/p>\n","protected":false},"excerpt":{"rendered":"<p>380 g\/m\u00b2, 92% poli\u00e9szter, 8% elaszt\u00e1n<\/p>\n","protected":false},"featured_media":609680,"template":"","meta":[],"product_cat":[3614],"product_tag":[],"class_list":{"0":"post-689901","1":"product","2":"type-product","3":"status-publish","4":"has-post-thumbnail","6":"product_cat-dzsekik","7":"pa_brand-james-nicholson-hu","8":"pa_colour-konnyu-melange","9":"pa_colour-sotet-melange-hu","10":"pa_size-s-hu","11":"pa_size-m-hu","12":"pa_size-l-hu","13":"pa_size-xl-hu","14":"pa_size-xxl-hu","15":"pa_size-3xl-hu","17":"first","18":"instock","19":"taxable","20":"shipping-taxable","21":"purchasable","22":"product-type-variable","23":"has-default-attributes"},"yoast_head":"<!-- This site is optimized with the Yoast SEO plugin v21.8 - https:\/\/yoast.com\/wordpress\/plugins\/seo\/ -->\n<title>JN 1144 f\u00e9rfi kapucnis kab\u00e1t &#8211; Fashion shop<\/title>\n<meta name=\"robots\" content=\"index, follow, max-snippet:-1, max-image-preview:large, max-video-preview:-1\" \/>\n<link rel=\"canonical\" href=\"https:\/\/taboofashion.com\/hu\/shop\/james-nicholson-jn-1144-ferfi-kapucnis-dzseki\/\" \/>\n<meta property=\"og:locale\" content=\"hu_HU\" \/>\n<meta property=\"og:type\" content=\"article\" \/>\n<meta property=\"og:title\" content=\"JN 1144 f\u00e9rfi kapucnis kab\u00e1t &#8211; Fashion shop\" \/>\n<meta property=\"og:description\" content=\"380 g\/m\u00b2, 92% poli\u00e9szter, 8% elaszt\u00e1n\" \/>\n<meta property=\"og:url\" content=\"https:\/\/taboofashion.com\/hu\/shop\/james-nicholson-jn-1144-ferfi-kapucnis-dzseki\/\" \/>\n<meta property=\"og:site_name\" content=\"Fashion shop\" \/>\n<meta property=\"article:publisher\" content=\"https:\/\/www.facebook.com\/TabooSlovakia\" \/>\n<meta property=\"article:modified_time\" content=\"2023-05-14T17:38:02+00:00\" \/>\n<meta property=\"og:image\" content=\"https:\/\/taboofashion.com\/wp-content\/uploads\/2022\/08\/LS-02.1144-James-Nicholson-JN-1144-2.jpg\" \/>\n\t<meta property=\"og:image:width\" content=\"1000\" \/>\n\t<meta property=\"og:image:height\" content=\"1000\" \/>\n\t<meta property=\"og:image:type\" content=\"image\/jpeg\" \/>\n<meta name=\"twitter:card\" content=\"summary_large_image\" \/>\n<script type=\"application\/ld+json\" class=\"yoast-schema-graph\">{\"@context\":\"https:\/\/schema.org\",\"@graph\":[{\"@type\":\"WebPage\",\"@id\":\"https:\/\/taboofashion.com\/hu\/shop\/james-nicholson-jn-1144-ferfi-kapucnis-dzseki\/\",\"url\":\"https:\/\/taboofashion.com\/hu\/shop\/james-nicholson-jn-1144-ferfi-kapucnis-dzseki\/\",\"name\":\"JN 1144 f\u00e9rfi kapucnis kab\u00e1t &#8211; Fashion shop\",\"isPartOf\":{\"@id\":\"https:\/\/taboofashion.com\/hu\/#website\"},\"datePublished\":\"2022-08-26T08:02:57+00:00\",\"dateModified\":\"2023-05-14T17:38:02+00:00\",\"breadcrumb\":{\"@id\":\"https:\/\/taboofashion.com\/hu\/shop\/james-nicholson-jn-1144-ferfi-kapucnis-dzseki\/#breadcrumb\"},\"inLanguage\":\"hu\",\"potentialAction\":[{\"@type\":\"ReadAction\",\"target\":[\"https:\/\/taboofashion.com\/hu\/shop\/james-nicholson-jn-1144-ferfi-kapucnis-dzseki\/\"]}]},{\"@type\":\"BreadcrumbList\",\"@id\":\"https:\/\/taboofashion.com\/hu\/shop\/james-nicholson-jn-1144-ferfi-kapucnis-dzseki\/#breadcrumb\",\"itemListElement\":[{\"@type\":\"ListItem\",\"position\":1,\"name\":\"Home\",\"item\":\"https:\/\/taboofashion.com\/hu\/\"},{\"@type\":\"ListItem\",\"position\":2,\"name\":\"Bolt\",\"item\":\"https:\/\/taboofashion.com\/hu\/\"},{\"@type\":\"ListItem\",\"position\":3,\"name\":\"JN 1144 f\u00e9rfi kapucnis kab\u00e1t\"}]},{\"@type\":\"WebSite\",\"@id\":\"https:\/\/taboofashion.com\/hu\/#website\",\"url\":\"https:\/\/taboofashion.com\/hu\/\",\"name\":\"Fashion shop\",\"description\":\"\",\"publisher\":{\"@id\":\"https:\/\/taboofashion.com\/hu\/#organization\"},\"potentialAction\":[{\"@type\":\"SearchAction\",\"target\":{\"@type\":\"EntryPoint\",\"urlTemplate\":\"https:\/\/taboofashion.com\/hu\/?s={search_term_string}\"},\"query-input\":\"required name=search_term_string\"}],\"inLanguage\":\"hu\"},{\"@type\":\"Organization\",\"@id\":\"https:\/\/taboofashion.com\/hu\/#organization\",\"name\":\"Taboo Slovakia s.r.o.\",\"url\":\"https:\/\/taboofashion.com\/hu\/\",\"logo\":{\"@type\":\"ImageObject\",\"inLanguage\":\"hu\",\"@id\":\"https:\/\/taboofashion.com\/hu\/#\/schema\/logo\/image\/\",\"url\":\"https:\/\/taboofashion.com\/wp-content\/uploads\/2022\/12\/taboologo2100-002.png\",\"contentUrl\":\"https:\/\/taboofashion.com\/wp-content\/uploads\/2022\/12\/taboologo2100-002.png\",\"width\":2100,\"height\":1050,\"caption\":\"Taboo Slovakia s.r.o.\"},\"image\":{\"@id\":\"https:\/\/taboofashion.com\/hu\/#\/schema\/logo\/image\/\"},\"sameAs\":[\"https:\/\/www.facebook.com\/TabooSlovakia\",\"https:\/\/www.linkedin.com\/company\/541747\/\",\"https:\/\/www.instagram.com\/taboofashion.com1\/\"]}]}<\/script>\n<meta property=\"product:brand\" content=\"James &amp; Nicholson\" \/>\n<meta property=\"og:availability\" content=\"instock\" \/>\n<meta property=\"product:availability\" content=\"instock\" \/>\n<meta property=\"product:retailer_item_id\" content=\"021144i6501\" \/>\n<meta property=\"product:condition\" content=\"new\" \/>\n<!-- \/ Yoast SEO plugin. -->","yoast_head_json":{"title":"JN 1144 f\u00e9rfi kapucnis kab\u00e1t &#8211; Fashion shop","robots":{"index":"index","follow":"follow","max-snippet":"max-snippet:-1","max-image-preview":"max-image-preview:large","max-video-preview":"max-video-preview:-1"},"canonical":"https:\/\/taboofashion.com\/hu\/shop\/james-nicholson-jn-1144-ferfi-kapucnis-dzseki\/","og_locale":"hu_HU","og_type":"article","og_title":"JN 1144 f\u00e9rfi kapucnis kab\u00e1t &#8211; Fashion shop","og_description":"380 g\/m\u00b2, 92% poli\u00e9szter, 8% elaszt\u00e1n","og_url":"https:\/\/taboofashion.com\/hu\/shop\/james-nicholson-jn-1144-ferfi-kapucnis-dzseki\/","og_site_name":"Fashion shop","article_publisher":"https:\/\/www.facebook.com\/TabooSlovakia","article_modified_time":"2023-05-14T17:38:02+00:00","og_image":[{"width":1000,"height":1000,"url":"https:\/\/taboofashion.com\/wp-content\/uploads\/2022\/08\/LS-02.1144-James-Nicholson-JN-1144-2.jpg","type":"image\/jpeg"}],"twitter_card":"summary_large_image","schema":{"@context":"https:\/\/schema.org","@graph":[{"@type":"WebPage","@id":"https:\/\/taboofashion.com\/hu\/shop\/james-nicholson-jn-1144-ferfi-kapucnis-dzseki\/","url":"https:\/\/taboofashion.com\/hu\/shop\/james-nicholson-jn-1144-ferfi-kapucnis-dzseki\/","name":"JN 1144 f\u00e9rfi kapucnis kab\u00e1t &#8211; Fashion shop","isPartOf":{"@id":"https:\/\/taboofashion.com\/hu\/#website"},"datePublished":"2022-08-26T08:02:57+00:00","dateModified":"2023-05-14T17:38:02+00:00","breadcrumb":{"@id":"https:\/\/taboofashion.com\/hu\/shop\/james-nicholson-jn-1144-ferfi-kapucnis-dzseki\/#breadcrumb"},"inLanguage":"hu","potentialAction":[{"@type":"ReadAction","target":["https:\/\/taboofashion.com\/hu\/shop\/james-nicholson-jn-1144-ferfi-kapucnis-dzseki\/"]}]},{"@type":"BreadcrumbList","@id":"https:\/\/taboofashion.com\/hu\/shop\/james-nicholson-jn-1144-ferfi-kapucnis-dzseki\/#breadcrumb","itemListElement":[{"@type":"ListItem","position":1,"name":"Home","item":"https:\/\/taboofashion.com\/hu\/"},{"@type":"ListItem","position":2,"name":"Bolt","item":"https:\/\/taboofashion.com\/hu\/"},{"@type":"ListItem","position":3,"name":"JN 1144 f\u00e9rfi kapucnis kab\u00e1t"}]},{"@type":"WebSite","@id":"https:\/\/taboofashion.com\/hu\/#website","url":"https:\/\/taboofashion.com\/hu\/","name":"Fashion shop","description":"","publisher":{"@id":"https:\/\/taboofashion.com\/hu\/#organization"},"potentialAction":[{"@type":"SearchAction","target":{"@type":"EntryPoint","urlTemplate":"https:\/\/taboofashion.com\/hu\/?s={search_term_string}"},"query-input":"required name=search_term_string"}],"inLanguage":"hu"},{"@type":"Organization","@id":"https:\/\/taboofashion.com\/hu\/#organization","name":"Taboo Slovakia s.r.o.","url":"https:\/\/taboofashion.com\/hu\/","logo":{"@type":"ImageObject","inLanguage":"hu","@id":"https:\/\/taboofashion.com\/hu\/#\/schema\/logo\/image\/","url":"https:\/\/taboofashion.com\/wp-content\/uploads\/2022\/12\/taboologo2100-002.png","contentUrl":"https:\/\/taboofashion.com\/wp-content\/uploads\/2022\/12\/taboologo2100-002.png","width":2100,"height":1050,"caption":"Taboo Slovakia s.r.o."},"image":{"@id":"https:\/\/taboofashion.com\/hu\/#\/schema\/logo\/image\/"},"sameAs":["https:\/\/www.facebook.com\/TabooSlovakia","https:\/\/www.linkedin.com\/company\/541747\/","https:\/\/www.instagram.com\/taboofashion.com1\/"]}]},"product_brand":"James &amp; Nicholson","og_availability":"instock","product_availability":"instock","product_retailer_item_id":"021144i6501","product_condition":"new"},"_links":{"self":[{"href":"https:\/\/taboofashion.com\/hu\/wp-json\/wp\/v2\/product\/689901","targetHints":{"allow":["GET"]}}],"collection":[{"href":"https:\/\/taboofashion.com\/hu\/wp-json\/wp\/v2\/product"}],"about":[{"href":"https:\/\/taboofashion.com\/hu\/wp-json\/wp\/v2\/types\/product"}],"wp:featuredmedia":[{"embeddable":true,"href":"https:\/\/taboofashion.com\/hu\/wp-json\/wp\/v2\/media\/609680"}],"wp:attachment":[{"href":"https:\/\/taboofashion.com\/hu\/wp-json\/wp\/v2\/media?parent=689901"}],"wp:term":[{"taxonomy":"product_cat","embeddable":true,"href":"https:\/\/taboofashion.com\/hu\/wp-json\/wp\/v2\/product_cat?post=689901"},{"taxonomy":"product_tag","embeddable":true,"href":"https:\/\/taboofashion.com\/hu\/wp-json\/wp\/v2\/product_tag?post=689901"}],"curies":[{"name":"wp","href":"https:\/\/api.w.org\/{rel}","templated":true}]}}