{"id":692803,"date":"2022-08-25T14:36:58","date_gmt":"2022-08-25T12:36:58","guid":{"rendered":"https:\/\/taboofashion.com\/shop\/james-nicholson-jn-657-men-v-nyak-pulover-ujjatlan\/"},"modified":"2023-05-15T00:16:27","modified_gmt":"2023-05-14T22:16:27","slug":"james-nicholson-jn-657-men-v-nyaku-ujjatlan-pulover","status":"publish","type":"product","link":"https:\/\/taboofashion.com\/hu\/shop\/james-nicholson-jn-657-men-v-nyaku-ujjatlan-pulover\/","title":{"rendered":"JN 657 Ujjatlan V-nyak\u00fa f\u00e9rfi pul\u00f3ver"},"content":{"rendered":"<p>V-nyak\u00fa, k\u00f6nny\u0171 k\u00f6t\u00f6tt min\u0151s\u00e9g, mos\u00f3g\u00e9pben moshat\u00f3<\/p>\n","protected":false},"excerpt":{"rendered":"<p>260 gsm, 100% pamut<\/p>\n","protected":false},"featured_media":608262,"template":"","meta":[],"product_cat":[3619],"product_tag":[],"class_list":{"0":"post-692803","1":"product","2":"type-product","3":"status-publish","4":"has-post-thumbnail","6":"product_cat-pulover","7":"pa_brand-james-nicholson-hu","8":"pa_colour-antracit-melange","9":"pa_colour-bordo-hu-2","10":"pa_colour-camel-hu","11":"pa_colour-erdo-zold","12":"pa_colour-fekete","13":"pa_colour-gleccserkek","14":"pa_colour-kiralyi-hu","15":"pa_colour-piros","16":"pa_colour-szurke-heviz-hu","17":"pa_colour-tengereszgyalogsag","18":"pa_colour-zold-2","19":"pa_size-s-hu","20":"pa_size-m-hu","21":"pa_size-l-hu","22":"pa_size-xl-hu","23":"pa_size-xxl-hu","24":"pa_size-3xl-hu","26":"first","27":"instock","28":"featured","29":"taxable","30":"shipping-taxable","31":"purchasable","32":"product-type-variable","33":"has-default-attributes"},"yoast_head":"<!-- This site is optimized with the Yoast SEO plugin v21.8 - https:\/\/yoast.com\/wordpress\/plugins\/seo\/ -->\n<title>JN 657 Ujjatlan V-nyak\u00fa f\u00e9rfi pul\u00f3ver &#8211; Fashion shop<\/title>\n<meta name=\"robots\" content=\"index, follow, max-snippet:-1, max-image-preview:large, max-video-preview:-1\" \/>\n<link rel=\"canonical\" href=\"https:\/\/taboofashion.com\/hu\/shop\/james-nicholson-jn-657-men-v-nyaku-ujjatlan-pulover\/\" \/>\n<meta property=\"og:locale\" content=\"hu_HU\" \/>\n<meta property=\"og:type\" content=\"article\" \/>\n<meta property=\"og:title\" content=\"JN 657 Ujjatlan V-nyak\u00fa f\u00e9rfi pul\u00f3ver &#8211; Fashion shop\" \/>\n<meta property=\"og:description\" content=\"260 gsm, 100% pamut\" \/>\n<meta property=\"og:url\" content=\"https:\/\/taboofashion.com\/hu\/shop\/james-nicholson-jn-657-men-v-nyaku-ujjatlan-pulover\/\" \/>\n<meta property=\"og:site_name\" content=\"Fashion shop\" \/>\n<meta property=\"article:publisher\" content=\"https:\/\/www.facebook.com\/TabooSlovakia\" \/>\n<meta property=\"article:modified_time\" content=\"2023-05-14T22:16:27+00:00\" \/>\n<meta property=\"og:image\" content=\"https:\/\/taboofashion.com\/wp-content\/uploads\/2022\/08\/LS-02.0657-James-Nicholson-JN-657-4.jpg\" \/>\n\t<meta property=\"og:image:width\" content=\"1000\" \/>\n\t<meta property=\"og:image:height\" content=\"1000\" \/>\n\t<meta property=\"og:image:type\" content=\"image\/jpeg\" \/>\n<meta name=\"twitter:card\" content=\"summary_large_image\" \/>\n<script type=\"application\/ld+json\" class=\"yoast-schema-graph\">{\"@context\":\"https:\/\/schema.org\",\"@graph\":[{\"@type\":\"WebPage\",\"@id\":\"https:\/\/taboofashion.com\/hu\/shop\/james-nicholson-jn-657-men-v-nyaku-ujjatlan-pulover\/\",\"url\":\"https:\/\/taboofashion.com\/hu\/shop\/james-nicholson-jn-657-men-v-nyaku-ujjatlan-pulover\/\",\"name\":\"JN 657 Ujjatlan V-nyak\u00fa f\u00e9rfi pul\u00f3ver &#8211; Fashion shop\",\"isPartOf\":{\"@id\":\"https:\/\/taboofashion.com\/hu\/#website\"},\"datePublished\":\"2022-08-25T12:36:58+00:00\",\"dateModified\":\"2023-05-14T22:16:27+00:00\",\"breadcrumb\":{\"@id\":\"https:\/\/taboofashion.com\/hu\/shop\/james-nicholson-jn-657-men-v-nyaku-ujjatlan-pulover\/#breadcrumb\"},\"inLanguage\":\"hu\",\"potentialAction\":[{\"@type\":\"ReadAction\",\"target\":[\"https:\/\/taboofashion.com\/hu\/shop\/james-nicholson-jn-657-men-v-nyaku-ujjatlan-pulover\/\"]}]},{\"@type\":\"BreadcrumbList\",\"@id\":\"https:\/\/taboofashion.com\/hu\/shop\/james-nicholson-jn-657-men-v-nyaku-ujjatlan-pulover\/#breadcrumb\",\"itemListElement\":[{\"@type\":\"ListItem\",\"position\":1,\"name\":\"Home\",\"item\":\"https:\/\/taboofashion.com\/hu\/\"},{\"@type\":\"ListItem\",\"position\":2,\"name\":\"Bolt\",\"item\":\"https:\/\/taboofashion.com\/hu\/\"},{\"@type\":\"ListItem\",\"position\":3,\"name\":\"JN 657 Ujjatlan V-nyak\u00fa f\u00e9rfi pul\u00f3ver\"}]},{\"@type\":\"WebSite\",\"@id\":\"https:\/\/taboofashion.com\/hu\/#website\",\"url\":\"https:\/\/taboofashion.com\/hu\/\",\"name\":\"Fashion shop\",\"description\":\"\",\"publisher\":{\"@id\":\"https:\/\/taboofashion.com\/hu\/#organization\"},\"potentialAction\":[{\"@type\":\"SearchAction\",\"target\":{\"@type\":\"EntryPoint\",\"urlTemplate\":\"https:\/\/taboofashion.com\/hu\/?s={search_term_string}\"},\"query-input\":\"required name=search_term_string\"}],\"inLanguage\":\"hu\"},{\"@type\":\"Organization\",\"@id\":\"https:\/\/taboofashion.com\/hu\/#organization\",\"name\":\"Taboo Slovakia s.r.o.\",\"url\":\"https:\/\/taboofashion.com\/hu\/\",\"logo\":{\"@type\":\"ImageObject\",\"inLanguage\":\"hu\",\"@id\":\"https:\/\/taboofashion.com\/hu\/#\/schema\/logo\/image\/\",\"url\":\"https:\/\/taboofashion.com\/wp-content\/uploads\/2022\/12\/taboologo2100-002.png\",\"contentUrl\":\"https:\/\/taboofashion.com\/wp-content\/uploads\/2022\/12\/taboologo2100-002.png\",\"width\":2100,\"height\":1050,\"caption\":\"Taboo Slovakia s.r.o.\"},\"image\":{\"@id\":\"https:\/\/taboofashion.com\/hu\/#\/schema\/logo\/image\/\"},\"sameAs\":[\"https:\/\/www.facebook.com\/TabooSlovakia\",\"https:\/\/www.linkedin.com\/company\/541747\/\",\"https:\/\/www.instagram.com\/taboofashion.com1\/\"]}]}<\/script>\n<meta property=\"product:brand\" content=\"James &amp; Nicholson\" \/>\n<meta property=\"og:availability\" content=\"instock\" \/>\n<meta property=\"product:availability\" content=\"instock\" \/>\n<meta property=\"product:retailer_item_id\" content=\"02065700201\" \/>\n<meta property=\"product:condition\" content=\"new\" \/>\n<!-- \/ Yoast SEO plugin. -->","yoast_head_json":{"title":"JN 657 Ujjatlan V-nyak\u00fa f\u00e9rfi pul\u00f3ver &#8211; Fashion shop","robots":{"index":"index","follow":"follow","max-snippet":"max-snippet:-1","max-image-preview":"max-image-preview:large","max-video-preview":"max-video-preview:-1"},"canonical":"https:\/\/taboofashion.com\/hu\/shop\/james-nicholson-jn-657-men-v-nyaku-ujjatlan-pulover\/","og_locale":"hu_HU","og_type":"article","og_title":"JN 657 Ujjatlan V-nyak\u00fa f\u00e9rfi pul\u00f3ver &#8211; Fashion shop","og_description":"260 gsm, 100% pamut","og_url":"https:\/\/taboofashion.com\/hu\/shop\/james-nicholson-jn-657-men-v-nyaku-ujjatlan-pulover\/","og_site_name":"Fashion shop","article_publisher":"https:\/\/www.facebook.com\/TabooSlovakia","article_modified_time":"2023-05-14T22:16:27+00:00","og_image":[{"width":1000,"height":1000,"url":"https:\/\/taboofashion.com\/wp-content\/uploads\/2022\/08\/LS-02.0657-James-Nicholson-JN-657-4.jpg","type":"image\/jpeg"}],"twitter_card":"summary_large_image","schema":{"@context":"https:\/\/schema.org","@graph":[{"@type":"WebPage","@id":"https:\/\/taboofashion.com\/hu\/shop\/james-nicholson-jn-657-men-v-nyaku-ujjatlan-pulover\/","url":"https:\/\/taboofashion.com\/hu\/shop\/james-nicholson-jn-657-men-v-nyaku-ujjatlan-pulover\/","name":"JN 657 Ujjatlan V-nyak\u00fa f\u00e9rfi pul\u00f3ver &#8211; Fashion shop","isPartOf":{"@id":"https:\/\/taboofashion.com\/hu\/#website"},"datePublished":"2022-08-25T12:36:58+00:00","dateModified":"2023-05-14T22:16:27+00:00","breadcrumb":{"@id":"https:\/\/taboofashion.com\/hu\/shop\/james-nicholson-jn-657-men-v-nyaku-ujjatlan-pulover\/#breadcrumb"},"inLanguage":"hu","potentialAction":[{"@type":"ReadAction","target":["https:\/\/taboofashion.com\/hu\/shop\/james-nicholson-jn-657-men-v-nyaku-ujjatlan-pulover\/"]}]},{"@type":"BreadcrumbList","@id":"https:\/\/taboofashion.com\/hu\/shop\/james-nicholson-jn-657-men-v-nyaku-ujjatlan-pulover\/#breadcrumb","itemListElement":[{"@type":"ListItem","position":1,"name":"Home","item":"https:\/\/taboofashion.com\/hu\/"},{"@type":"ListItem","position":2,"name":"Bolt","item":"https:\/\/taboofashion.com\/hu\/"},{"@type":"ListItem","position":3,"name":"JN 657 Ujjatlan V-nyak\u00fa f\u00e9rfi pul\u00f3ver"}]},{"@type":"WebSite","@id":"https:\/\/taboofashion.com\/hu\/#website","url":"https:\/\/taboofashion.com\/hu\/","name":"Fashion shop","description":"","publisher":{"@id":"https:\/\/taboofashion.com\/hu\/#organization"},"potentialAction":[{"@type":"SearchAction","target":{"@type":"EntryPoint","urlTemplate":"https:\/\/taboofashion.com\/hu\/?s={search_term_string}"},"query-input":"required name=search_term_string"}],"inLanguage":"hu"},{"@type":"Organization","@id":"https:\/\/taboofashion.com\/hu\/#organization","name":"Taboo Slovakia s.r.o.","url":"https:\/\/taboofashion.com\/hu\/","logo":{"@type":"ImageObject","inLanguage":"hu","@id":"https:\/\/taboofashion.com\/hu\/#\/schema\/logo\/image\/","url":"https:\/\/taboofashion.com\/wp-content\/uploads\/2022\/12\/taboologo2100-002.png","contentUrl":"https:\/\/taboofashion.com\/wp-content\/uploads\/2022\/12\/taboologo2100-002.png","width":2100,"height":1050,"caption":"Taboo Slovakia s.r.o."},"image":{"@id":"https:\/\/taboofashion.com\/hu\/#\/schema\/logo\/image\/"},"sameAs":["https:\/\/www.facebook.com\/TabooSlovakia","https:\/\/www.linkedin.com\/company\/541747\/","https:\/\/www.instagram.com\/taboofashion.com1\/"]}]},"product_brand":"James &amp; Nicholson","og_availability":"instock","product_availability":"instock","product_retailer_item_id":"02065700201","product_condition":"new"},"_links":{"self":[{"href":"https:\/\/taboofashion.com\/hu\/wp-json\/wp\/v2\/product\/692803","targetHints":{"allow":["GET"]}}],"collection":[{"href":"https:\/\/taboofashion.com\/hu\/wp-json\/wp\/v2\/product"}],"about":[{"href":"https:\/\/taboofashion.com\/hu\/wp-json\/wp\/v2\/types\/product"}],"wp:featuredmedia":[{"embeddable":true,"href":"https:\/\/taboofashion.com\/hu\/wp-json\/wp\/v2\/media\/608262"}],"wp:attachment":[{"href":"https:\/\/taboofashion.com\/hu\/wp-json\/wp\/v2\/media?parent=692803"}],"wp:term":[{"taxonomy":"product_cat","embeddable":true,"href":"https:\/\/taboofashion.com\/hu\/wp-json\/wp\/v2\/product_cat?post=692803"},{"taxonomy":"product_tag","embeddable":true,"href":"https:\/\/taboofashion.com\/hu\/wp-json\/wp\/v2\/product_tag?post=692803"}],"curies":[{"name":"wp","href":"https:\/\/api.w.org\/{rel}","templated":true}]}}