{"id":696261,"date":"2022-08-26T02:55:07","date_gmt":"2022-08-26T00:55:07","guid":{"rendered":"https:\/\/taboofashion.com\/shop\/james-nicholson-jn-886-workwear-softshell-padded-jacket-solid\/"},"modified":"2023-08-11T15:37:28","modified_gmt":"2023-08-11T13:37:28","slug":"james-nicholson-jn-886-workwear-softshell-padded-jacket-plain","status":"publish","type":"product","link":"https:\/\/taboofashion.com\/hu\/shop\/james-nicholson-jn-886-workwear-softshell-padded-jacket-plain\/","title":{"rendered":"JN 886 N\u0151i Munkaruh\u00e1zati Softshell kab\u00e1t &#8211; egysz\u00edn\u0171"},"content":{"rendered":"<p>Sz\u00e9l- \u00e9s v\u00edztasz\u00edt\u00f3 (2000 mm-es v\u00edzoszlop), l\u00e9g\u00e1tereszt\u0151 \u00e9s v\u00edzg\u0151z\u00e1tereszt\u0151 (2000 g\/m\u00b2 24 \u00f3ra alatt), \u00e1ll\u00f3gall\u00e9r puha gyapj\u00fa b\u00e9l\u00e9ssel, levehet\u0151, \u00e1ll\u00edthat\u00f3 kapucni, ergonomikusan form\u00e1zott ujjak, bels\u0151 mandzsetta, teljesen b\u00e9lelt, cipz\u00e1r sz\u00e9lv\u00e9d\u0151vel \u00e9s \u00e1llv\u00e9d\u0151vel, YKK cipz\u00e1rok, rejtett gombok \u00e9s cipz\u00e1rak, oldalzsebek \u00e9s cipz\u00e1ras bels\u0151 zseb, mellzseb laza zsebbel a k\u00f6nny\u0171 h\u00edmz\u00e9s \u00e9rdek\u00e9ben, k\u00fcl\u00f6nf\u00e9le bels\u0151 zsebek, hosszabb szab\u00e1s\u00fa, h\u00e1tul dekorat\u00edv ny\u00edl\u00e1s, robusztus ill. strapab\u00edr\u00f3 softshell anyag, f\u00e9nyvisszaver\u0151 elemek (v\u00e9d\u0151 funkci\u00f3 n\u00e9lk\u00fcl) a zsebeken, az ujjakon, a v\u00e1llakon \u00e9s a Move-on<\/p>\n","protected":false},"excerpt":{"rendered":"<p>100% poli\u00e9szter, b\u00e9l\u00e9s: 100% poli\u00e9szter, b\u00e9l\u00e9s: 100% poli\u00e9szter<\/p>\n","protected":false},"featured_media":609407,"template":"","meta":[],"product_cat":[3614,3625],"product_tag":[],"class_list":{"0":"post-696261","1":"product","2":"type-product","3":"status-publish","4":"has-post-thumbnail","6":"product_cat-dzsekik","7":"product_cat-munkaruha-vedoruhazat","8":"pa_brand-james-nicholson-hu","9":"pa_colour-fekete","10":"pa_colour-olivaolaj","11":"pa_colour-piros","12":"pa_colour-sotet-kiralyi","13":"pa_colour-szurke-hu","14":"pa_colour-tengereszgyalogsag","15":"pa_size-6xl-hu","16":"pa_size-xs-hu","17":"pa_size-s-hu","18":"pa_size-m-hu","19":"pa_size-l-hu","20":"pa_size-xl-hu","21":"pa_size-xxl-hu","22":"pa_size-3xl-hu","23":"pa_size-4xl-hu","24":"pa_size-5xl-hu","26":"first","27":"instock","28":"taxable","29":"shipping-taxable","30":"purchasable","31":"product-type-variable","32":"has-default-attributes"},"yoast_head":"<!-- This site is optimized with the Yoast SEO plugin v21.8 - https:\/\/yoast.com\/wordpress\/plugins\/seo\/ -->\n<title>JN 886 N\u0151i Munkaruh\u00e1zati Softshell kab\u00e1t - egysz\u00edn\u0171 &#8211; Fashion shop<\/title>\n<meta name=\"robots\" content=\"index, follow, max-snippet:-1, max-image-preview:large, max-video-preview:-1\" \/>\n<link rel=\"canonical\" href=\"https:\/\/taboofashion.com\/hu\/shop\/james-nicholson-jn-886-workwear-softshell-padded-jacket-plain\/\" \/>\n<meta property=\"og:locale\" content=\"hu_HU\" \/>\n<meta property=\"og:type\" content=\"article\" \/>\n<meta property=\"og:title\" content=\"JN 886 N\u0151i Munkaruh\u00e1zati Softshell kab\u00e1t - egysz\u00edn\u0171 &#8211; Fashion shop\" \/>\n<meta property=\"og:description\" content=\"100% poli\u00e9szter, b\u00e9l\u00e9s: 100% poli\u00e9szter, b\u00e9l\u00e9s: 100% poli\u00e9szter\" \/>\n<meta property=\"og:url\" content=\"https:\/\/taboofashion.com\/hu\/shop\/james-nicholson-jn-886-workwear-softshell-padded-jacket-plain\/\" \/>\n<meta property=\"og:site_name\" content=\"Fashion shop\" \/>\n<meta property=\"article:publisher\" content=\"https:\/\/www.facebook.com\/TabooSlovakia\" \/>\n<meta property=\"article:modified_time\" content=\"2023-08-11T13:37:28+00:00\" \/>\n<meta property=\"og:image\" content=\"https:\/\/taboofashion.com\/wp-content\/uploads\/2022\/08\/LS-02.0886-James-Nicholson-JN-886-1.jpg\" \/>\n\t<meta property=\"og:image:width\" content=\"1000\" \/>\n\t<meta property=\"og:image:height\" content=\"1000\" \/>\n\t<meta property=\"og:image:type\" content=\"image\/jpeg\" \/>\n<meta name=\"twitter:card\" content=\"summary_large_image\" \/>\n<script type=\"application\/ld+json\" class=\"yoast-schema-graph\">{\"@context\":\"https:\/\/schema.org\",\"@graph\":[{\"@type\":\"WebPage\",\"@id\":\"https:\/\/taboofashion.com\/hu\/shop\/james-nicholson-jn-886-workwear-softshell-padded-jacket-plain\/\",\"url\":\"https:\/\/taboofashion.com\/hu\/shop\/james-nicholson-jn-886-workwear-softshell-padded-jacket-plain\/\",\"name\":\"JN 886 N\u0151i Munkaruh\u00e1zati Softshell kab\u00e1t - egysz\u00edn\u0171 &#8211; Fashion shop\",\"isPartOf\":{\"@id\":\"https:\/\/taboofashion.com\/hu\/#website\"},\"datePublished\":\"2022-08-26T00:55:07+00:00\",\"dateModified\":\"2023-08-11T13:37:28+00:00\",\"breadcrumb\":{\"@id\":\"https:\/\/taboofashion.com\/hu\/shop\/james-nicholson-jn-886-workwear-softshell-padded-jacket-plain\/#breadcrumb\"},\"inLanguage\":\"hu\",\"potentialAction\":[{\"@type\":\"ReadAction\",\"target\":[\"https:\/\/taboofashion.com\/hu\/shop\/james-nicholson-jn-886-workwear-softshell-padded-jacket-plain\/\"]}]},{\"@type\":\"BreadcrumbList\",\"@id\":\"https:\/\/taboofashion.com\/hu\/shop\/james-nicholson-jn-886-workwear-softshell-padded-jacket-plain\/#breadcrumb\",\"itemListElement\":[{\"@type\":\"ListItem\",\"position\":1,\"name\":\"Home\",\"item\":\"https:\/\/taboofashion.com\/hu\/\"},{\"@type\":\"ListItem\",\"position\":2,\"name\":\"Bolt\",\"item\":\"https:\/\/taboofashion.com\/hu\/\"},{\"@type\":\"ListItem\",\"position\":3,\"name\":\"JN 886 N\u0151i Munkaruh\u00e1zati Softshell kab\u00e1t &#8211; egysz\u00edn\u0171\"}]},{\"@type\":\"WebSite\",\"@id\":\"https:\/\/taboofashion.com\/hu\/#website\",\"url\":\"https:\/\/taboofashion.com\/hu\/\",\"name\":\"Fashion shop\",\"description\":\"\",\"publisher\":{\"@id\":\"https:\/\/taboofashion.com\/hu\/#organization\"},\"potentialAction\":[{\"@type\":\"SearchAction\",\"target\":{\"@type\":\"EntryPoint\",\"urlTemplate\":\"https:\/\/taboofashion.com\/hu\/?s={search_term_string}\"},\"query-input\":\"required name=search_term_string\"}],\"inLanguage\":\"hu\"},{\"@type\":\"Organization\",\"@id\":\"https:\/\/taboofashion.com\/hu\/#organization\",\"name\":\"Taboo Slovakia s.r.o.\",\"url\":\"https:\/\/taboofashion.com\/hu\/\",\"logo\":{\"@type\":\"ImageObject\",\"inLanguage\":\"hu\",\"@id\":\"https:\/\/taboofashion.com\/hu\/#\/schema\/logo\/image\/\",\"url\":\"https:\/\/taboofashion.com\/wp-content\/uploads\/2022\/12\/taboologo2100-002.png\",\"contentUrl\":\"https:\/\/taboofashion.com\/wp-content\/uploads\/2022\/12\/taboologo2100-002.png\",\"width\":2100,\"height\":1050,\"caption\":\"Taboo Slovakia s.r.o.\"},\"image\":{\"@id\":\"https:\/\/taboofashion.com\/hu\/#\/schema\/logo\/image\/\"},\"sameAs\":[\"https:\/\/www.facebook.com\/TabooSlovakia\",\"https:\/\/www.linkedin.com\/company\/541747\/\",\"https:\/\/www.instagram.com\/taboofashion.com1\/\"]}]}<\/script>\n<meta property=\"product:brand\" content=\"James &amp; Nicholson\" \/>\n<meta property=\"og:availability\" content=\"instock\" \/>\n<meta property=\"product:availability\" content=\"instock\" \/>\n<meta property=\"product:retailer_item_id\" content=\"02088600200\" \/>\n<meta property=\"product:condition\" content=\"new\" \/>\n<!-- \/ Yoast SEO plugin. -->","yoast_head_json":{"title":"JN 886 N\u0151i Munkaruh\u00e1zati Softshell kab\u00e1t - egysz\u00edn\u0171 &#8211; Fashion shop","robots":{"index":"index","follow":"follow","max-snippet":"max-snippet:-1","max-image-preview":"max-image-preview:large","max-video-preview":"max-video-preview:-1"},"canonical":"https:\/\/taboofashion.com\/hu\/shop\/james-nicholson-jn-886-workwear-softshell-padded-jacket-plain\/","og_locale":"hu_HU","og_type":"article","og_title":"JN 886 N\u0151i Munkaruh\u00e1zati Softshell kab\u00e1t - egysz\u00edn\u0171 &#8211; Fashion shop","og_description":"100% poli\u00e9szter, b\u00e9l\u00e9s: 100% poli\u00e9szter, b\u00e9l\u00e9s: 100% poli\u00e9szter","og_url":"https:\/\/taboofashion.com\/hu\/shop\/james-nicholson-jn-886-workwear-softshell-padded-jacket-plain\/","og_site_name":"Fashion shop","article_publisher":"https:\/\/www.facebook.com\/TabooSlovakia","article_modified_time":"2023-08-11T13:37:28+00:00","og_image":[{"width":1000,"height":1000,"url":"https:\/\/taboofashion.com\/wp-content\/uploads\/2022\/08\/LS-02.0886-James-Nicholson-JN-886-1.jpg","type":"image\/jpeg"}],"twitter_card":"summary_large_image","schema":{"@context":"https:\/\/schema.org","@graph":[{"@type":"WebPage","@id":"https:\/\/taboofashion.com\/hu\/shop\/james-nicholson-jn-886-workwear-softshell-padded-jacket-plain\/","url":"https:\/\/taboofashion.com\/hu\/shop\/james-nicholson-jn-886-workwear-softshell-padded-jacket-plain\/","name":"JN 886 N\u0151i Munkaruh\u00e1zati Softshell kab\u00e1t - egysz\u00edn\u0171 &#8211; Fashion shop","isPartOf":{"@id":"https:\/\/taboofashion.com\/hu\/#website"},"datePublished":"2022-08-26T00:55:07+00:00","dateModified":"2023-08-11T13:37:28+00:00","breadcrumb":{"@id":"https:\/\/taboofashion.com\/hu\/shop\/james-nicholson-jn-886-workwear-softshell-padded-jacket-plain\/#breadcrumb"},"inLanguage":"hu","potentialAction":[{"@type":"ReadAction","target":["https:\/\/taboofashion.com\/hu\/shop\/james-nicholson-jn-886-workwear-softshell-padded-jacket-plain\/"]}]},{"@type":"BreadcrumbList","@id":"https:\/\/taboofashion.com\/hu\/shop\/james-nicholson-jn-886-workwear-softshell-padded-jacket-plain\/#breadcrumb","itemListElement":[{"@type":"ListItem","position":1,"name":"Home","item":"https:\/\/taboofashion.com\/hu\/"},{"@type":"ListItem","position":2,"name":"Bolt","item":"https:\/\/taboofashion.com\/hu\/"},{"@type":"ListItem","position":3,"name":"JN 886 N\u0151i Munkaruh\u00e1zati Softshell kab\u00e1t &#8211; egysz\u00edn\u0171"}]},{"@type":"WebSite","@id":"https:\/\/taboofashion.com\/hu\/#website","url":"https:\/\/taboofashion.com\/hu\/","name":"Fashion shop","description":"","publisher":{"@id":"https:\/\/taboofashion.com\/hu\/#organization"},"potentialAction":[{"@type":"SearchAction","target":{"@type":"EntryPoint","urlTemplate":"https:\/\/taboofashion.com\/hu\/?s={search_term_string}"},"query-input":"required name=search_term_string"}],"inLanguage":"hu"},{"@type":"Organization","@id":"https:\/\/taboofashion.com\/hu\/#organization","name":"Taboo Slovakia s.r.o.","url":"https:\/\/taboofashion.com\/hu\/","logo":{"@type":"ImageObject","inLanguage":"hu","@id":"https:\/\/taboofashion.com\/hu\/#\/schema\/logo\/image\/","url":"https:\/\/taboofashion.com\/wp-content\/uploads\/2022\/12\/taboologo2100-002.png","contentUrl":"https:\/\/taboofashion.com\/wp-content\/uploads\/2022\/12\/taboologo2100-002.png","width":2100,"height":1050,"caption":"Taboo Slovakia s.r.o."},"image":{"@id":"https:\/\/taboofashion.com\/hu\/#\/schema\/logo\/image\/"},"sameAs":["https:\/\/www.facebook.com\/TabooSlovakia","https:\/\/www.linkedin.com\/company\/541747\/","https:\/\/www.instagram.com\/taboofashion.com1\/"]}]},"product_brand":"James &amp; Nicholson","og_availability":"instock","product_availability":"instock","product_retailer_item_id":"02088600200","product_condition":"new"},"_links":{"self":[{"href":"https:\/\/taboofashion.com\/hu\/wp-json\/wp\/v2\/product\/696261","targetHints":{"allow":["GET"]}}],"collection":[{"href":"https:\/\/taboofashion.com\/hu\/wp-json\/wp\/v2\/product"}],"about":[{"href":"https:\/\/taboofashion.com\/hu\/wp-json\/wp\/v2\/types\/product"}],"wp:featuredmedia":[{"embeddable":true,"href":"https:\/\/taboofashion.com\/hu\/wp-json\/wp\/v2\/media\/609407"}],"wp:attachment":[{"href":"https:\/\/taboofashion.com\/hu\/wp-json\/wp\/v2\/media?parent=696261"}],"wp:term":[{"taxonomy":"product_cat","embeddable":true,"href":"https:\/\/taboofashion.com\/hu\/wp-json\/wp\/v2\/product_cat?post=696261"},{"taxonomy":"product_tag","embeddable":true,"href":"https:\/\/taboofashion.com\/hu\/wp-json\/wp\/v2\/product_tag?post=696261"}],"curies":[{"name":"wp","href":"https:\/\/api.w.org\/{rel}","templated":true}]}}