{"id":700510,"date":"2022-08-25T17:18:13","date_gmt":"2022-08-25T15:18:13","guid":{"rendered":"https:\/\/taboofashion.com\/shop\/james-nicholson-jn-736-men-v-neck-sport-polo\/"},"modified":"2023-05-14T23:25:05","modified_gmt":"2023-05-14T21:25:05","slug":"james-nicholson-jn-736-ferfi-v-nyak-sportpolo","status":"publish","type":"product","link":"https:\/\/taboofashion.com\/hu\/shop\/james-nicholson-jn-736-ferfi-v-nyak-sportpolo\/","title":{"rendered":"JN 736 f\u00e9rfi V-nyak\u00fa sportp\u00f3l\u00f3"},"content":{"rendered":"<p>Klasszikus szab\u00e1s\u00fa, l\u00e9g\u00e1tereszt\u0151, V-nyak\u00fa, nyakszalag, dupla t\u0171s varr\u00e1s a v\u00e1llakon \u00e9s a karlyukakon, gyorsan sz\u00e1rad\u00f3, TearAway c\u00edmke<\/p>\n","protected":false},"excerpt":{"rendered":"<p>150 g\/m\u00b2, 100 % poli\u00e9szter, Single-jersey<\/p>\n","protected":false},"featured_media":610107,"template":"","meta":[],"product_cat":[3629,3623],"product_tag":[7178],"class_list":{"0":"post-700510","1":"product","2":"type-product","3":"status-publish","4":"has-post-thumbnail","6":"product_cat-polok","7":"product_cat-sport-ruhazat","8":"product_tag-jn_02_0736_ferfiak","9":"pa_brand-james-nicholson-hu","10":"pa_colour-csendes-ocean","11":"pa_colour-feher","12":"pa_colour-fekete","13":"pa_colour-grenadine-hu-2","14":"pa_colour-kiralyi-hu","15":"pa_colour-konnyu-melange","16":"pa_colour-lila","17":"pa_colour-lime-zold","18":"pa_colour-narancs","19":"pa_colour-piros","20":"pa_colour-rozsaszin","21":"pa_colour-sarga-hu","22":"pa_colour-sotet-melange-hu","23":"pa_colour-tengereszgyalogsag","24":"pa_colour-turkizkek-hu","25":"pa_colour-zold-2","26":"pa_colour-ragyogo-sarga","27":"pa_size-s-hu","28":"pa_size-m-hu","29":"pa_size-l-hu","30":"pa_size-xl-hu","31":"pa_size-xxl-hu","32":"pa_size-3xl-hu","34":"first","35":"instock","36":"taxable","37":"shipping-taxable","38":"purchasable","39":"product-type-variable","40":"has-default-attributes"},"yoast_head":"<!-- This site is optimized with the Yoast SEO plugin v21.8 - https:\/\/yoast.com\/wordpress\/plugins\/seo\/ -->\n<title>JN 736 f\u00e9rfi V-nyak\u00fa sportp\u00f3l\u00f3 &#8211; Fashion shop<\/title>\n<meta name=\"robots\" content=\"index, follow, max-snippet:-1, max-image-preview:large, max-video-preview:-1\" \/>\n<link rel=\"canonical\" href=\"https:\/\/taboofashion.com\/hu\/shop\/james-nicholson-jn-736-ferfi-v-nyak-sportpolo\/\" \/>\n<meta property=\"og:locale\" content=\"hu_HU\" \/>\n<meta property=\"og:type\" content=\"article\" \/>\n<meta property=\"og:title\" content=\"JN 736 f\u00e9rfi V-nyak\u00fa sportp\u00f3l\u00f3 &#8211; Fashion shop\" \/>\n<meta property=\"og:description\" content=\"150 g\/m\u00b2, 100 % poli\u00e9szter, Single-jersey\" \/>\n<meta property=\"og:url\" content=\"https:\/\/taboofashion.com\/hu\/shop\/james-nicholson-jn-736-ferfi-v-nyak-sportpolo\/\" \/>\n<meta property=\"og:site_name\" content=\"Fashion shop\" \/>\n<meta property=\"article:publisher\" content=\"https:\/\/www.facebook.com\/TabooSlovakia\" \/>\n<meta property=\"article:modified_time\" content=\"2023-05-14T21:25:05+00:00\" \/>\n<meta property=\"og:image\" content=\"https:\/\/taboofashion.com\/wp-content\/uploads\/2022\/08\/JN_02_0736_Men.jpg\" \/>\n\t<meta property=\"og:image:width\" content=\"1000\" \/>\n\t<meta property=\"og:image:height\" content=\"1000\" \/>\n\t<meta property=\"og:image:type\" content=\"image\/jpeg\" \/>\n<meta name=\"twitter:card\" content=\"summary_large_image\" \/>\n<script type=\"application\/ld+json\" class=\"yoast-schema-graph\">{\"@context\":\"https:\/\/schema.org\",\"@graph\":[{\"@type\":\"WebPage\",\"@id\":\"https:\/\/taboofashion.com\/hu\/shop\/james-nicholson-jn-736-ferfi-v-nyak-sportpolo\/\",\"url\":\"https:\/\/taboofashion.com\/hu\/shop\/james-nicholson-jn-736-ferfi-v-nyak-sportpolo\/\",\"name\":\"JN 736 f\u00e9rfi V-nyak\u00fa sportp\u00f3l\u00f3 &#8211; Fashion shop\",\"isPartOf\":{\"@id\":\"https:\/\/taboofashion.com\/hu\/#website\"},\"datePublished\":\"2022-08-25T15:18:13+00:00\",\"dateModified\":\"2023-05-14T21:25:05+00:00\",\"breadcrumb\":{\"@id\":\"https:\/\/taboofashion.com\/hu\/shop\/james-nicholson-jn-736-ferfi-v-nyak-sportpolo\/#breadcrumb\"},\"inLanguage\":\"hu\",\"potentialAction\":[{\"@type\":\"ReadAction\",\"target\":[\"https:\/\/taboofashion.com\/hu\/shop\/james-nicholson-jn-736-ferfi-v-nyak-sportpolo\/\"]}]},{\"@type\":\"BreadcrumbList\",\"@id\":\"https:\/\/taboofashion.com\/hu\/shop\/james-nicholson-jn-736-ferfi-v-nyak-sportpolo\/#breadcrumb\",\"itemListElement\":[{\"@type\":\"ListItem\",\"position\":1,\"name\":\"Home\",\"item\":\"https:\/\/taboofashion.com\/hu\/\"},{\"@type\":\"ListItem\",\"position\":2,\"name\":\"Bolt\",\"item\":\"https:\/\/taboofashion.com\/hu\/\"},{\"@type\":\"ListItem\",\"position\":3,\"name\":\"JN 736 f\u00e9rfi V-nyak\u00fa sportp\u00f3l\u00f3\"}]},{\"@type\":\"WebSite\",\"@id\":\"https:\/\/taboofashion.com\/hu\/#website\",\"url\":\"https:\/\/taboofashion.com\/hu\/\",\"name\":\"Fashion shop\",\"description\":\"\",\"publisher\":{\"@id\":\"https:\/\/taboofashion.com\/hu\/#organization\"},\"potentialAction\":[{\"@type\":\"SearchAction\",\"target\":{\"@type\":\"EntryPoint\",\"urlTemplate\":\"https:\/\/taboofashion.com\/hu\/?s={search_term_string}\"},\"query-input\":\"required name=search_term_string\"}],\"inLanguage\":\"hu\"},{\"@type\":\"Organization\",\"@id\":\"https:\/\/taboofashion.com\/hu\/#organization\",\"name\":\"Taboo Slovakia s.r.o.\",\"url\":\"https:\/\/taboofashion.com\/hu\/\",\"logo\":{\"@type\":\"ImageObject\",\"inLanguage\":\"hu\",\"@id\":\"https:\/\/taboofashion.com\/hu\/#\/schema\/logo\/image\/\",\"url\":\"https:\/\/taboofashion.com\/wp-content\/uploads\/2022\/12\/taboologo2100-002.png\",\"contentUrl\":\"https:\/\/taboofashion.com\/wp-content\/uploads\/2022\/12\/taboologo2100-002.png\",\"width\":2100,\"height\":1050,\"caption\":\"Taboo Slovakia s.r.o.\"},\"image\":{\"@id\":\"https:\/\/taboofashion.com\/hu\/#\/schema\/logo\/image\/\"},\"sameAs\":[\"https:\/\/www.facebook.com\/TabooSlovakia\",\"https:\/\/www.linkedin.com\/company\/541747\/\",\"https:\/\/www.instagram.com\/taboofashion.com1\/\"]}]}<\/script>\n<meta property=\"product:brand\" content=\"James &amp; Nicholson\" \/>\n<meta property=\"og:availability\" content=\"instock\" \/>\n<meta property=\"product:availability\" content=\"instock\" \/>\n<meta property=\"product:retailer_item_id\" content=\"02073600101\" \/>\n<meta property=\"product:condition\" content=\"new\" \/>\n<!-- \/ Yoast SEO plugin. -->","yoast_head_json":{"title":"JN 736 f\u00e9rfi V-nyak\u00fa sportp\u00f3l\u00f3 &#8211; Fashion shop","robots":{"index":"index","follow":"follow","max-snippet":"max-snippet:-1","max-image-preview":"max-image-preview:large","max-video-preview":"max-video-preview:-1"},"canonical":"https:\/\/taboofashion.com\/hu\/shop\/james-nicholson-jn-736-ferfi-v-nyak-sportpolo\/","og_locale":"hu_HU","og_type":"article","og_title":"JN 736 f\u00e9rfi V-nyak\u00fa sportp\u00f3l\u00f3 &#8211; Fashion shop","og_description":"150 g\/m\u00b2, 100 % poli\u00e9szter, Single-jersey","og_url":"https:\/\/taboofashion.com\/hu\/shop\/james-nicholson-jn-736-ferfi-v-nyak-sportpolo\/","og_site_name":"Fashion shop","article_publisher":"https:\/\/www.facebook.com\/TabooSlovakia","article_modified_time":"2023-05-14T21:25:05+00:00","og_image":[{"width":1000,"height":1000,"url":"https:\/\/taboofashion.com\/wp-content\/uploads\/2022\/08\/JN_02_0736_Men.jpg","type":"image\/jpeg"}],"twitter_card":"summary_large_image","schema":{"@context":"https:\/\/schema.org","@graph":[{"@type":"WebPage","@id":"https:\/\/taboofashion.com\/hu\/shop\/james-nicholson-jn-736-ferfi-v-nyak-sportpolo\/","url":"https:\/\/taboofashion.com\/hu\/shop\/james-nicholson-jn-736-ferfi-v-nyak-sportpolo\/","name":"JN 736 f\u00e9rfi V-nyak\u00fa sportp\u00f3l\u00f3 &#8211; Fashion shop","isPartOf":{"@id":"https:\/\/taboofashion.com\/hu\/#website"},"datePublished":"2022-08-25T15:18:13+00:00","dateModified":"2023-05-14T21:25:05+00:00","breadcrumb":{"@id":"https:\/\/taboofashion.com\/hu\/shop\/james-nicholson-jn-736-ferfi-v-nyak-sportpolo\/#breadcrumb"},"inLanguage":"hu","potentialAction":[{"@type":"ReadAction","target":["https:\/\/taboofashion.com\/hu\/shop\/james-nicholson-jn-736-ferfi-v-nyak-sportpolo\/"]}]},{"@type":"BreadcrumbList","@id":"https:\/\/taboofashion.com\/hu\/shop\/james-nicholson-jn-736-ferfi-v-nyak-sportpolo\/#breadcrumb","itemListElement":[{"@type":"ListItem","position":1,"name":"Home","item":"https:\/\/taboofashion.com\/hu\/"},{"@type":"ListItem","position":2,"name":"Bolt","item":"https:\/\/taboofashion.com\/hu\/"},{"@type":"ListItem","position":3,"name":"JN 736 f\u00e9rfi V-nyak\u00fa sportp\u00f3l\u00f3"}]},{"@type":"WebSite","@id":"https:\/\/taboofashion.com\/hu\/#website","url":"https:\/\/taboofashion.com\/hu\/","name":"Fashion shop","description":"","publisher":{"@id":"https:\/\/taboofashion.com\/hu\/#organization"},"potentialAction":[{"@type":"SearchAction","target":{"@type":"EntryPoint","urlTemplate":"https:\/\/taboofashion.com\/hu\/?s={search_term_string}"},"query-input":"required name=search_term_string"}],"inLanguage":"hu"},{"@type":"Organization","@id":"https:\/\/taboofashion.com\/hu\/#organization","name":"Taboo Slovakia s.r.o.","url":"https:\/\/taboofashion.com\/hu\/","logo":{"@type":"ImageObject","inLanguage":"hu","@id":"https:\/\/taboofashion.com\/hu\/#\/schema\/logo\/image\/","url":"https:\/\/taboofashion.com\/wp-content\/uploads\/2022\/12\/taboologo2100-002.png","contentUrl":"https:\/\/taboofashion.com\/wp-content\/uploads\/2022\/12\/taboologo2100-002.png","width":2100,"height":1050,"caption":"Taboo Slovakia s.r.o."},"image":{"@id":"https:\/\/taboofashion.com\/hu\/#\/schema\/logo\/image\/"},"sameAs":["https:\/\/www.facebook.com\/TabooSlovakia","https:\/\/www.linkedin.com\/company\/541747\/","https:\/\/www.instagram.com\/taboofashion.com1\/"]}]},"product_brand":"James &amp; Nicholson","og_availability":"instock","product_availability":"instock","product_retailer_item_id":"02073600101","product_condition":"new"},"_links":{"self":[{"href":"https:\/\/taboofashion.com\/hu\/wp-json\/wp\/v2\/product\/700510","targetHints":{"allow":["GET"]}}],"collection":[{"href":"https:\/\/taboofashion.com\/hu\/wp-json\/wp\/v2\/product"}],"about":[{"href":"https:\/\/taboofashion.com\/hu\/wp-json\/wp\/v2\/types\/product"}],"wp:featuredmedia":[{"embeddable":true,"href":"https:\/\/taboofashion.com\/hu\/wp-json\/wp\/v2\/media\/610107"}],"wp:attachment":[{"href":"https:\/\/taboofashion.com\/hu\/wp-json\/wp\/v2\/media?parent=700510"}],"wp:term":[{"taxonomy":"product_cat","embeddable":true,"href":"https:\/\/taboofashion.com\/hu\/wp-json\/wp\/v2\/product_cat?post=700510"},{"taxonomy":"product_tag","embeddable":true,"href":"https:\/\/taboofashion.com\/hu\/wp-json\/wp\/v2\/product_tag?post=700510"}],"curies":[{"name":"wp","href":"https:\/\/api.w.org\/{rel}","templated":true}]}}