{"id":702837,"date":"2022-08-30T04:41:13","date_gmt":"2022-08-30T02:41:13","guid":{"rendered":"https:\/\/taboofashion.com\/shop\/premier-pr254-poplin-ing-hosszu-ujju-ginmill\/"},"modified":"2023-07-11T11:46:33","modified_gmt":"2023-07-11T09:46:33","slug":"premier-pr254-poplin-ing-hosszu-ujju-ginmill","status":"publish","type":"product","link":"https:\/\/taboofashion.com\/hu\/shop\/premier-pr254-poplin-ing-hosszu-ujju-ginmill\/","title":{"rendered":"PR254 Poplin F\u00e9rfi ing, hossz\u00fa ujj\u00fa \u201eGinmill\u201d"},"content":{"rendered":"<p>Enyh\u00e9n szabott fazon, keskeny puha gall\u00e9r, felhajtott ujjak f\u00fcles r\u00f6gz\u00edt\u00e9ssel \u00e9s gombbal a felkaron, 1 gombos mandzsetta, lekerek\u00edtett szeg\u00e9ly, kock\u00e1s kivitel, 40\u00b0-ban moshat\u00f3<\/p>\n","protected":false},"excerpt":{"rendered":"<p>115g\/m\u00b2, 100% pamut<\/p>\n","protected":false},"featured_media":608505,"template":"","meta":[],"product_cat":[3621],"product_tag":[],"class_list":{"0":"post-702837","1":"product","2":"type-product","3":"status-publish","4":"has-post-thumbnail","6":"product_cat-ingek","7":"pa_brand-premier-hu","8":"pa_colour-fekete-feher","9":"pa_size-s-hu","10":"pa_size-m-hu","11":"pa_size-l-hu","12":"pa_size-xl-hu","13":"pa_size-xxl-hu","14":"pa_size-3xl-hu","16":"first","17":"instock","18":"taxable","19":"shipping-taxable","20":"purchasable","21":"product-type-variable","22":"has-default-attributes"},"yoast_head":"<!-- This site is optimized with the Yoast SEO plugin v21.8 - https:\/\/yoast.com\/wordpress\/plugins\/seo\/ -->\n<title>PR254 Poplin F\u00e9rfi ing, hossz\u00fa ujj\u00fa \u201eGinmill\u201d &#8211; Fashion shop<\/title>\n<meta name=\"robots\" content=\"index, follow, max-snippet:-1, max-image-preview:large, max-video-preview:-1\" \/>\n<link rel=\"canonical\" href=\"https:\/\/taboofashion.com\/hu\/shop\/premier-pr254-poplin-ing-hosszu-ujju-ginmill\/\" \/>\n<meta property=\"og:locale\" content=\"hu_HU\" \/>\n<meta property=\"og:type\" content=\"article\" \/>\n<meta property=\"og:title\" content=\"PR254 Poplin F\u00e9rfi ing, hossz\u00fa ujj\u00fa \u201eGinmill\u201d &#8211; Fashion shop\" \/>\n<meta property=\"og:description\" content=\"115g\/m\u00b2, 100% pamut\" \/>\n<meta property=\"og:url\" content=\"https:\/\/taboofashion.com\/hu\/shop\/premier-pr254-poplin-ing-hosszu-ujju-ginmill\/\" \/>\n<meta property=\"og:site_name\" content=\"Fashion shop\" \/>\n<meta property=\"article:publisher\" content=\"https:\/\/www.facebook.com\/TabooSlovakia\" \/>\n<meta property=\"article:modified_time\" content=\"2023-07-11T09:46:33+00:00\" \/>\n<meta property=\"og:image\" content=\"https:\/\/taboofashion.com\/wp-content\/uploads\/2022\/08\/LS-39.0254-Premier-PR254-4.jpg\" \/>\n\t<meta property=\"og:image:width\" content=\"1000\" \/>\n\t<meta property=\"og:image:height\" content=\"1000\" \/>\n\t<meta property=\"og:image:type\" content=\"image\/jpeg\" \/>\n<meta name=\"twitter:card\" content=\"summary_large_image\" \/>\n<script type=\"application\/ld+json\" class=\"yoast-schema-graph\">{\"@context\":\"https:\/\/schema.org\",\"@graph\":[{\"@type\":\"WebPage\",\"@id\":\"https:\/\/taboofashion.com\/hu\/shop\/premier-pr254-poplin-ing-hosszu-ujju-ginmill\/\",\"url\":\"https:\/\/taboofashion.com\/hu\/shop\/premier-pr254-poplin-ing-hosszu-ujju-ginmill\/\",\"name\":\"PR254 Poplin F\u00e9rfi ing, hossz\u00fa ujj\u00fa \u201eGinmill\u201d &#8211; Fashion shop\",\"isPartOf\":{\"@id\":\"https:\/\/taboofashion.com\/hu\/#website\"},\"datePublished\":\"2022-08-30T02:41:13+00:00\",\"dateModified\":\"2023-07-11T09:46:33+00:00\",\"breadcrumb\":{\"@id\":\"https:\/\/taboofashion.com\/hu\/shop\/premier-pr254-poplin-ing-hosszu-ujju-ginmill\/#breadcrumb\"},\"inLanguage\":\"hu\",\"potentialAction\":[{\"@type\":\"ReadAction\",\"target\":[\"https:\/\/taboofashion.com\/hu\/shop\/premier-pr254-poplin-ing-hosszu-ujju-ginmill\/\"]}]},{\"@type\":\"BreadcrumbList\",\"@id\":\"https:\/\/taboofashion.com\/hu\/shop\/premier-pr254-poplin-ing-hosszu-ujju-ginmill\/#breadcrumb\",\"itemListElement\":[{\"@type\":\"ListItem\",\"position\":1,\"name\":\"Home\",\"item\":\"https:\/\/taboofashion.com\/hu\/\"},{\"@type\":\"ListItem\",\"position\":2,\"name\":\"Bolt\",\"item\":\"https:\/\/taboofashion.com\/hu\/\"},{\"@type\":\"ListItem\",\"position\":3,\"name\":\"PR254 Poplin F\u00e9rfi ing, hossz\u00fa ujj\u00fa \u201eGinmill\u201d\"}]},{\"@type\":\"WebSite\",\"@id\":\"https:\/\/taboofashion.com\/hu\/#website\",\"url\":\"https:\/\/taboofashion.com\/hu\/\",\"name\":\"Fashion shop\",\"description\":\"\",\"publisher\":{\"@id\":\"https:\/\/taboofashion.com\/hu\/#organization\"},\"potentialAction\":[{\"@type\":\"SearchAction\",\"target\":{\"@type\":\"EntryPoint\",\"urlTemplate\":\"https:\/\/taboofashion.com\/hu\/?s={search_term_string}\"},\"query-input\":\"required name=search_term_string\"}],\"inLanguage\":\"hu\"},{\"@type\":\"Organization\",\"@id\":\"https:\/\/taboofashion.com\/hu\/#organization\",\"name\":\"Taboo Slovakia s.r.o.\",\"url\":\"https:\/\/taboofashion.com\/hu\/\",\"logo\":{\"@type\":\"ImageObject\",\"inLanguage\":\"hu\",\"@id\":\"https:\/\/taboofashion.com\/hu\/#\/schema\/logo\/image\/\",\"url\":\"https:\/\/taboofashion.com\/wp-content\/uploads\/2022\/12\/taboologo2100-002.png\",\"contentUrl\":\"https:\/\/taboofashion.com\/wp-content\/uploads\/2022\/12\/taboologo2100-002.png\",\"width\":2100,\"height\":1050,\"caption\":\"Taboo Slovakia s.r.o.\"},\"image\":{\"@id\":\"https:\/\/taboofashion.com\/hu\/#\/schema\/logo\/image\/\"},\"sameAs\":[\"https:\/\/www.facebook.com\/TabooSlovakia\",\"https:\/\/www.linkedin.com\/company\/541747\/\",\"https:\/\/www.instagram.com\/taboofashion.com1\/\"]}]}<\/script>\n<meta property=\"product:brand\" content=\"Premier\" \/>\n<meta property=\"og:availability\" content=\"instock\" \/>\n<meta property=\"product:availability\" content=\"instock\" \/>\n<meta property=\"product:retailer_item_id\" content=\"39025498001\" \/>\n<meta property=\"product:condition\" content=\"new\" \/>\n<!-- \/ Yoast SEO plugin. -->","yoast_head_json":{"title":"PR254 Poplin F\u00e9rfi ing, hossz\u00fa ujj\u00fa \u201eGinmill\u201d &#8211; Fashion shop","robots":{"index":"index","follow":"follow","max-snippet":"max-snippet:-1","max-image-preview":"max-image-preview:large","max-video-preview":"max-video-preview:-1"},"canonical":"https:\/\/taboofashion.com\/hu\/shop\/premier-pr254-poplin-ing-hosszu-ujju-ginmill\/","og_locale":"hu_HU","og_type":"article","og_title":"PR254 Poplin F\u00e9rfi ing, hossz\u00fa ujj\u00fa \u201eGinmill\u201d &#8211; Fashion shop","og_description":"115g\/m\u00b2, 100% pamut","og_url":"https:\/\/taboofashion.com\/hu\/shop\/premier-pr254-poplin-ing-hosszu-ujju-ginmill\/","og_site_name":"Fashion shop","article_publisher":"https:\/\/www.facebook.com\/TabooSlovakia","article_modified_time":"2023-07-11T09:46:33+00:00","og_image":[{"width":1000,"height":1000,"url":"https:\/\/taboofashion.com\/wp-content\/uploads\/2022\/08\/LS-39.0254-Premier-PR254-4.jpg","type":"image\/jpeg"}],"twitter_card":"summary_large_image","schema":{"@context":"https:\/\/schema.org","@graph":[{"@type":"WebPage","@id":"https:\/\/taboofashion.com\/hu\/shop\/premier-pr254-poplin-ing-hosszu-ujju-ginmill\/","url":"https:\/\/taboofashion.com\/hu\/shop\/premier-pr254-poplin-ing-hosszu-ujju-ginmill\/","name":"PR254 Poplin F\u00e9rfi ing, hossz\u00fa ujj\u00fa \u201eGinmill\u201d &#8211; Fashion shop","isPartOf":{"@id":"https:\/\/taboofashion.com\/hu\/#website"},"datePublished":"2022-08-30T02:41:13+00:00","dateModified":"2023-07-11T09:46:33+00:00","breadcrumb":{"@id":"https:\/\/taboofashion.com\/hu\/shop\/premier-pr254-poplin-ing-hosszu-ujju-ginmill\/#breadcrumb"},"inLanguage":"hu","potentialAction":[{"@type":"ReadAction","target":["https:\/\/taboofashion.com\/hu\/shop\/premier-pr254-poplin-ing-hosszu-ujju-ginmill\/"]}]},{"@type":"BreadcrumbList","@id":"https:\/\/taboofashion.com\/hu\/shop\/premier-pr254-poplin-ing-hosszu-ujju-ginmill\/#breadcrumb","itemListElement":[{"@type":"ListItem","position":1,"name":"Home","item":"https:\/\/taboofashion.com\/hu\/"},{"@type":"ListItem","position":2,"name":"Bolt","item":"https:\/\/taboofashion.com\/hu\/"},{"@type":"ListItem","position":3,"name":"PR254 Poplin F\u00e9rfi ing, hossz\u00fa ujj\u00fa \u201eGinmill\u201d"}]},{"@type":"WebSite","@id":"https:\/\/taboofashion.com\/hu\/#website","url":"https:\/\/taboofashion.com\/hu\/","name":"Fashion shop","description":"","publisher":{"@id":"https:\/\/taboofashion.com\/hu\/#organization"},"potentialAction":[{"@type":"SearchAction","target":{"@type":"EntryPoint","urlTemplate":"https:\/\/taboofashion.com\/hu\/?s={search_term_string}"},"query-input":"required name=search_term_string"}],"inLanguage":"hu"},{"@type":"Organization","@id":"https:\/\/taboofashion.com\/hu\/#organization","name":"Taboo Slovakia s.r.o.","url":"https:\/\/taboofashion.com\/hu\/","logo":{"@type":"ImageObject","inLanguage":"hu","@id":"https:\/\/taboofashion.com\/hu\/#\/schema\/logo\/image\/","url":"https:\/\/taboofashion.com\/wp-content\/uploads\/2022\/12\/taboologo2100-002.png","contentUrl":"https:\/\/taboofashion.com\/wp-content\/uploads\/2022\/12\/taboologo2100-002.png","width":2100,"height":1050,"caption":"Taboo Slovakia s.r.o."},"image":{"@id":"https:\/\/taboofashion.com\/hu\/#\/schema\/logo\/image\/"},"sameAs":["https:\/\/www.facebook.com\/TabooSlovakia","https:\/\/www.linkedin.com\/company\/541747\/","https:\/\/www.instagram.com\/taboofashion.com1\/"]}]},"product_brand":"Premier","og_availability":"instock","product_availability":"instock","product_retailer_item_id":"39025498001","product_condition":"new"},"_links":{"self":[{"href":"https:\/\/taboofashion.com\/hu\/wp-json\/wp\/v2\/product\/702837","targetHints":{"allow":["GET"]}}],"collection":[{"href":"https:\/\/taboofashion.com\/hu\/wp-json\/wp\/v2\/product"}],"about":[{"href":"https:\/\/taboofashion.com\/hu\/wp-json\/wp\/v2\/types\/product"}],"wp:featuredmedia":[{"embeddable":true,"href":"https:\/\/taboofashion.com\/hu\/wp-json\/wp\/v2\/media\/608505"}],"wp:attachment":[{"href":"https:\/\/taboofashion.com\/hu\/wp-json\/wp\/v2\/media?parent=702837"}],"wp:term":[{"taxonomy":"product_cat","embeddable":true,"href":"https:\/\/taboofashion.com\/hu\/wp-json\/wp\/v2\/product_cat?post=702837"},{"taxonomy":"product_tag","embeddable":true,"href":"https:\/\/taboofashion.com\/hu\/wp-json\/wp\/v2\/product_tag?post=702837"}],"curies":[{"name":"wp","href":"https:\/\/api.w.org\/{rel}","templated":true}]}}