{"id":703087,"date":"2022-08-30T03:24:20","date_gmt":"2022-08-30T01:24:20","guid":{"rendered":"https:\/\/taboofashion.com\/shop\/premier-pr158-bib-koteny-hosszu-szinek\/"},"modified":"2023-03-03T16:51:08","modified_gmt":"2023-03-03T15:51:08","slug":"premier-pr158-bib-koteny-hosszu-szinek","status":"publish","type":"product","link":"https:\/\/taboofashion.com\/hu\/shop\/premier-pr158-bib-koteny-hosszu-szinek\/","title":{"rendered":"PR158 v\u00e1llp\u00e1ntos k\u00f6t\u00e9ny hossz\u00fa &#8222;Colours&#8221;"},"content":{"rendered":"<p>1 zseb tolltart\u00f3 zsebbel, zseb m\u00e9rete: 26&#215;21 cm, \u00f6nsz\u00f6vet megk\u00f6t\u0151: 90 cm hossz\u00fa, OEKO-TEX\u00ae standard 100, hossz: 80 cm, sz\u00e9less\u00e9g: 90 cm, k\u00f6nnyen kezelhet\u0151, ipari mos\u00e1s 85\u00b0-on moshat\u00f3, 60\u00b0-ban moshat\u00f3, sz\u00e1r\u00edt\u00f3g\u00e9pben sz\u00e1r\u00edthat\u00f3<\/p>\n","protected":false},"excerpt":{"rendered":"<p>195g\/m\u00b2, 65% poli\u00e9szter, 35% pamut-twill<\/p>\n","protected":false},"featured_media":609264,"template":"","meta":[],"product_cat":[3625],"product_tag":[],"class_list":{"0":"post-703087","1":"product","2":"type-product","3":"status-publish","4":"has-post-thumbnail","6":"product_cat-munkaruha-vedoruhazat","7":"pa_brand-premier-hu","8":"pa_colour-barna-hu","9":"pa_colour-bordo","10":"pa_colour-citrom","11":"pa_colour-ezust-2","12":"pa_colour-feher","13":"pa_colour-fekete","14":"pa_colour-forro-rozsaszin-hu","15":"pa_colour-fukszia","16":"pa_colour-khaki-hu","17":"pa_colour-kiralyi-hu","18":"pa_colour-kozepkek-hu-3","19":"pa_colour-lila","20":"pa_colour-lila-hu","21":"pa_colour-lime-hu","22":"pa_colour-napraforgo-hu","23":"pa_colour-narancs","24":"pa_colour-olivaolaj","25":"pa_colour-palack","26":"pa_colour-piros","27":"pa_colour-rozsaszin","28":"pa_colour-smaragd-hu","29":"pa_colour-sotetszurke","30":"pa_colour-tengereszgyalogsag","31":"pa_colour-termeszetes","32":"pa_colour-turkizkek-hu","33":"pa_colour-vilagoskek","34":"pa_colour-vizkek-hu","35":"pa_colour-zsalya","36":"pa_size-onesize-hu","38":"first","39":"instock","40":"taxable","41":"shipping-taxable","42":"purchasable","43":"product-type-variable","44":"has-default-attributes"},"yoast_head":"<!-- This site is optimized with the Yoast SEO plugin v21.8 - https:\/\/yoast.com\/wordpress\/plugins\/seo\/ -->\n<title>PR158 v\u00e1llp\u00e1ntos k\u00f6t\u00e9ny hossz\u00fa &quot;Colours&quot; &#8211; Fashion shop<\/title>\n<meta name=\"robots\" content=\"index, follow, max-snippet:-1, max-image-preview:large, max-video-preview:-1\" \/>\n<link rel=\"canonical\" href=\"https:\/\/taboofashion.com\/hu\/shop\/premier-pr158-bib-koteny-hosszu-szinek\/\" \/>\n<meta property=\"og:locale\" content=\"hu_HU\" \/>\n<meta property=\"og:type\" content=\"article\" \/>\n<meta property=\"og:title\" content=\"PR158 v\u00e1llp\u00e1ntos k\u00f6t\u00e9ny hossz\u00fa &quot;Colours&quot; &#8211; Fashion shop\" \/>\n<meta property=\"og:description\" content=\"195g\/m\u00b2, 65% poli\u00e9szter, 35% pamut-twill\" \/>\n<meta property=\"og:url\" content=\"https:\/\/taboofashion.com\/hu\/shop\/premier-pr158-bib-koteny-hosszu-szinek\/\" \/>\n<meta property=\"og:site_name\" content=\"Fashion shop\" \/>\n<meta property=\"article:publisher\" content=\"https:\/\/www.facebook.com\/TabooSlovakia\" \/>\n<meta property=\"article:modified_time\" content=\"2023-03-03T15:51:08+00:00\" \/>\n<meta property=\"og:image\" content=\"https:\/\/taboofashion.com\/wp-content\/uploads\/2022\/08\/LS-39.0158-Premier-PR158-1.jpg\" \/>\n\t<meta property=\"og:image:width\" content=\"1000\" \/>\n\t<meta property=\"og:image:height\" content=\"1000\" \/>\n\t<meta property=\"og:image:type\" content=\"image\/jpeg\" \/>\n<meta name=\"twitter:card\" content=\"summary_large_image\" \/>\n<script type=\"application\/ld+json\" class=\"yoast-schema-graph\">{\"@context\":\"https:\/\/schema.org\",\"@graph\":[{\"@type\":\"WebPage\",\"@id\":\"https:\/\/taboofashion.com\/hu\/shop\/premier-pr158-bib-koteny-hosszu-szinek\/\",\"url\":\"https:\/\/taboofashion.com\/hu\/shop\/premier-pr158-bib-koteny-hosszu-szinek\/\",\"name\":\"PR158 v\u00e1llp\u00e1ntos k\u00f6t\u00e9ny hossz\u00fa \\\"Colours\\\" &#8211; Fashion shop\",\"isPartOf\":{\"@id\":\"https:\/\/taboofashion.com\/hu\/#website\"},\"datePublished\":\"2022-08-30T01:24:20+00:00\",\"dateModified\":\"2023-03-03T15:51:08+00:00\",\"breadcrumb\":{\"@id\":\"https:\/\/taboofashion.com\/hu\/shop\/premier-pr158-bib-koteny-hosszu-szinek\/#breadcrumb\"},\"inLanguage\":\"hu\",\"potentialAction\":[{\"@type\":\"ReadAction\",\"target\":[\"https:\/\/taboofashion.com\/hu\/shop\/premier-pr158-bib-koteny-hosszu-szinek\/\"]}]},{\"@type\":\"BreadcrumbList\",\"@id\":\"https:\/\/taboofashion.com\/hu\/shop\/premier-pr158-bib-koteny-hosszu-szinek\/#breadcrumb\",\"itemListElement\":[{\"@type\":\"ListItem\",\"position\":1,\"name\":\"Home\",\"item\":\"https:\/\/taboofashion.com\/hu\/\"},{\"@type\":\"ListItem\",\"position\":2,\"name\":\"Bolt\",\"item\":\"https:\/\/taboofashion.com\/hu\/\"},{\"@type\":\"ListItem\",\"position\":3,\"name\":\"PR158 v\u00e1llp\u00e1ntos k\u00f6t\u00e9ny hossz\u00fa &#8222;Colours&#8221;\"}]},{\"@type\":\"WebSite\",\"@id\":\"https:\/\/taboofashion.com\/hu\/#website\",\"url\":\"https:\/\/taboofashion.com\/hu\/\",\"name\":\"Fashion shop\",\"description\":\"\",\"publisher\":{\"@id\":\"https:\/\/taboofashion.com\/hu\/#organization\"},\"potentialAction\":[{\"@type\":\"SearchAction\",\"target\":{\"@type\":\"EntryPoint\",\"urlTemplate\":\"https:\/\/taboofashion.com\/hu\/?s={search_term_string}\"},\"query-input\":\"required name=search_term_string\"}],\"inLanguage\":\"hu\"},{\"@type\":\"Organization\",\"@id\":\"https:\/\/taboofashion.com\/hu\/#organization\",\"name\":\"Taboo Slovakia s.r.o.\",\"url\":\"https:\/\/taboofashion.com\/hu\/\",\"logo\":{\"@type\":\"ImageObject\",\"inLanguage\":\"hu\",\"@id\":\"https:\/\/taboofashion.com\/hu\/#\/schema\/logo\/image\/\",\"url\":\"https:\/\/taboofashion.com\/wp-content\/uploads\/2022\/12\/taboologo2100-002.png\",\"contentUrl\":\"https:\/\/taboofashion.com\/wp-content\/uploads\/2022\/12\/taboologo2100-002.png\",\"width\":2100,\"height\":1050,\"caption\":\"Taboo Slovakia s.r.o.\"},\"image\":{\"@id\":\"https:\/\/taboofashion.com\/hu\/#\/schema\/logo\/image\/\"},\"sameAs\":[\"https:\/\/www.facebook.com\/TabooSlovakia\",\"https:\/\/www.linkedin.com\/company\/541747\/\",\"https:\/\/www.instagram.com\/taboofashion.com1\/\"]}]}<\/script>\n<meta property=\"product:brand\" content=\"Premier\" \/>\n<meta property=\"og:availability\" content=\"instock\" \/>\n<meta property=\"product:availability\" content=\"instock\" \/>\n<meta property=\"product:retailer_item_id\" content=\"39015800199\" \/>\n<meta property=\"product:condition\" content=\"new\" \/>\n<!-- \/ Yoast SEO plugin. -->","yoast_head_json":{"title":"PR158 v\u00e1llp\u00e1ntos k\u00f6t\u00e9ny hossz\u00fa \"Colours\" &#8211; Fashion shop","robots":{"index":"index","follow":"follow","max-snippet":"max-snippet:-1","max-image-preview":"max-image-preview:large","max-video-preview":"max-video-preview:-1"},"canonical":"https:\/\/taboofashion.com\/hu\/shop\/premier-pr158-bib-koteny-hosszu-szinek\/","og_locale":"hu_HU","og_type":"article","og_title":"PR158 v\u00e1llp\u00e1ntos k\u00f6t\u00e9ny hossz\u00fa \"Colours\" &#8211; Fashion shop","og_description":"195g\/m\u00b2, 65% poli\u00e9szter, 35% pamut-twill","og_url":"https:\/\/taboofashion.com\/hu\/shop\/premier-pr158-bib-koteny-hosszu-szinek\/","og_site_name":"Fashion shop","article_publisher":"https:\/\/www.facebook.com\/TabooSlovakia","article_modified_time":"2023-03-03T15:51:08+00:00","og_image":[{"width":1000,"height":1000,"url":"https:\/\/taboofashion.com\/wp-content\/uploads\/2022\/08\/LS-39.0158-Premier-PR158-1.jpg","type":"image\/jpeg"}],"twitter_card":"summary_large_image","schema":{"@context":"https:\/\/schema.org","@graph":[{"@type":"WebPage","@id":"https:\/\/taboofashion.com\/hu\/shop\/premier-pr158-bib-koteny-hosszu-szinek\/","url":"https:\/\/taboofashion.com\/hu\/shop\/premier-pr158-bib-koteny-hosszu-szinek\/","name":"PR158 v\u00e1llp\u00e1ntos k\u00f6t\u00e9ny hossz\u00fa \"Colours\" &#8211; Fashion shop","isPartOf":{"@id":"https:\/\/taboofashion.com\/hu\/#website"},"datePublished":"2022-08-30T01:24:20+00:00","dateModified":"2023-03-03T15:51:08+00:00","breadcrumb":{"@id":"https:\/\/taboofashion.com\/hu\/shop\/premier-pr158-bib-koteny-hosszu-szinek\/#breadcrumb"},"inLanguage":"hu","potentialAction":[{"@type":"ReadAction","target":["https:\/\/taboofashion.com\/hu\/shop\/premier-pr158-bib-koteny-hosszu-szinek\/"]}]},{"@type":"BreadcrumbList","@id":"https:\/\/taboofashion.com\/hu\/shop\/premier-pr158-bib-koteny-hosszu-szinek\/#breadcrumb","itemListElement":[{"@type":"ListItem","position":1,"name":"Home","item":"https:\/\/taboofashion.com\/hu\/"},{"@type":"ListItem","position":2,"name":"Bolt","item":"https:\/\/taboofashion.com\/hu\/"},{"@type":"ListItem","position":3,"name":"PR158 v\u00e1llp\u00e1ntos k\u00f6t\u00e9ny hossz\u00fa &#8222;Colours&#8221;"}]},{"@type":"WebSite","@id":"https:\/\/taboofashion.com\/hu\/#website","url":"https:\/\/taboofashion.com\/hu\/","name":"Fashion shop","description":"","publisher":{"@id":"https:\/\/taboofashion.com\/hu\/#organization"},"potentialAction":[{"@type":"SearchAction","target":{"@type":"EntryPoint","urlTemplate":"https:\/\/taboofashion.com\/hu\/?s={search_term_string}"},"query-input":"required name=search_term_string"}],"inLanguage":"hu"},{"@type":"Organization","@id":"https:\/\/taboofashion.com\/hu\/#organization","name":"Taboo Slovakia s.r.o.","url":"https:\/\/taboofashion.com\/hu\/","logo":{"@type":"ImageObject","inLanguage":"hu","@id":"https:\/\/taboofashion.com\/hu\/#\/schema\/logo\/image\/","url":"https:\/\/taboofashion.com\/wp-content\/uploads\/2022\/12\/taboologo2100-002.png","contentUrl":"https:\/\/taboofashion.com\/wp-content\/uploads\/2022\/12\/taboologo2100-002.png","width":2100,"height":1050,"caption":"Taboo Slovakia s.r.o."},"image":{"@id":"https:\/\/taboofashion.com\/hu\/#\/schema\/logo\/image\/"},"sameAs":["https:\/\/www.facebook.com\/TabooSlovakia","https:\/\/www.linkedin.com\/company\/541747\/","https:\/\/www.instagram.com\/taboofashion.com1\/"]}]},"product_brand":"Premier","og_availability":"instock","product_availability":"instock","product_retailer_item_id":"39015800199","product_condition":"new"},"_links":{"self":[{"href":"https:\/\/taboofashion.com\/hu\/wp-json\/wp\/v2\/product\/703087","targetHints":{"allow":["GET"]}}],"collection":[{"href":"https:\/\/taboofashion.com\/hu\/wp-json\/wp\/v2\/product"}],"about":[{"href":"https:\/\/taboofashion.com\/hu\/wp-json\/wp\/v2\/types\/product"}],"wp:featuredmedia":[{"embeddable":true,"href":"https:\/\/taboofashion.com\/hu\/wp-json\/wp\/v2\/media\/609264"}],"wp:attachment":[{"href":"https:\/\/taboofashion.com\/hu\/wp-json\/wp\/v2\/media?parent=703087"}],"wp:term":[{"taxonomy":"product_cat","embeddable":true,"href":"https:\/\/taboofashion.com\/hu\/wp-json\/wp\/v2\/product_cat?post=703087"},{"taxonomy":"product_tag","embeddable":true,"href":"https:\/\/taboofashion.com\/hu\/wp-json\/wp\/v2\/product_tag?post=703087"}],"curies":[{"name":"wp","href":"https:\/\/api.w.org\/{rel}","templated":true}]}}