{"id":703577,"date":"2022-08-29T23:21:30","date_gmt":"2022-08-29T21:21:30","guid":{"rendered":"https:\/\/taboofashion.com\/shop\/eredmeny-ujrahasznositott-r900f-holgyek-3-retegu-softshell-kabat-nyomtathato\/"},"modified":"2022-08-29T23:21:30","modified_gmt":"2022-08-29T21:21:30","slug":"eredmeny-ujrahasznositott-r900f-holgyek-3-retegu-softshell-kabat-nyomtathato","status":"publish","type":"product","link":"https:\/\/taboofashion.com\/hu\/shop\/eredmeny-ujrahasznositott-r900f-holgyek-3-retegu-softshell-kabat-nyomtathato\/","title":{"rendered":"R900F n\u0151i 3 r\u00e9teg\u0171 Softshell kab\u00e1t &#8222;Nyomtathat\u00f3&#8221;"},"content":{"rendered":"<p>V\u00edzleperget\u0151, \u00e1ll\u00f3gall\u00e9r, h\u00e1ts\u00f3 \u00e9s el\u00fcls\u0151 j\u00e1rom, nyitott kar mandzsetta, nyitott szeg\u00e9ly, YKK cipz\u00e1r \u00e1llv\u00e9d\u0151vel, 2 oldalzseb \u00e9s 1 cipz\u00e1ras mellzseb, form\u00e1z\u00f3 oldallapok \u00e9s testreszabott szab\u00e1s, akaszt\u00f3hurok, sz\u00e9l\u00e1ll\u00f3, f\u00e9nyvisszaver\u0151 cs\u0151 (v\u00e9d\u0151 funkci\u00f3 n\u00e9lk\u00fcl) el\u00f6l \u00e9s h\u00e1tul a v\u00e1llr\u00e9szen, semleges m\u00e9ret\u0171 c\u00edmke, 40\u00b0-on moshat\u00f3<\/p>\n","protected":false},"excerpt":{"rendered":"<p>300 g\/m\u00b2, k\u00edv\u00fcl: 100% TOPGREEN\u00ae \u00fajrahasznos\u00edtott poli\u00e9szter, k\u00f6z\u00e9ps\u0151 r\u00e9teg: TPU membr\u00e1n, v\u00edz\u00e1ll\u00f3 (8000 mm v\u00edzoszlop), sz\u00e9l\u00e1ll\u00f3, l\u00e9g\u00e1tereszt\u0151 (1000 g\/m\u00b2 24 \u00f3ra alatt), bel\u00fcl: 100% \u00fajrahasznos\u00edtott poli\u00e9szter mikropol\u00e1r<\/p>\n","protected":false},"featured_media":609461,"template":"","meta":[],"product_cat":[3614],"product_tag":[],"class_list":{"0":"post-703577","1":"product","2":"type-product","3":"status-publish","4":"has-post-thumbnail","6":"product_cat-dzsekik","7":"pa_brand-result-hu","8":"pa_colour-fekete","9":"pa_colour-tengereszgyalogsag","10":"pa_size-xs-hu","11":"pa_size-s-hu","12":"pa_size-m-hu","13":"pa_size-l-hu","14":"pa_size-xl-hu","15":"pa_size-xxl-hu","17":"first","18":"instock","19":"taxable","20":"shipping-taxable","21":"purchasable","22":"product-type-variable","23":"has-default-attributes"},"yoast_head":"<!-- This site is optimized with the Yoast SEO plugin v21.8 - https:\/\/yoast.com\/wordpress\/plugins\/seo\/ -->\n<title>R900F n\u0151i 3 r\u00e9teg\u0171 Softshell kab\u00e1t &quot;Nyomtathat\u00f3&quot; &#8211; Fashion shop<\/title>\n<meta name=\"robots\" content=\"index, follow, max-snippet:-1, max-image-preview:large, max-video-preview:-1\" \/>\n<link rel=\"canonical\" href=\"https:\/\/taboofashion.com\/hu\/shop\/eredmeny-ujrahasznositott-r900f-holgyek-3-retegu-softshell-kabat-nyomtathato\/\" \/>\n<meta property=\"og:locale\" content=\"hu_HU\" \/>\n<meta property=\"og:type\" content=\"article\" \/>\n<meta property=\"og:title\" content=\"R900F n\u0151i 3 r\u00e9teg\u0171 Softshell kab\u00e1t &quot;Nyomtathat\u00f3&quot; &#8211; Fashion shop\" \/>\n<meta property=\"og:description\" content=\"300 g\/m\u00b2, k\u00edv\u00fcl: 100% TOPGREEN\u00ae \u00fajrahasznos\u00edtott poli\u00e9szter, k\u00f6z\u00e9ps\u0151 r\u00e9teg: TPU membr\u00e1n, v\u00edz\u00e1ll\u00f3 (8000 mm v\u00edzoszlop), sz\u00e9l\u00e1ll\u00f3, l\u00e9g\u00e1tereszt\u0151 (1000 g\/m\u00b2 24 \u00f3ra alatt), bel\u00fcl: 100% \u00fajrahasznos\u00edtott poli\u00e9szter mikropol\u00e1r\" \/>\n<meta property=\"og:url\" content=\"https:\/\/taboofashion.com\/hu\/shop\/eredmeny-ujrahasznositott-r900f-holgyek-3-retegu-softshell-kabat-nyomtathato\/\" \/>\n<meta property=\"og:site_name\" content=\"Fashion shop\" \/>\n<meta property=\"article:publisher\" content=\"https:\/\/www.facebook.com\/TabooSlovakia\" \/>\n<meta name=\"twitter:card\" content=\"summary_large_image\" \/>\n<script type=\"application\/ld+json\" class=\"yoast-schema-graph\">{\"@context\":\"https:\/\/schema.org\",\"@graph\":[{\"@type\":\"WebPage\",\"@id\":\"https:\/\/taboofashion.com\/hu\/shop\/eredmeny-ujrahasznositott-r900f-holgyek-3-retegu-softshell-kabat-nyomtathato\/\",\"url\":\"https:\/\/taboofashion.com\/hu\/shop\/eredmeny-ujrahasznositott-r900f-holgyek-3-retegu-softshell-kabat-nyomtathato\/\",\"name\":\"R900F n\u0151i 3 r\u00e9teg\u0171 Softshell kab\u00e1t \\\"Nyomtathat\u00f3\\\" &#8211; Fashion shop\",\"isPartOf\":{\"@id\":\"https:\/\/taboofashion.com\/hu\/#website\"},\"datePublished\":\"2022-08-29T21:21:30+00:00\",\"dateModified\":\"2022-08-29T21:21:30+00:00\",\"breadcrumb\":{\"@id\":\"https:\/\/taboofashion.com\/hu\/shop\/eredmeny-ujrahasznositott-r900f-holgyek-3-retegu-softshell-kabat-nyomtathato\/#breadcrumb\"},\"inLanguage\":\"hu\",\"potentialAction\":[{\"@type\":\"ReadAction\",\"target\":[\"https:\/\/taboofashion.com\/hu\/shop\/eredmeny-ujrahasznositott-r900f-holgyek-3-retegu-softshell-kabat-nyomtathato\/\"]}]},{\"@type\":\"BreadcrumbList\",\"@id\":\"https:\/\/taboofashion.com\/hu\/shop\/eredmeny-ujrahasznositott-r900f-holgyek-3-retegu-softshell-kabat-nyomtathato\/#breadcrumb\",\"itemListElement\":[{\"@type\":\"ListItem\",\"position\":1,\"name\":\"Home\",\"item\":\"https:\/\/taboofashion.com\/hu\/\"},{\"@type\":\"ListItem\",\"position\":2,\"name\":\"Bolt\",\"item\":\"https:\/\/taboofashion.com\/hu\/\"},{\"@type\":\"ListItem\",\"position\":3,\"name\":\"R900F n\u0151i 3 r\u00e9teg\u0171 Softshell kab\u00e1t &#8222;Nyomtathat\u00f3&#8221;\"}]},{\"@type\":\"WebSite\",\"@id\":\"https:\/\/taboofashion.com\/hu\/#website\",\"url\":\"https:\/\/taboofashion.com\/hu\/\",\"name\":\"Fashion shop\",\"description\":\"\",\"publisher\":{\"@id\":\"https:\/\/taboofashion.com\/hu\/#organization\"},\"potentialAction\":[{\"@type\":\"SearchAction\",\"target\":{\"@type\":\"EntryPoint\",\"urlTemplate\":\"https:\/\/taboofashion.com\/hu\/?s={search_term_string}\"},\"query-input\":\"required name=search_term_string\"}],\"inLanguage\":\"hu\"},{\"@type\":\"Organization\",\"@id\":\"https:\/\/taboofashion.com\/hu\/#organization\",\"name\":\"Taboo Slovakia s.r.o.\",\"url\":\"https:\/\/taboofashion.com\/hu\/\",\"logo\":{\"@type\":\"ImageObject\",\"inLanguage\":\"hu\",\"@id\":\"https:\/\/taboofashion.com\/hu\/#\/schema\/logo\/image\/\",\"url\":\"https:\/\/taboofashion.com\/wp-content\/uploads\/2022\/12\/taboologo2100-002.png\",\"contentUrl\":\"https:\/\/taboofashion.com\/wp-content\/uploads\/2022\/12\/taboologo2100-002.png\",\"width\":2100,\"height\":1050,\"caption\":\"Taboo Slovakia s.r.o.\"},\"image\":{\"@id\":\"https:\/\/taboofashion.com\/hu\/#\/schema\/logo\/image\/\"},\"sameAs\":[\"https:\/\/www.facebook.com\/TabooSlovakia\",\"https:\/\/www.linkedin.com\/company\/541747\/\",\"https:\/\/www.instagram.com\/taboofashion.com1\/\"]}]}<\/script>\n<meta property=\"product:brand\" content=\"Result\" \/>\n<meta property=\"og:availability\" content=\"instock\" \/>\n<meta property=\"product:availability\" content=\"instock\" \/>\n<meta property=\"product:retailer_item_id\" content=\"30900F00200\" \/>\n<meta property=\"product:condition\" content=\"new\" \/>\n<!-- \/ Yoast SEO plugin. -->","yoast_head_json":{"title":"R900F n\u0151i 3 r\u00e9teg\u0171 Softshell kab\u00e1t \"Nyomtathat\u00f3\" &#8211; Fashion shop","robots":{"index":"index","follow":"follow","max-snippet":"max-snippet:-1","max-image-preview":"max-image-preview:large","max-video-preview":"max-video-preview:-1"},"canonical":"https:\/\/taboofashion.com\/hu\/shop\/eredmeny-ujrahasznositott-r900f-holgyek-3-retegu-softshell-kabat-nyomtathato\/","og_locale":"hu_HU","og_type":"article","og_title":"R900F n\u0151i 3 r\u00e9teg\u0171 Softshell kab\u00e1t \"Nyomtathat\u00f3\" &#8211; Fashion shop","og_description":"300 g\/m\u00b2, k\u00edv\u00fcl: 100% TOPGREEN\u00ae \u00fajrahasznos\u00edtott poli\u00e9szter, k\u00f6z\u00e9ps\u0151 r\u00e9teg: TPU membr\u00e1n, v\u00edz\u00e1ll\u00f3 (8000 mm v\u00edzoszlop), sz\u00e9l\u00e1ll\u00f3, l\u00e9g\u00e1tereszt\u0151 (1000 g\/m\u00b2 24 \u00f3ra alatt), bel\u00fcl: 100% \u00fajrahasznos\u00edtott poli\u00e9szter mikropol\u00e1r","og_url":"https:\/\/taboofashion.com\/hu\/shop\/eredmeny-ujrahasznositott-r900f-holgyek-3-retegu-softshell-kabat-nyomtathato\/","og_site_name":"Fashion shop","article_publisher":"https:\/\/www.facebook.com\/TabooSlovakia","twitter_card":"summary_large_image","schema":{"@context":"https:\/\/schema.org","@graph":[{"@type":"WebPage","@id":"https:\/\/taboofashion.com\/hu\/shop\/eredmeny-ujrahasznositott-r900f-holgyek-3-retegu-softshell-kabat-nyomtathato\/","url":"https:\/\/taboofashion.com\/hu\/shop\/eredmeny-ujrahasznositott-r900f-holgyek-3-retegu-softshell-kabat-nyomtathato\/","name":"R900F n\u0151i 3 r\u00e9teg\u0171 Softshell kab\u00e1t \"Nyomtathat\u00f3\" &#8211; Fashion shop","isPartOf":{"@id":"https:\/\/taboofashion.com\/hu\/#website"},"datePublished":"2022-08-29T21:21:30+00:00","dateModified":"2022-08-29T21:21:30+00:00","breadcrumb":{"@id":"https:\/\/taboofashion.com\/hu\/shop\/eredmeny-ujrahasznositott-r900f-holgyek-3-retegu-softshell-kabat-nyomtathato\/#breadcrumb"},"inLanguage":"hu","potentialAction":[{"@type":"ReadAction","target":["https:\/\/taboofashion.com\/hu\/shop\/eredmeny-ujrahasznositott-r900f-holgyek-3-retegu-softshell-kabat-nyomtathato\/"]}]},{"@type":"BreadcrumbList","@id":"https:\/\/taboofashion.com\/hu\/shop\/eredmeny-ujrahasznositott-r900f-holgyek-3-retegu-softshell-kabat-nyomtathato\/#breadcrumb","itemListElement":[{"@type":"ListItem","position":1,"name":"Home","item":"https:\/\/taboofashion.com\/hu\/"},{"@type":"ListItem","position":2,"name":"Bolt","item":"https:\/\/taboofashion.com\/hu\/"},{"@type":"ListItem","position":3,"name":"R900F n\u0151i 3 r\u00e9teg\u0171 Softshell kab\u00e1t &#8222;Nyomtathat\u00f3&#8221;"}]},{"@type":"WebSite","@id":"https:\/\/taboofashion.com\/hu\/#website","url":"https:\/\/taboofashion.com\/hu\/","name":"Fashion shop","description":"","publisher":{"@id":"https:\/\/taboofashion.com\/hu\/#organization"},"potentialAction":[{"@type":"SearchAction","target":{"@type":"EntryPoint","urlTemplate":"https:\/\/taboofashion.com\/hu\/?s={search_term_string}"},"query-input":"required name=search_term_string"}],"inLanguage":"hu"},{"@type":"Organization","@id":"https:\/\/taboofashion.com\/hu\/#organization","name":"Taboo Slovakia s.r.o.","url":"https:\/\/taboofashion.com\/hu\/","logo":{"@type":"ImageObject","inLanguage":"hu","@id":"https:\/\/taboofashion.com\/hu\/#\/schema\/logo\/image\/","url":"https:\/\/taboofashion.com\/wp-content\/uploads\/2022\/12\/taboologo2100-002.png","contentUrl":"https:\/\/taboofashion.com\/wp-content\/uploads\/2022\/12\/taboologo2100-002.png","width":2100,"height":1050,"caption":"Taboo Slovakia s.r.o."},"image":{"@id":"https:\/\/taboofashion.com\/hu\/#\/schema\/logo\/image\/"},"sameAs":["https:\/\/www.facebook.com\/TabooSlovakia","https:\/\/www.linkedin.com\/company\/541747\/","https:\/\/www.instagram.com\/taboofashion.com1\/"]}]},"product_brand":"Result","og_availability":"instock","product_availability":"instock","product_retailer_item_id":"30900F00200","product_condition":"new"},"_links":{"self":[{"href":"https:\/\/taboofashion.com\/hu\/wp-json\/wp\/v2\/product\/703577","targetHints":{"allow":["GET"]}}],"collection":[{"href":"https:\/\/taboofashion.com\/hu\/wp-json\/wp\/v2\/product"}],"about":[{"href":"https:\/\/taboofashion.com\/hu\/wp-json\/wp\/v2\/types\/product"}],"wp:featuredmedia":[{"embeddable":true,"href":"https:\/\/taboofashion.com\/hu\/wp-json\/wp\/v2\/media\/609461"}],"wp:attachment":[{"href":"https:\/\/taboofashion.com\/hu\/wp-json\/wp\/v2\/media?parent=703577"}],"wp:term":[{"taxonomy":"product_cat","embeddable":true,"href":"https:\/\/taboofashion.com\/hu\/wp-json\/wp\/v2\/product_cat?post=703577"},{"taxonomy":"product_tag","embeddable":true,"href":"https:\/\/taboofashion.com\/hu\/wp-json\/wp\/v2\/product_tag?post=703577"}],"curies":[{"name":"wp","href":"https:\/\/api.w.org\/{rel}","templated":true}]}}